{"id":59096,"date":"2024-07-15T09:32:25","date_gmt":"2024-07-15T08:32:25","guid":{"rendered":"https:\/\/wholesale.vinoos.nl\/?page_id=59096"},"modified":"2024-07-15T09:34:08","modified_gmt":"2024-07-15T08:34:08","slug":"versand-ind-rueckgaberichtlinien","status":"publish","type":"page","link":"https:\/\/wholesale.vinoos.nl\/de\/versand-ind-rueckgaberichtlinien\/","title":{"rendered":"Versand- ind R\u00fcckgaberichtlinien"},"content":{"rendered":"<p>[et_pb_section fb_built=&#8220;1&#8243; admin_label=&#8220;section&#8220; _builder_version=&#8220;4.16&#8243; global_colors_info=&#8220;{}&#8220;][et_pb_row column_structure=&#8220;1_5,3_5,1_5&#8243; admin_label=&#8220;row&#8220; _builder_version=&#8220;4.16&#8243; background_size=&#8220;initial&#8220; background_position=&#8220;top_left&#8220; background_repeat=&#8220;repeat&#8220; global_colors_info=&#8220;{}&#8220;][et_pb_column type=&#8220;1_5&#8243; _builder_version=&#8220;4.16&#8243; custom_padding=&#8220;|||&#8220; global_colors_info=&#8220;{}&#8220; custom_padding__hover=&#8220;|||&#8220;][\/et_pb_column][et_pb_column type=&#8220;3_5&#8243; _builder_version=&#8220;4.16&#8243; custom_padding=&#8220;|||&#8220; global_colors_info=&#8220;{}&#8220; custom_padding__hover=&#8220;|||&#8220;][et_pb_post_title _builder_version=&#8220;4.16&#8243; _module_preset=&#8220;default&#8220; global_colors_info=&#8220;{}&#8220;][\/et_pb_post_title][et_pb_text admin_label=&#8220;Text&#8220; _builder_version=&#8220;4.25.0&#8243; background_size=&#8220;initial&#8220; background_position=&#8220;top_left&#8220; background_repeat=&#8220;repeat&#8220; hover_enabled=&#8220;0&#8243; global_colors_info=&#8220;{}&#8220; sticky_enabled=&#8220;0&#8243;]<\/p>\n<p style=\"text-align: center;\"><b>VERSAND<br \/><\/b><span style=\"font-weight: 400;\">Wir bieten UPS und DPD Versand f\u00fcr nationale und europ\u00e4ische Bestellungen an. Die Versandkosten werden basierend auf Gewicht und Versandort berechnet.<\/span><\/p>\n<p style=\"text-align: center;\"><b>INTERNATIONALER VERSAND<br \/><\/b><span style=\"font-weight: 400;\">Wir k\u00f6nnen in fast jedes Land der Welt versenden. Die Versandkosten werden basierend auf der Gr\u00f6\u00dfe und dem Gewicht Ihrer Bestellu50ng berechnet. Bitte kontaktieren Sie uns, wenn Sie eine Bestellung aufgeben m\u00f6chten.<\/span><\/p>\n<p style=\"text-align: center;\"><b>R\u00dcCKSENDUNGEN<br \/><\/b>Wir bem\u00fchen uns, alle Informationen \u00fcber unsere Produkte bereitzustellen, aber bitte stellen Sie spezifische Fragen, bevor Sie bestellen. Wenn Sie mit Ihrem Kauf nicht zu 100% zufrieden sind, k\u00f6nnen Sie ihn f\u00fcr eine vollst\u00e4ndige R\u00fcckerstattung an uns zur\u00fccksenden. Senden Sie eine E-Mail an info@vinoosbyams.com innerhalb von 3 Tagen nach Erhalt des Artikels. Nach 3 Tagen k\u00f6nnen wir keine R\u00fcckerstattung oder Umtausch anbieten. Um f\u00fcr eine R\u00fccksendung berechtigt zu sein, m\u00fcssen die Artikel unbenutzt und in demselben Zustand sein, in dem Sie sie erhalten haben. Sie m\u00fcssen sich auch in der Originalverpackung befinden.<\/p>\n<p style=\"text-align: center;\"><b>NICHT R\u00dcCKGABEF\u00c4HIGE ARTIKEL<br \/><\/b>(Geschenk) Karten<br \/>Artikel, die als &#8222;Endverkauf&#8220; aufgef\u00fchrt sind<br \/>Displays<br \/>Um eine R\u00fccksendung abzuschlie\u00dfen, ben\u00f6tigen wir einen Beleg oder einen Kaufnachweis.<\/p>\n<p style=\"text-align: center;\"><b>R\u00dcCKERSTATTUNGEN<br \/><\/b>Sobald Ihre R\u00fccksendung eingegangen ist, werden wir Sie \u00fcber die Genehmigung oder Ablehnung der R\u00fcckerstattung informieren. Wenn sie genehmigt wird, wird die R\u00fcckerstattung verarbeitet und eine Gutschrift wird automatisch auf die urspr\u00fcngliche Zahlungsmethode angewendet.<\/p>\n<p style=\"text-align: center;\"><b>UMT\u00c4USCHE<br \/><\/b>Obwohl wir Vorsichtsma\u00dfnahmen treffen, um sicherzustellen, dass Ihre Bestellung in einwandfreiem Zustand ankommt, werden Artikel manchmal w\u00e4hrend des Transports besch\u00e4digt. Wir werden Artikel umtauschen, wenn sie extrem besch\u00e4digt oder defekt w\u00e4hrend des Transports sind. Wenn Sie einen defekten oder besch\u00e4digten Artikel umtauschen m\u00f6chten, senden Sie eine E-Mail an info@vinoosbyams.com.<\/p>\n<p style=\"text-align: center;\"><b>R\u00dcCKSENDEPORTO<br \/><\/b>Um Ihre Artikel zur\u00fcckzusenden, kontaktieren Sie uns bitte unter info@vinoosbyams.com, um eine R\u00fccksendegenehmigung zu erhalten. Der K\u00e4ufer tr\u00e4gt die Versandkosten im Zusammenhang mit der R\u00fccksendung der Artikel. Versandkosten sind nicht erstattungsf\u00e4hig. Wenn Sie eine R\u00fcckerstattung erhalten, werden die Versandkosten von Ihrer R\u00fcckerstattung abgezogen.<\/p>\n<p style=\"text-align: center;\"><span style=\"font-weight: 400;\">Je nachdem, wo Sie wohnen, kann es bis zu zwei Wochen dauern, bis Ihr umgetauschtes Produkt bei Ihnen ankommt.<\/span><\/p>\n<p style=\"text-align: center;\"><span style=\"font-weight: 400;\">Wenn Sie einen Artikel \u00fcber \u20ac50 oder $75 versenden, sollten Sie einen nachverfolgbaren Versandservice verwenden oder Versandversicherung kaufen. Andernfalls k\u00f6nnen wir nicht garantieren, dass wir den zur\u00fcckgesendeten Artikel erhalten.<\/span><\/p>\n<p>[\/et_pb_text][\/et_pb_column][et_pb_column type=&#8220;1_5&#8243; _builder_version=&#8220;4.16&#8243; custom_padding=&#8220;|||&#8220; global_colors_info=&#8220;{}&#8220; custom_padding__hover=&#8220;|||&#8220;][\/et_pb_column][\/et_pb_row][\/et_pb_section]<\/p>\n","protected":false},"excerpt":{"rendered":"<p>VERSANDWir bieten UPS und DPD Versand f\u00fcr nationale und europ\u00e4ische Bestellungen an. Die Versandkosten werden basierend auf Gewicht und Versandort berechnet. INTERNATIONALER VERSANDWir k\u00f6nnen in fast jedes Land der Welt versenden. Die Versandkosten werden basierend auf der Gr\u00f6\u00dfe und dem Gewicht Ihrer Bestellu50ng berechnet. Bitte kontaktieren Sie uns, wenn Sie eine Bestellung aufgeben m\u00f6chten. R\u00dcCKSENDUNGENWir [&hellip;]<\/p>\n","protected":false},"author":1,"featured_media":0,"parent":0,"menu_order":0,"comment_status":"closed","ping_status":"closed","template":"","meta":{"_acf_changed":false,"_et_pb_use_builder":"on","_et_pb_old_content":"<p>[et_pb_section fb_built=\"1\" admin_label=\"section\" _builder_version=\"4.5.1\" global_colors_info=\"{}\" da_is_popup=\"off\" da_exit_intent=\"off\" da_has_close=\"on\" da_alt_close=\"off\" da_dark_close=\"off\" da_not_modal=\"on\" da_is_singular=\"off\" da_with_loader=\"off\" da_has_shadow=\"on\" da_disable_devices=\"off|off|off\"][et_pb_row column_structure=\"1_5,3_5,1_5\" admin_label=\"row\" _builder_version=\"3.25\" background_size=\"initial\" background_position=\"top_left\" background_repeat=\"repeat\" global_colors_info=\"{}\"][et_pb_column type=\"1_5\" _builder_version=\"3.25\" custom_padding=\"|||\" global_colors_info=\"{}\" custom_padding__hover=\"|||\"][\/et_pb_column][et_pb_column type=\"3_5\" _builder_version=\"3.25\" custom_padding=\"|||\" global_colors_info=\"{}\" custom_padding__hover=\"|||\"][et_pb_post_title _builder_version=\"4.5.1\" _module_preset=\"default\" global_colors_info=\"{}\"][\/et_pb_post_title][et_pb_text admin_label=\"Text\" _builder_version=\"4.6.6\" background_size=\"initial\" background_position=\"top_left\" background_repeat=\"repeat\" global_colors_info=\"{}\"]<\/p><h2 style=\"text-align: center;\">SHIPPING<\/h2><p style=\"text-align: center;\">We offer UPS and DPD shipping for national and European orders. Rates are calculated based on weight and shipping location.<\/p><h2 style=\"text-align: center;\">INTERNATIONAL SHIPPING<\/h2><p style=\"text-align: center;\">We can ship to nearly every country in the world. Rates are calculated based on the size and weight of your order. Please contact us if you are interested in placing an order.<\/p><h2 style=\"text-align: center;\">RETURNS<\/h2><p style=\"text-align: center;\">We try our best to provide all the information necessary about our products, but please ask about specific concerns before ordering. If you are not 100% satisfied with your purchase you may return it to us for a full refund. Send an email to <a href=\"mailto:info@vinoosbyams.com\">info@vinoosbyams.com<\/a> within 3 days of receiving the item. After 3 days, we can\u2019t offer a refund or exchange.To be eligible for a return, the items must be unused and in the same condition that you received them. They must also be in the original packaging.<\/p><h2 style=\"text-align: center;\">NON-RETURNABLE ITEMS<\/h2><ul><li style=\"text-align: center;\">(Gift) Cards<\/li><li style=\"text-align: center;\">Items listed as \u201cFinal Sale\u201d<\/li><li style=\"text-align: center;\">Displays\u00a0<\/li><\/ul><p style=\"text-align: center;\">To complete a return, we require a receipt or proof of purchase.<\/p><h2 style=\"text-align: center;\">REFUNDS<\/h2><p style=\"text-align: center;\">Once your return is received we will notify you of the approval or rejection of the refund. If approved, the refund will be processed and a credit will automatically be applied to the original method of payment.<\/p><h2 style=\"text-align: center;\">EXCHANGES<\/h2><p style=\"text-align: center;\">While we take precautions to ensure your order arrives in perfect condition, items are sometimes damaged in transit. We will exchange items if they are extremely damaged in transit, or defective. If you would like to exchange a defective or damaged item, send an email to <a href=\"mailto:info@vinoosbyams.com.\u00a0\">info@vinoosbyams.com.\u00a0<\/a><\/p><h2 style=\"text-align: center;\">RETURN SHIPPING<\/h2><p style=\"text-align: center;\">To return your items, please contact us at <a href=\"mailto:info@vinoosbyams.com\">info@vinoosbyams.com<\/a> to receive a Return Authorization.<\/p><p style=\"text-align: center;\">The buyer is responsible for paying shipping costs related to returning the items. Shipping costs are non-refundable. If you receive a refund, the cost of shipping will be deducted from your refund.<\/p><p style=\"text-align: center;\">Depending on where you live, it can take up to two weeks for your exchanged product to reach you.<\/p><p style=\"text-align: center;\">If you are shipping an item over \u20ac50 or $75, you should consider using a trackable shipping service or purchasing shipping insurance. Otherwise, we can't guarantee that we will receive the returned item.<\/p><p>[\/et_pb_text][\/et_pb_column][et_pb_column type=\"1_5\" _builder_version=\"3.25\" custom_padding=\"|||\" global_colors_info=\"{}\" custom_padding__hover=\"|||\"][\/et_pb_column][\/et_pb_row][\/et_pb_section]<\/p>","_et_gb_content_width":"","inline_featured_image":false,"footnotes":""},"class_list":["post-59096","page","type-page","status-publish","hentry"],"acf":[],"_links":{"self":[{"href":"https:\/\/wholesale.vinoos.nl\/de\/wp-json\/wp\/v2\/pages\/59096","targetHints":{"allow":["GET"]}}],"collection":[{"href":"https:\/\/wholesale.vinoos.nl\/de\/wp-json\/wp\/v2\/pages"}],"about":[{"href":"https:\/\/wholesale.vinoos.nl\/de\/wp-json\/wp\/v2\/types\/page"}],"author":[{"embeddable":true,"href":"https:\/\/wholesale.vinoos.nl\/de\/wp-json\/wp\/v2\/users\/1"}],"replies":[{"embeddable":true,"href":"https:\/\/wholesale.vinoos.nl\/de\/wp-json\/wp\/v2\/comments?post=59096"}],"version-history":[{"count":3,"href":"https:\/\/wholesale.vinoos.nl\/de\/wp-json\/wp\/v2\/pages\/59096\/revisions"}],"predecessor-version":[{"id":59099,"href":"https:\/\/wholesale.vinoos.nl\/de\/wp-json\/wp\/v2\/pages\/59096\/revisions\/59099"}],"wp:attachment":[{"href":"https:\/\/wholesale.vinoos.nl\/de\/wp-json\/wp\/v2\/media?parent=59096"}],"curies":[{"name":"wp","href":"https:\/\/api.w.org\/{rel}","templated":true}]}}