{"id":59100,"date":"2024-07-15T09:37:03","date_gmt":"2024-07-15T08:37:03","guid":{"rendered":"https:\/\/wholesale.vinoos.nl\/?page_id=59100"},"modified":"2024-07-15T09:37:04","modified_gmt":"2024-07-15T08:37:04","slug":"datenschutzerklaerung","status":"publish","type":"page","link":"https:\/\/wholesale.vinoos.nl\/de\/datenschutzerklaerung\/","title":{"rendered":"Datenschutzerkl\u00e4rung"},"content":{"rendered":"<p>[et_pb_section][et_pb_row][et_pb_column type=&#8220;4_4&#8243;][et_pb_text]<\/p>\r\n\r\n<p><span style=\"font-weight: 400;\">Dies ist die Datenschutzerkl\u00e4rung von Vinoos BV.<br \/><\/span><span style=\"font-weight: 400;\">Rozenstraat 38, 6814EG, Arnhem<\/span><\/p>\r\n<p><span style=\"font-weight: 400;\">Postanschrift Sloetstraat 66-E6821 CW Arnhem<\/span><\/p>\r\n<p><span style=\"font-weight: 400;\">Telefon +31 ((0)628128351 E-Mail info@vinoos.nl<\/span><\/p>\r\n<p><b>PERSONENBEZOGENE DATEN<br \/><\/b>Vinoos BV verarbeitet personenbezogene Daten von Ihnen im Zusammenhang mit Eink\u00e4ufen, die Sie in unserem Webshop t\u00e4tigen.<br \/>Name und Adressdaten. Diese Daten werden verarbeitet, um Ihre Eink\u00e4ufe zu Ihnen nach Hause zu liefern.<br \/>Ihre E-Mail-Adresse und Telefonnummer verwenden wir, um mit Ihnen \u00fcber Ihre Eink\u00e4ufe zu kommunizieren.<br \/><span style=\"font-weight: 400;\">Ihre Bestellung<br \/><\/span><span style=\"font-weight: 400;\">Ihre Bankverbindung<\/span><\/p>\r\n<p><b>QUELLEN<br \/><\/b>Vinoos verwendet nur personenbezogene Daten, die Sie uns selbst mitgeteilt haben.<\/p>\r\n<p><b>AUTOMATISIERTE ENTSCHEIDUNGSFINDUNG<br \/><\/b>Vinoos BV nutzt keine automatisierte Entscheidungsfindung. Entscheidungen in Bezug auf Ihre Eink\u00e4ufe werden immer von Mitarbeitern von Vinoos BV getroffen.<\/p>\r\n<p><b>EMPFA\u0308NGER<br \/><\/b>Wir \u00fcbermitteln Ihre Bestellungen, Namen, Adressdaten und E-Mail-Adresse an Scalabor BV. Scalabor \u00fcbernimmt f\u00fcr uns die Verpackung und den Versand Ihrer Bestellung. Scalabor oder der Versender sendet Ihnen per E-Mail die Sendungsverfolgungsdaten Ihrer Bestellung.<\/p>\r\n<p><b>SICHERHEIT UND AUFBEWAHRUNG<br \/><\/b>Wir ergreifen angemessene Sicherheitsma\u00dfnahmen, um Missbrauch und unbefugten Zugriff auf Ihre personenbezogenen Daten zu verhindern. So stellen wir sicher, dass nur die erforderlichen Personen Zugriff auf die Daten haben, dass der Zugriff auf die Daten gesch\u00fctzt ist und dass unsere Sicherheitsma\u00dfnahmen regelm\u00e4\u00dfig \u00fcberpr\u00fcft werden.<\/p>\r\n<p><span style=\"font-weight: 400;\">Wir speichern Ihre Daten, um Sie \u00fcber neue Produkte und Entwicklungen in unserem Unternehmen auf dem Laufenden zu halten. Wenn Sie m\u00f6chten, dass Ihre Daten gel\u00f6scht werden, k\u00f6nnen Sie uns das mitteilen.<\/span><\/p>\r\n<p><span style=\"font-weight: 400;\">Ihre Rechte (Zugang, Berichtigung, Einschr\u00e4nkung der Verarbeitung)<\/span><\/p>\r\n<p><span style=\"font-weight: 400;\">Sie haben das Recht, die personenbezogenen Daten, die Vinoos BV von Ihnen verarbeitet, einzusehen. F\u00fcr den Zugriff auf Ihre Daten k\u00f6nnen Sie sich an mireille@vinoos.nl wenden.<\/span><\/p>\r\n<p><span style=\"font-weight: 400;\">Wenn Ihre personenbezogenen Daten unrichtig oder unvollst\u00e4ndig verarbeitet werden, haben Sie das Recht, die Berichtigung oder Vervollst\u00e4ndigung Ihrer personenbezogenen Daten zu verlangen. Solange ein Streit \u00fcber Ihre personenbezogenen Daten besteht, haben Sie das Recht, dass Vinoos Ihre personenbezogenen Daten nicht verarbeitet.<\/span><\/p>\r\n<p><b>DATENSCHUTZBEH\u00d6RDE<\/b>Wir helfen Ihnen gerne weiter, wenn Sie Beschwerden \u00fcber die Verarbeitung Ihrer personenbezogenen Daten haben. Sollten wir dennoch keine L\u00f6sung finden, haben Sie das Recht, eine Beschwerde bei der Datenschutzbeh\u00f6rde einzureichen. <a href=\"https:\/\/autoriteitpersoonsgegevens.nl\/\" target=\"_blank\" rel=\"noreferrer noopener\">https:\/\/autoriteitpersoonsgegevens.nl\/<\/a><\/p>\r\n\r\n<p>[\/et_pb_text][\/et_pb_column][\/et_pb_row][\/et_pb_section]<\/p>","protected":false},"excerpt":{"rendered":"<p>[et_pb_section][et_pb_row][et_pb_column type=&#8220;4_4&#8243;][et_pb_text] Dies ist die Datenschutzerkl\u00e4rung von Vinoos BV.Rozenstraat 38, 6814EG, Arnhem Postanschrift Sloetstraat 66-E6821 CW Arnhem Telefon +31 ((0)628128351 E-Mail info@vinoos.nl PERSONENBEZOGENE DATENVinoos BV verarbeitet personenbezogene Daten von Ihnen im Zusammenhang mit Eink\u00e4ufen, die Sie in unserem Webshop t\u00e4tigen.Name und Adressdaten. Diese Daten werden verarbeitet, um Ihre Eink\u00e4ufe zu Ihnen nach Hause zu liefern.Ihre [&hellip;]<\/p>\n","protected":false},"author":1,"featured_media":0,"parent":0,"menu_order":0,"comment_status":"closed","ping_status":"open","template":"","meta":{"_acf_changed":false,"_et_pb_use_builder":"off","_et_pb_old_content":"<p>[et_pb_section][et_pb_row][et_pb_column type=\"4_4\"][et_pb_text]<\/p>\r\n<!-- wp:paragraph -->\r\n<p>Dit is de privacyverklaring van Vinoos BV. Rozenstraat 38,6814EG, Arnhem<\/p>\r\n<!-- \/wp:paragraph --><!-- wp:paragraph -->\r\n<p>Postadres Sloetstraat 66-E6821 CW Arnhem<\/p>\r\n<!-- \/wp:paragraph --><!-- wp:paragraph -->\r\n<p>Telefoon +31 ((0)628128351 E-mail\u00a0<a href=\"mailto:info@vinoos.nl\">info@vinoos.nl<\/a><\/p>\r\n<!-- \/wp:paragraph --><!-- wp:heading -->\r\n<h2>PERSOONSGEGEVENS<\/h2>\r\n<!-- \/wp:heading --><!-- wp:paragraph -->\r\n<p>Vinoos BV verwerkt persoonsgegevens van u die verband houden met aankopen die u doet in onze webshop.<\/p>\r\n<!-- \/wp:paragraph --><!-- wp:list -->\r\n<ul>\r\n<li>Naam en adresgegevens. Deze gegevens worden verwerkt om uw aankopen bij u thuis te kunnen bezorgen.<\/li>\r\n<li>Uw e-mailadres en telefoonnummer gebruiken wij om met u te communiceren over uw aankopen.<\/li>\r\n<li>Uw bestelling<\/li>\r\n<li>Uw bankrekeningnummer<\/li>\r\n<\/ul>\r\n<!-- \/wp:list --><!-- wp:heading -->\r\n<h2>BRONNEN<\/h2>\r\n<!-- \/wp:heading --><!-- wp:paragraph -->\r\n<p>Vinoos maakt alleen gebruik van persoonsgegevens die u zelf aan ons heeft doorgegeven.<\/p>\r\n<!-- \/wp:paragraph --><!-- wp:heading -->\r\n<h2>GEAUTOMATISEERDE BESLUITVORMING<\/h2>\r\n<!-- \/wp:heading --><!-- wp:paragraph -->\r\n<p>Vinoos BV maakt geen gebruik van geautomatiseerde besluitvorming. Besluiten met betrekking tot uw aankopen worden altijd genomen door medewerkers van Vinoos BV.<\/p>\r\n<!-- \/wp:paragraph --><!-- wp:heading -->\r\n<h2>ONTVANGERS<\/h2>\r\n<!-- \/wp:heading --><!-- wp:paragraph -->\r\n<p>Wij geven uw bestellingen, naam, adresgegevens en e-mailadres door aan Scalabor BV. Scalabor verzorgt voor ons verpakking en verzending van uw bestelling. Scalabor of de verzender stuurt u per e-mail de track & trace-gegevens van uw bestelling.<\/p>\r\n<!-- \/wp:paragraph --><!-- wp:heading -->\r\n<h2>BEVEILIGEN EN BEWAREN<\/h2>\r\n<!-- \/wp:heading --><!-- wp:paragraph -->\r\n<p>Wij nemen passende beveiligingsmaatregelen om misbruik van en ongeautoriseerde toegang tot uw persoonsgegevens tegen te gaan. Zo zorgen wij ervoor dat alleen de noodzakelijke personen toegang hebben tot de gegevens, dat de toegang tot de gegevens afgeschermd is en dat onze veiligheidsmaatregelen regelmatig gecontroleerd worden. Wij bewaren uw gegevens om u op de hoogte te houden van nieuwe producten en ontwikkelingen binnen ons bedrijf. Indien u uw gegevens wilt laten verwijderen dan kunt u dat aan ons kenbaar maken.<\/p>\r\n<!-- \/wp:paragraph --><!-- wp:paragraph -->\r\n<p>Uw rechten (Inzage, Correctie, Beperking van verwerking)U heeft het recht om de persoonsgegevens die Vinoos BV van u verwerkt in te zien. Voor inzage van uw gegevens kunt u contact opnemen met\u00a0mireille@vinoos.nl.<\/p>\r\n<!-- \/wp:paragraph --><!-- wp:paragraph -->\r\n<p>Als uw persoonsgegevens onjuist of onvolledig verwerkt worden, heeft u recht op rectificatie of aanvulling van uw persoonsgegevens. Zolang er een geschil is met betrekking tot uw persoonsgegevens heeft u het recht dat Vinoos uw persoonsgegevens niet verwerkt.<\/p>\r\n<!-- \/wp:paragraph --><!-- wp:heading -->\r\n<h2>AUTORITEIT PERSOONSGEGEVENS<\/h2>\r\n<!-- \/wp:heading --><!-- wp:paragraph -->\r\n<p>Wij helpen u graag verder als u klachten hebt over de verwerking van uw persoonsgegevens. Mocht u er toch niet samen met ons uitkomen, dan hebt u het recht om een klacht in te dienen bij de Autoriteit Persoonsgegevens.\u00a0<a href=\"https:\/\/autoriteitpersoonsgegevens.nl\/\" target=\"_blank\" rel=\"noreferrer noopener\">https:\/\/autoriteitpersoonsgegevens.nl\/<\/a><\/p>\r\n<!-- \/wp:paragraph -->\r\n<p>[\/et_pb_text][\/et_pb_column][\/et_pb_row][\/et_pb_section]<\/p>","_et_gb_content_width":"","inline_featured_image":false,"footnotes":""},"class_list":["post-59100","page","type-page","status-publish","hentry"],"acf":[],"_links":{"self":[{"href":"https:\/\/wholesale.vinoos.nl\/de\/wp-json\/wp\/v2\/pages\/59100","targetHints":{"allow":["GET"]}}],"collection":[{"href":"https:\/\/wholesale.vinoos.nl\/de\/wp-json\/wp\/v2\/pages"}],"about":[{"href":"https:\/\/wholesale.vinoos.nl\/de\/wp-json\/wp\/v2\/types\/page"}],"author":[{"embeddable":true,"href":"https:\/\/wholesale.vinoos.nl\/de\/wp-json\/wp\/v2\/users\/1"}],"replies":[{"embeddable":true,"href":"https:\/\/wholesale.vinoos.nl\/de\/wp-json\/wp\/v2\/comments?post=59100"}],"version-history":[{"count":3,"href":"https:\/\/wholesale.vinoos.nl\/de\/wp-json\/wp\/v2\/pages\/59100\/revisions"}],"predecessor-version":[{"id":59103,"href":"https:\/\/wholesale.vinoos.nl\/de\/wp-json\/wp\/v2\/pages\/59100\/revisions\/59103"}],"wp:attachment":[{"href":"https:\/\/wholesale.vinoos.nl\/de\/wp-json\/wp\/v2\/media?parent=59100"}],"curies":[{"name":"wp","href":"https:\/\/api.w.org\/{rel}","templated":true}]}}