{"id":59104,"date":"2024-07-15T09:39:05","date_gmt":"2024-07-15T08:39:05","guid":{"rendered":"https:\/\/wholesale.vinoos.nl\/?page_id=59104"},"modified":"2024-07-15T09:42:26","modified_gmt":"2024-07-15T08:42:26","slug":"legal-disclaimer","status":"publish","type":"page","link":"https:\/\/wholesale.vinoos.nl\/de\/legal-disclaimer\/","title":{"rendered":"Legal Disclaimer"},"content":{"rendered":"[et_pb_section fb_built=&#8220;1&#8243; admin_label=&#8220;section&#8220; _builder_version=&#8220;4.16&#8243; global_colors_info=&#8220;{}&#8220;][et_pb_row column_structure=&#8220;1_5,3_5,1_5&#8243; admin_label=&#8220;row&#8220; _builder_version=&#8220;4.16&#8243; background_size=&#8220;initial&#8220; background_position=&#8220;top_left&#8220; background_repeat=&#8220;repeat&#8220; global_colors_info=&#8220;{}&#8220;][et_pb_column type=&#8220;1_5&#8243; _builder_version=&#8220;4.16&#8243; custom_padding=&#8220;|||&#8220; global_colors_info=&#8220;{}&#8220; custom_padding__hover=&#8220;|||&#8220;][\/et_pb_column][et_pb_column type=&#8220;3_5&#8243; _builder_version=&#8220;4.16&#8243; custom_padding=&#8220;|||&#8220; global_colors_info=&#8220;{}&#8220; custom_padding__hover=&#8220;|||&#8220;][et_pb_post_title _builder_version=&#8220;4.16&#8243; _module_preset=&#8220;default&#8220; global_colors_info=&#8220;{}&#8220;][\/et_pb_post_title][et_pb_text admin_label=&#8220;Text&#8220; _builder_version=&#8220;4.25.0&#8243; background_size=&#8220;initial&#8220; background_position=&#8220;top_left&#8220; background_repeat=&#8220;repeat&#8220; hover_enabled=&#8220;0&#8243; global_colors_info=&#8220;{}&#8220; sticky_enabled=&#8220;0&#8243;]<p><span style=\"font-weight: 400;\">Haftungsausschluss f\u00fcr<\/span>\u00a0<a href=\"vinoos.nl\">vinoos.nl<\/a>, <a href=\"vinoosbyams.com\">vinoosbyams.com<\/a> und <a href=\"therealwinegum.com\">therealwinegum.com<\/a><\/p>\n<p><span style=\"font-weight: 400;\">Vinoos BV mit der Handelsregisternummer 73592137 gew\u00e4hrt Ihnen hiermit Zugang zu<\/span>\u00a0<a href=\"vinoos.nl\">vinoos.nl<\/a>, <a href=\"vinoosbyams.com\">vinoosbyams.com<\/a> und <a href=\"therealwinegum.com\">therealwinegum.com<\/a> und ver\u00f6ffentlicht hier Informationen, Texte, Bilder und andere Materialien.<\/p>\n<p>Vinoos BV beh\u00e4lt sich das Recht vor, jederzeit den Inhalt anzupassen oder Teile davon zu entfernen, ohne Sie dar\u00fcber informieren zu m\u00fcssen.<\/p>\n<p>Die Informationen auf vinoos.nl, vinoosbyams.com und therealwinegum.com dienen nur zur Information und stellen kein konkretes Angebot zum Abschluss eines Vertrags dar. Vertr\u00e4ge kommen nur durch die Annahme eines als solchen bezeichneten Angebots von Vinoos BV zustande.<\/p>\n<h2><b>BESCHR\u00c4NKTE HAFTUNG<\/b><\/h2>\n<p>Vinoos BV bem\u00fcht sich, den Inhalt von vinoos.nl, vinoosbyams.com und therealwinegum.com so oft wie m\u00f6glich zu aktualisieren und\/oder zu erg\u00e4nzen. Trotz dieser Sorgfalt und Aufmerksamkeit k\u00f6nnen Inhalte unvollst\u00e4ndig und\/oder falsch sein.<\/p>\n<p>Die auf vinoos.nl, vinoosbyams.com und therealwinegum.com angebotenen Produkte werden ohne Gew\u00e4hr oder Anspruch auf Richtigkeit angeboten. F\u00fcr die Folgen von Tippfehlern und Programmierfehlern wird keine Haftung \u00fcbernommen. Aufgrund solcher Fehler kommt kein Vertrag zustande. Unsere Produkte k\u00f6nnen sich jederzeit ohne vorherige Mitteilung von Vinoos BV \u00e4ndern.<\/p>\n<p>F\u00fcr auf vinoos.nl, vinoosbyams.com und therealwinegum.com enthaltene Hyperlinks zu Websites oder Diensten Dritter \u00fcbernimmt Vinoos BV keine Haftung.<\/p>\n<p>Vinoos BV respektiert Ihre Privatsph\u00e4re. Zugriff auf die Registrierungen haben ausschlie\u00dflich die Personen, die von Vinoos BV im Rahmen ihrer Aufgaben dazu bestimmt wurden. Sofern Sie nicht ausdr\u00fccklich Ihre Zustimmung gegeben haben, wird Vinoos BV die Daten nicht an Dritte weitergeben, es sei denn, dies ist gesetzlich vorgeschrieben. Wir garantieren, dass die von Ihnen \u00fcber unsere Website bereitgestellten Informationen ausschlie\u00dflich dazu verwendet werden, Sie \u00fcber Vinoos BV und seine Produkte auf dem Laufenden zu halten.<\/p>\n<h2><b>URHEBERRECHTE<\/b><\/h2>\n<p>Die Websites vinoos.nl, vinoosbyams.com und therealwinegum.com sind Eigentum von Vinoos BV. Alle Rechte des geistigen Eigentums an den Websites und deren Inhalt geh\u00f6ren Vinoos BV und\/oder ihren Lizenzgebern.<br \/>Das Kopieren, Verbreiten und jede andere Verwendung dieser Materialien ist ohne schriftliche Genehmigung von Vinoos BV nicht gestattet, es sei denn, dies ist gesetzlich vorgeschrieben (wie etwa das Zitatrecht) oder bei spezifischen Materialien anders angegeben.<\/p>\n<p><b>Produktfotografie<\/b>:<br \/>Paul Theunis, N\/J Space Amsterdam <a href=\"nj-space.com\" target=\"_blank\" rel=\"noopener noreferrer\">nj-space.com<\/a> und Susanne Reuling Photography, <a href=\"susannereuling.nl\" target=\"_blank\" rel=\"noopener noreferrer\">susannereuling.nl<\/a><\/p>\n<p><b>Sonstiges<\/b><span style=\"font-weight: 400;\"><br \/><\/span><span style=\"font-weight: 400;\">Dieser Haftungsausschluss kann von Zeit zu Zeit ge\u00e4ndert werden.<\/span><\/p>\n<p>&nbsp;<\/p>\n<p><\/p>[\/et_pb_text][\/et_pb_column][et_pb_column type=&#8220;1_5&#8243; _builder_version=&#8220;4.16&#8243; custom_padding=&#8220;|||&#8220; global_colors_info=&#8220;{}&#8220; custom_padding__hover=&#8220;|||&#8220;][\/et_pb_column][\/et_pb_row][\/et_pb_section]<!-- \/wp:post-content -->","protected":false},"excerpt":{"rendered":"<p>Haftungsausschluss f\u00fcr\u00a0vinoos.nl, vinoosbyams.com und therealwinegum.com Vinoos BV mit der Handelsregisternummer 73592137 gew\u00e4hrt Ihnen hiermit Zugang zu\u00a0vinoos.nl, vinoosbyams.com und therealwinegum.com und ver\u00f6ffentlicht hier Informationen, Texte, Bilder und andere Materialien. Vinoos BV beh\u00e4lt sich das Recht vor, jederzeit den Inhalt anzupassen oder Teile davon zu entfernen, ohne Sie dar\u00fcber informieren zu m\u00fcssen. Die Informationen auf vinoos.nl, vinoosbyams.com [&hellip;]<\/p>\n","protected":false},"author":1,"featured_media":0,"parent":0,"menu_order":0,"comment_status":"closed","ping_status":"closed","template":"","meta":{"_acf_changed":false,"_et_pb_use_builder":"on","_et_pb_old_content":"<p>[et_pb_section fb_built=\"1\" admin_label=\"section\" _builder_version=\"4.5.1\"][et_pb_row column_structure=\"1_5,3_5,1_5\" admin_label=\"row\" _builder_version=\"3.25\" background_size=\"initial\" background_position=\"top_left\" background_repeat=\"repeat\"][et_pb_column type=\"1_5\" _builder_version=\"3.25\" custom_padding=\"|||\" custom_padding__hover=\"|||\"][\/et_pb_column][et_pb_column type=\"3_5\" _builder_version=\"3.25\" custom_padding=\"|||\" custom_padding__hover=\"|||\"][et_pb_post_title _builder_version=\"4.5.1\" _module_preset=\"default\"][\/et_pb_post_title][et_pb_text admin_label=\"Text\" _builder_version=\"4.6.6\" background_size=\"initial\" background_position=\"top_left\" background_repeat=\"repeat\" hover_enabled=\"0\" sticky_enabled=\"0\"]<\/p><p>Disclaimer voor <a href=\"vinoos.nl\">vinoos.nl<\/a>, <a href=\"vinoosbyams.com\">vinoosbyams.com<\/a> and <a href=\"therealwinegum.com\">therealwinegum.com<\/a><\/p><p>Vinoos BV met KvK nr 73592137), verleent u hierbij toegang tot\u00a0<a href=\"vinoos.nl\">vinoos.nl<\/a>, <a href=\"vinoosbyams.com\">vinoosbyams.com<\/a> en <a href=\"therealwinegum.com\">therealwinegum.com<\/a>\u00a0en publiceert hier ter informatie teksten, afbeeldingen en andere materialen.<\/p><p>Vinoos BV behoudt zich daarbij het recht voor op elk moment de inhoud aan te passen of onderdelen te verwijderen zonder daarover aan u mededeling te hoeven doen.<\/p><p>De informatie op\u00a0<a href=\"vinoos.nl\">vinoos.nl<\/a>, <a href=\"vinoosbyams.com\">vinoosbyams.com<\/a> en <a href=\"therealwinegum.com\">therealwinegum.com<\/a>\u00a0is bedoeld als vrijblijvend en niet als een concreet aanbod om een overeenkomst te sluiten. Overeenkomsten worden alleen gesloten door aanvaarding van een als zodanig aangeduide offerte van Vinoos BV.<\/p><h2>Beperkte aansprakelijkheid<\/h2><p>Vinoos BV spant zich in om de inhoud van\u00a0<a href=\"vinoos.nl\">vinoos.nl<\/a>, <a href=\"vinoosbyams.com\">vinoosbyams.com<\/a> en <a href=\"therealwinegum.com\">therealwinegum.com<\/a>\u00a0zo vaak mogelijk te actualiseren en\/of aan te vullen. Ondanks deze zorg en aandacht is het mogelijk dat inhoud onvolledig en\/of onjuist is.<\/p><p>De op\u00a0vinoos.nl, vinoosbyams.com en therealwinegum.com\u00a0aangeboden producten worden aangeboden zonder enige vorm van garantie of aanspraak op juistheid. Voor de gevolgen van typ- en programmeerfouten wordt geen aansprakelijkheid aanvaard. Geen overeenkomst komt tot stand op basis van dergelijke fouten. Onze producten kunnen op elk moment wijzigen zonder voorafgaande mededeling van Vinoos BV.<\/p><p>Voor op\u00a0vinoos.nl, vinoosbyams.com en therealwinegum.com\u00a0opgenomen hyperlinks naar websites of diensten van derden kan Vinoos BV nimmer aansprakelijkheid aanvaarden.<\/p><p>Vinoos BV respecteert uw privacy. Toegang tot de registraties hebben uitsluitend die personen die hiertoe door Vinoos BV zijn aangewezen binnen het kader van de aan hun opgedragen taken. Tenzij u daarvoor uitdrukkelijk uw toestemming heeft verleend, zal Vinoos BV de gegevens niet aan derden ter beschikking stellen, behalve voor zover zij daartoe krachtens wettelijke voorschrift wordt genoodzaakt. Wij garanderen dat de informatie die u verstrekt via onze website uitsluitend wordt gebruikt om u op de hoogte te houden van Vinoos BV en haar producten.<\/p><h2>Auteursrechten<\/h2><p>De websites\u00a0vinoos.nl, vinoosbyams.com en therealwinegum.com\u00a0zijn eigendom van Vinoos BV. Alle rechten van intellectuele eigendom betreffende de websites en de inhoud daarvan behoren toe aan Vinoos BV en\/of haar licentiegevers.<br \/>Kopi\u00ebren, verspreiden en elk ander gebruik van deze materialen is niet toegestaan zonder schriftelijke toestemming van Vinoos BV, behoudens en slechts voor zover anders bepaald in regelingen van dwingend recht (zoals citaatrecht), tenzij bij specifieke materialen anders aangegeven is.<\/p><p><strong>Productfotografie<\/strong>: Paul Theunis, N\/J Space Amsterdam <a href=\"nj-space.com\" target=\"_blank\" rel=\"noopener noreferrer\">nj-space.com<\/a> en Susanne Reuling Photography, <a href=\"susannereuling.nl\" target=\"_blank\" rel=\"noopener noreferrer\">susannereuling.nl<\/a><\/p><p><strong>Overig<\/strong><br \/>Deze disclaimer kan van tijd tot tijd wijzigen.\u00a0<\/p><p>\u00a0<\/p><p><!-- \/wp:paragraph --><\/p><p>[\/et_pb_text][\/et_pb_column][et_pb_column type=\"1_5\" _builder_version=\"3.25\" custom_padding=\"|||\" custom_padding__hover=\"|||\"][\/et_pb_column][\/et_pb_row][\/et_pb_section]<\/p>","_et_gb_content_width":"","inline_featured_image":false,"footnotes":""},"class_list":["post-59104","page","type-page","status-publish","hentry"],"acf":[],"_links":{"self":[{"href":"https:\/\/wholesale.vinoos.nl\/de\/wp-json\/wp\/v2\/pages\/59104","targetHints":{"allow":["GET"]}}],"collection":[{"href":"https:\/\/wholesale.vinoos.nl\/de\/wp-json\/wp\/v2\/pages"}],"about":[{"href":"https:\/\/wholesale.vinoos.nl\/de\/wp-json\/wp\/v2\/types\/page"}],"author":[{"embeddable":true,"href":"https:\/\/wholesale.vinoos.nl\/de\/wp-json\/wp\/v2\/users\/1"}],"replies":[{"embeddable":true,"href":"https:\/\/wholesale.vinoos.nl\/de\/wp-json\/wp\/v2\/comments?post=59104"}],"version-history":[{"count":3,"href":"https:\/\/wholesale.vinoos.nl\/de\/wp-json\/wp\/v2\/pages\/59104\/revisions"}],"predecessor-version":[{"id":59107,"href":"https:\/\/wholesale.vinoos.nl\/de\/wp-json\/wp\/v2\/pages\/59104\/revisions\/59107"}],"wp:attachment":[{"href":"https:\/\/wholesale.vinoos.nl\/de\/wp-json\/wp\/v2\/media?parent=59104"}],"curies":[{"name":"wp","href":"https:\/\/api.w.org\/{rel}","templated":true}]}}