{"id":59150,"date":"2024-07-18T04:08:33","date_gmt":"2024-07-18T03:08:33","guid":{"rendered":"https:\/\/wholesale.vinoos.nl\/?page_id=59150"},"modified":"2025-02-21T07:58:06","modified_gmt":"2025-02-21T06:58:06","slug":"welkom-bij-vinoos","status":"publish","type":"page","link":"https:\/\/wholesale.vinoos.nl\/de\/","title":{"rendered":"Wilkommen bei Vinoos"},"content":{"rendered":"<p>[et_pb_section fb_built=&#8220;1&#8243; fullwidth=&#8220;on&#8220; _builder_version=&#8220;4.24.2&#8243; _module_preset=&#8220;default&#8220; global_colors_info=&#8220;{}&#8220;][et_pb_fullwidth_slider _builder_version=&#8220;4.27.4&#8243; _module_preset=&#8220;default&#8220; min_height=&#8220;500px&#8220; min_height_tablet=&#8220;500px&#8220; min_height_phone=&#8220;400px&#8220; min_height_last_edited=&#8220;on|phone&#8220; auto=&#8220;on&#8220; auto_speed=&#8220;3500&#8243; hover_enabled=&#8220;0&#8243; custom_css_slide_description=&#8220;position:relative;||left:50%;&#8220; global_colors_info=&#8220;{}&#8220; custom_css_slide_description_last_edited=&#8220;on|desktop&#8220; custom_css_slide_description_phone=&#8220;left:0%;&#8220; custom_css_slide_description_tablet=&#8220;position:relative;||left:50%;&#8220; sticky_enabled=&#8220;0&#8243;][et_pb_slide admin_title=&#8220;Wine&#8220; _builder_version=&#8220;4.27.4&#8243; _module_preset=&#8220;default&#8220; background_enable_color=&#8220;off&#8220; background_image=&#8220;https:\/\/wholesale.vinoos.nl\/wp-content\/uploads\/2024\/04\/HxoUW2-A.png&#8220; background_enable_image=&#8220;on&#8220; width=&#8220;40%&#8220; width_tablet=&#8220;40%&#8220; width_phone=&#8220;100%&#8220; width_last_edited=&#8220;on|phone&#8220; custom_padding=&#8220;||||false|false&#8220; hover_enabled=&#8220;0&#8243; global_colors_info=&#8220;{}&#8220; sticky_transition=&#8220;on&#8220; sticky_enabled=&#8220;0&#8243;]<\/p>\n<h1 style=\"text-align: center;\"><span style=\"text-transform: uppercase; font-family: Muli; font-weight: 600; letter-spacing: 3px; font-size: 20px;\">Wir kreieren<\/span><br \/>\n<span style=\"font-family: Joane; text-transform: none; font-size: 30px;\">Geschmack, Duft und Farbe des <span style=\"color: #b03c49;\">Weins <\/span>in all seiner Vielfalt<\/h1>\n<p>[\/et_pb_slide][et_pb_slide admin_title=&#8220;Soap&#8220; _builder_version=&#8220;4.27.4&#8243; _module_preset=&#8220;default&#8220; background_enable_color=&#8220;off&#8220; background_image=&#8220;https:\/\/wholesale.vinoos.nl\/wp-content\/uploads\/2024\/04\/lGb-jLNw.png&#8220; background_enable_image=&#8220;on&#8220; width=&#8220;40%&#8220; width_tablet=&#8220;40%&#8220; width_phone=&#8220;100%&#8220; width_last_edited=&#8220;on|phone&#8220; custom_padding=&#8220;||||false|false&#8220; hover_enabled=&#8220;0&#8243; global_colors_info=&#8220;{}&#8220; sticky_transition=&#8220;on&#8220; sticky_enabled=&#8220;0&#8243;]<\/p>\n<h1 style=\"text-align: center;\"><span style=\"text-transform: uppercase; font-family: Muli; font-weight: 600; letter-spacing: 3px; font-size: 20px;\">Wir kreieren<\/span><br \/>\n<span style=\"font-family: Joane; text-transform: none; font-size: 30px;\">Geschmack, Duft und Farbe des <span style=\"color: #b03c49;\">Weins <\/span>in all seiner Vielfalt<\/h1>\n<p>[\/et_pb_slide][et_pb_slide admin_title=&#8220;Jewellery&#8220; _builder_version=&#8220;4.27.4&#8243; _module_preset=&#8220;default&#8220; background_enable_color=&#8220;off&#8220; background_image=&#8220;https:\/\/wholesale.vinoos.nl\/wp-content\/uploads\/2024\/04\/ypZ9xRtQ.png&#8220; background_enable_image=&#8220;on&#8220; width=&#8220;40%&#8220; width_tablet=&#8220;40%&#8220; width_phone=&#8220;100%&#8220; width_last_edited=&#8220;on|phone&#8220; custom_padding=&#8220;||||false|false&#8220; hover_enabled=&#8220;0&#8243; global_colors_info=&#8220;{}&#8220; sticky_transition=&#8220;on&#8220; sticky_enabled=&#8220;0&#8243;]<\/p>\n<h1 style=\"text-align: center;\"><span style=\"text-transform: uppercase; font-family: Muli; font-weight: 600; letter-spacing: 3px; font-size: 20px;\">Wir kreieren<\/span><br \/>\n<span style=\"font-family: Joane; text-transform: none; font-size: 30px;\">Geschmack, Duft und Farbe des <span style=\"color: #b03c49;\">Weins <\/span>in all seiner Vielfalt<\/h1>\n<p>[\/et_pb_slide][\/et_pb_fullwidth_slider][\/et_pb_section][et_pb_section fb_built=&#8220;1&#8243; _builder_version=&#8220;4.16&#8243; global_colors_info=&#8220;{}&#8220;][et_pb_row _builder_version=&#8220;4.16&#8243; background_size=&#8220;initial&#8220; background_position=&#8220;top_left&#8220; background_repeat=&#8220;repeat&#8220; global_colors_info=&#8220;{}&#8220;][et_pb_column type=&#8220;4_4&#8243; _builder_version=&#8220;4.16&#8243; custom_padding=&#8220;|||&#8220; global_colors_info=&#8220;{}&#8220; custom_padding__hover=&#8220;|||&#8220;][et_pb_post_title _builder_version=&#8220;4.25.0&#8243; _module_preset=&#8220;default&#8220; global_colors_info=&#8220;{}&#8220;][\/et_pb_post_title][\/et_pb_column][\/et_pb_row][et_pb_row column_structure=&#8220;1_4,1_2,1_4&#8243; _builder_version=&#8220;4.24.2&#8243; _module_preset=&#8220;default&#8220; display_conditions=&#8220;W3siaWQiOiJmNzU2YzkxMS01Y2E4LTQ3YjQtYjkwMi0xZTY2ODVjZjQzOTAiLCJjb25kaXRpb24iOiJsb2dnZWRJblN0YXR1cyIsImNvbmRpdGlvblNldHRpbmdzIjp7ImRpc3BsYXlSdWxlIjoibG9nZ2VkT3V0IiwiYWRtaW5MYWJlbCI6IkluZ2Vsb2dkZSBzdGF0dXMiLCJlbmFibGVDb25kaXRpb24iOiJvbiJ9LCJvcGVyYXRvciI6Ik9SIn1d&#8220; saved_tabs=&#8220;all&#8220; global_colors_info=&#8220;{}&#8220;][et_pb_column type=&#8220;1_4&#8243; _builder_version=&#8220;4.24.2&#8243; _module_preset=&#8220;default&#8220; global_colors_info=&#8220;{}&#8220;][\/et_pb_column][et_pb_column type=&#8220;1_2&#8243; _builder_version=&#8220;4.24.2&#8243; _module_preset=&#8220;default&#8220; global_colors_info=&#8220;{}&#8220;][et_pb_login current_page_redirect=&#8220;on&#8220; _builder_version=&#8220;4.24.2&#8243; _module_preset=&#8220;default&#8220; background_color=&#8220;#F5F5F5&#8243; global_colors_info=&#8220;{}&#8220;][\/et_pb_login][et_pb_text _builder_version=&#8220;4.27.4&#8243; _module_preset=&#8220;default&#8220; global_colors_info=&#8220;{}&#8220;]<\/p>\n<p style=\"text-align: center;\"><a href=\"https:\/\/wholesale.vinoos.nl\/mijn-account\/lost-password\/\"><strong>Passwort vergessen?<\/strong><\/a><\/p>\n<p>[\/et_pb_text][et_pb_text _builder_version=&#8220;4.27.4&#8243; _module_preset=&#8220;default&#8220; global_colors_info=&#8220;{}&#8220;]<\/p>\n<p style=\"text-align: center;\">M\u00f6chten Sie Zugang und Bestellung zu Wiederverk\u00e4uferpreisen erhalten?<\/p>\n<p>[\/et_pb_text][et_pb_button button_url=&#8220;https:\/\/wholesale.vinoos.nl\/de\/registrieren\/&#8220; button_text=&#8220;Registrieren&#8220; button_alignment=&#8220;center&#8220; _builder_version=&#8220;4.27.4&#8243; _module_preset=&#8220;default&#8220; custom_button=&#8220;on&#8220; button_text_color=&#8220;#FFFFFF&#8220; button_bg_color=&#8220;#916872&#8243; button_border_color=&#8220;#916872&#8243; global_colors_info=&#8220;{}&#8220;][\/et_pb_button][\/et_pb_column][et_pb_column type=&#8220;1_4&#8243; _builder_version=&#8220;4.24.2&#8243; _module_preset=&#8220;default&#8220; global_colors_info=&#8220;{}&#8220;][\/et_pb_column][\/et_pb_row][et_pb_row column_structure=&#8220;1_4,1_2,1_4&#8243; _builder_version=&#8220;4.24.2&#8243; _module_preset=&#8220;default&#8220; display_conditions=&#8220;W3siaWQiOiJkZTA1OWZiZS1kMGNjLTRiY2ItOWFhNi05ODhkMmU2MjYxMzAiLCJjb25kaXRpb24iOiJsb2dnZWRJblN0YXR1cyIsImNvbmRpdGlvblNldHRpbmdzIjp7ImRpc3BsYXlSdWxlIjoibG9nZ2VkSW4iLCJhZG1pbkxhYmVsIjoiSW5nZWxvZ2RlIHN0YXR1cyIsImVuYWJsZUNvbmRpdGlvbiI6Im9uIn0sIm9wZXJhdG9yIjoiT1IifV0=&#8220; global_colors_info=&#8220;{}&#8220;][et_pb_column type=&#8220;1_4&#8243; _builder_version=&#8220;4.24.2&#8243; _module_preset=&#8220;default&#8220; global_colors_info=&#8220;{}&#8220;][\/et_pb_column][et_pb_column type=&#8220;1_2&#8243; _builder_version=&#8220;4.24.2&#8243; _module_preset=&#8220;default&#8220; global_colors_info=&#8220;{}&#8220;][et_pb_text _builder_version=&#8220;4.27.4&#8243; _module_preset=&#8220;default&#8220; global_colors_info=&#8220;{}&#8220;]<\/p>\n<p style=\"text-align: center;\">Hallo !<\/p>\n<p style=\"text-align: center;\">Hier k\u00f6nnen Sie Ihre letzten Kontoaktivit\u00e4ten einsehen und Ihre Kontodaten aktualisieren.<br \/>Es ist an der Zeit, unsere Produkte zu entdecken!<\/p>\n<p style=\"text-align: center;\">[\/et_pb_text][et_pb_button button_url=&#8220;https:\/\/wholesale.vinoos.nl\/de\/bestellung&#8220; button_text=&#8220;Hier bestellen&#8220; button_alignment=&#8220;center&#8220; _builder_version=&#8220;4.27.4&#8243; _module_preset=&#8220;default&#8220; custom_button=&#8220;on&#8220; button_text_size=&#8220;20px&#8220; button_text_color=&#8220;#FFFFFF&#8220; button_bg_color=&#8220;#916872&#8243; button_border_color=&#8220;#916872&#8243; global_colors_info=&#8220;{}&#8220;][\/et_pb_button][\/et_pb_column][et_pb_column type=&#8220;1_4&#8243; _builder_version=&#8220;4.24.2&#8243; _module_preset=&#8220;default&#8220; global_colors_info=&#8220;{}&#8220;][\/et_pb_column][\/et_pb_row][et_pb_row _builder_version=&#8220;4.25.0&#8243; _module_preset=&#8220;default&#8220; global_colors_info=&#8220;{}&#8220;][et_pb_column type=&#8220;4_4&#8243; _builder_version=&#8220;4.25.0&#8243; _module_preset=&#8220;default&#8220; global_colors_info=&#8220;{}&#8220;][et_pb_text _builder_version=&#8220;4.27.4&#8243; _module_preset=&#8220;default&#8220; global_colors_info=&#8220;{}&#8220;][\/et_pb_text][\/et_pb_column][\/et_pb_row][\/et_pb_section]<\/p>\n","protected":false},"excerpt":{"rendered":"<p>Wir kreieren Geschmack, Duft und Farbe des Weins in all seiner VielfaltWir kreieren Geschmack, Duft und Farbe des Weins in all seiner VielfaltWir kreieren Geschmack, Duft und Farbe des Weins in all seiner VielfaltPasswort vergessen?M\u00f6chten Sie Zugang und Bestellung zu Wiederverk\u00e4uferpreisen erhalten?Hallo ! Hier k\u00f6nnen Sie Ihre letzten Kontoaktivit\u00e4ten einsehen und Ihre Kontodaten aktualisieren.Es ist [&hellip;]<\/p>\n","protected":false},"author":1,"featured_media":0,"parent":0,"menu_order":0,"comment_status":"closed","ping_status":"closed","template":"","meta":{"_acf_changed":false,"_et_pb_use_builder":"on","_et_pb_old_content":"<p>[et_pb_section fb_built=\"1\" fullwidth=\"on\" _builder_version=\"4.24.2\" _module_preset=\"default\" global_colors_info=\"{}\"][et_pb_fullwidth_slider _builder_version=\"4.25.0\" _module_preset=\"default\" min_height=\"500px\" min_height_tablet=\"500px\" min_height_phone=\"400px\" min_height_last_edited=\"on|phone\" auto=\"on\" auto_speed=\"3500\" custom_css_slide_description=\"position:relative;||left:50%;\" global_colors_info=\"{}\" custom_css_slide_description_last_edited=\"on|desktop\" custom_css_slide_description_phone=\"left:0%;\" custom_css_slide_description_tablet=\"position:relative;||left:50%;\"][et_pb_slide admin_title=\"Wine\" _builder_version=\"4.25.0\" _module_preset=\"default\" background_enable_color=\"off\" background_image=\"https:\/\/wholesale.vinoos.nl\/wp-content\/uploads\/2024\/04\/HxoUW2-A.png\" background_enable_image=\"on\" width=\"40%\" width_tablet=\"40%\" width_phone=\"100%\" width_last_edited=\"on|phone\" custom_padding=\"||||false|false\" global_colors_info=\"{}\" sticky_transition=\"on\"]<\/p><h1 style=\"text-align: center;\"><span style=\"text-transform: uppercase; font-family: Muli; font-weight: 600; letter-spacing: 3px; font-size: 18px;\">Discover our <\/span><br \/><span style=\"font-family: Joane; text-transform: none; font-size: 30px;\">Flavours, Scents and Colours of <span style=\"color: #b03c49;\">Wine<\/span> collections<\/span><\/h1><p>[\/et_pb_slide][et_pb_slide admin_title=\"Soap\" _builder_version=\"4.25.0\" _module_preset=\"default\" background_enable_color=\"off\" background_image=\"https:\/\/wholesale.vinoos.nl\/wp-content\/uploads\/2024\/04\/lGb-jLNw.png\" background_enable_image=\"on\" width=\"40%\" width_tablet=\"40%\" width_phone=\"100%\" width_last_edited=\"on|phone\" custom_padding=\"||||false|false\" global_colors_info=\"{}\" sticky_transition=\"on\"]<\/p><h1 style=\"text-align: center;\"><span style=\"text-transform: uppercase; font-family: Muli; font-weight: 600; letter-spacing: 3px; font-size: 18px;\">Discover our <\/span><br \/><span style=\"font-family: Joane; text-transform: none; font-size: 30px;\">Flavours, Scents and Colours of <span style=\"color: #b03c49;\">Wine<\/span> collections<\/span><\/h1><p>[\/et_pb_slide][et_pb_slide admin_title=\"Jewellery\" _builder_version=\"4.25.0\" _module_preset=\"default\" background_enable_color=\"off\" background_image=\"https:\/\/wholesale.vinoos.nl\/wp-content\/uploads\/2024\/04\/ypZ9xRtQ.png\" background_enable_image=\"on\" width=\"40%\" width_tablet=\"40%\" width_phone=\"100%\" width_last_edited=\"on|phone\" custom_padding=\"||||false|false\" global_colors_info=\"{}\" sticky_transition=\"on\"]<\/p><h1 style=\"text-align: center;\"><span style=\"text-transform: uppercase; font-family: Muli; font-weight: 600; letter-spacing: 3px; font-size: 18px;\">Discover our <\/span><br \/><span style=\"font-family: Joane; text-transform: none; font-size: 30px;\">Flavours, Scents and Colours of <span style=\"color: #b03c49;\">Wine<\/span> collections<\/span><\/h1><p>[\/et_pb_slide][\/et_pb_fullwidth_slider][\/et_pb_section][et_pb_section fb_built=\"1\" _builder_version=\"4.16\" global_colors_info=\"{}\"][et_pb_row _builder_version=\"4.16\" background_size=\"initial\" background_position=\"top_left\" background_repeat=\"repeat\" global_colors_info=\"{}\"][et_pb_column type=\"4_4\" _builder_version=\"4.16\" custom_padding=\"|||\" global_colors_info=\"{}\" custom_padding__hover=\"|||\"][et_pb_post_title _builder_version=\"4.25.0\" _module_preset=\"default\" global_colors_info=\"{}\"][\/et_pb_post_title][\/et_pb_column][\/et_pb_row][et_pb_row column_structure=\"1_4,1_2,1_4\" _builder_version=\"4.24.2\" _module_preset=\"default\" display_conditions=\"W3siaWQiOiJmNzU2YzkxMS01Y2E4LTQ3YjQtYjkwMi0xZTY2ODVjZjQzOTAiLCJjb25kaXRpb24iOiJsb2dnZWRJblN0YXR1cyIsImNvbmRpdGlvblNldHRpbmdzIjp7ImRpc3BsYXlSdWxlIjoibG9nZ2VkT3V0IiwiYWRtaW5MYWJlbCI6IkluZ2Vsb2dkZSBzdGF0dXMiLCJlbmFibGVDb25kaXRpb24iOiJvbiJ9LCJvcGVyYXRvciI6Ik9SIn1d\" global_module=\"58625\" saved_tabs=\"all\" global_colors_info=\"{}\"][et_pb_column type=\"1_4\" _builder_version=\"4.24.2\" _module_preset=\"default\" global_colors_info=\"{}\"][\/et_pb_column][et_pb_column type=\"1_2\" _builder_version=\"4.24.2\" _module_preset=\"default\" global_colors_info=\"{}\"][et_pb_login current_page_redirect=\"on\" _builder_version=\"4.24.2\" _module_preset=\"default\" background_color=\"#F5F5F5\" global_colors_info=\"{}\"][\/et_pb_login][et_pb_text _builder_version=\"4.24.2\" _module_preset=\"default\" global_colors_info=\"{}\"]<\/p><p style=\"text-align: center;\"><a href=\"https:\/\/wholesale.vinoos.nl\/mijn-account\/lost-password\/\"><strong>Wachtwoord vergeten?<\/strong><\/a><\/p><p>[\/et_pb_text][et_pb_text _builder_version=\"4.24.2\" _module_preset=\"default\" global_colors_info=\"{}\"]<\/p><p style=\"text-align: center;\">Wil je toegang en bestellen met reseller prijzen?<\/p><p>[\/et_pb_text][et_pb_button button_url=\"https:\/\/wholesale.vinoos.nl\/registreren\" button_text=\"Registreren\" button_alignment=\"center\" _builder_version=\"4.24.2\" _module_preset=\"default\" custom_button=\"on\" button_text_color=\"#FFFFFF\" button_bg_color=\"#916872\" button_border_color=\"#916872\" global_colors_info=\"{}\"][\/et_pb_button][\/et_pb_column][et_pb_column type=\"1_4\" _builder_version=\"4.24.2\" _module_preset=\"default\" global_colors_info=\"{}\"][\/et_pb_column][\/et_pb_row][et_pb_row column_structure=\"1_4,1_2,1_4\" _builder_version=\"4.24.2\" _module_preset=\"default\" display_conditions=\"W3siaWQiOiJkZTA1OWZiZS1kMGNjLTRiY2ItOWFhNi05ODhkMmU2MjYxMzAiLCJjb25kaXRpb24iOiJsb2dnZWRJblN0YXR1cyIsImNvbmRpdGlvblNldHRpbmdzIjp7ImRpc3BsYXlSdWxlIjoibG9nZ2VkSW4iLCJhZG1pbkxhYmVsIjoiSW5nZWxvZ2RlIHN0YXR1cyIsImVuYWJsZUNvbmRpdGlvbiI6Im9uIn0sIm9wZXJhdG9yIjoiT1IifV0=\" global_colors_info=\"{}\"][et_pb_column type=\"1_4\" _builder_version=\"4.24.2\" _module_preset=\"default\" global_colors_info=\"{}\"][\/et_pb_column][et_pb_column type=\"1_2\" _builder_version=\"4.24.2\" _module_preset=\"default\" global_colors_info=\"{}\"][et_pb_text _builder_version=\"4.24.2\" _module_preset=\"default\" global_colors_info=\"{}\"]<\/p><p style=\"text-align: center;\">Hi [lauralisa_firstname]!<\/p><p style=\"text-align: center;\">Welkom op onze reseller store. Hier kunt u uw recente accountactiviteit bekijken en uw accountgegevens bijwerken.<br \/>Het is tijd om onze producten te verkennen!<\/p><p style=\"text-align: center;\">[\/et_pb_text][et_pb_button button_url=\"https:\/\/wholesale.vinoos.nl\/bestellen\/\" button_text=\"Bestellen\" button_alignment=\"center\" _builder_version=\"4.24.2\" _module_preset=\"default\" custom_button=\"on\" button_text_size=\"20px\" button_text_color=\"#FFFFFF\" button_bg_color=\"#916872\" button_border_color=\"#916872\" global_colors_info=\"{}\"][\/et_pb_button][\/et_pb_column][et_pb_column type=\"1_4\" _builder_version=\"4.24.2\" _module_preset=\"default\" global_colors_info=\"{}\"][\/et_pb_column][\/et_pb_row][et_pb_row _builder_version=\"4.25.0\" _module_preset=\"default\" global_colors_info=\"{}\"][et_pb_column type=\"4_4\" _builder_version=\"4.25.0\" _module_preset=\"default\" global_colors_info=\"{}\"][et_pb_text _builder_version=\"4.25.0\" _module_preset=\"default\" global_colors_info=\"{}\"]<\/p><p>[lauralisa_homepage_content]<\/p><p>[\/et_pb_text][\/et_pb_column][\/et_pb_row][\/et_pb_section]<\/p>","_et_gb_content_width":"","inline_featured_image":false,"footnotes":""},"class_list":["post-59150","page","type-page","status-publish","hentry"],"acf":[],"_links":{"self":[{"href":"https:\/\/wholesale.vinoos.nl\/de\/wp-json\/wp\/v2\/pages\/59150","targetHints":{"allow":["GET"]}}],"collection":[{"href":"https:\/\/wholesale.vinoos.nl\/de\/wp-json\/wp\/v2\/pages"}],"about":[{"href":"https:\/\/wholesale.vinoos.nl\/de\/wp-json\/wp\/v2\/types\/page"}],"author":[{"embeddable":true,"href":"https:\/\/wholesale.vinoos.nl\/de\/wp-json\/wp\/v2\/users\/1"}],"replies":[{"embeddable":true,"href":"https:\/\/wholesale.vinoos.nl\/de\/wp-json\/wp\/v2\/comments?post=59150"}],"version-history":[{"count":12,"href":"https:\/\/wholesale.vinoos.nl\/de\/wp-json\/wp\/v2\/pages\/59150\/revisions"}],"predecessor-version":[{"id":60202,"href":"https:\/\/wholesale.vinoos.nl\/de\/wp-json\/wp\/v2\/pages\/59150\/revisions\/60202"}],"wp:attachment":[{"href":"https:\/\/wholesale.vinoos.nl\/de\/wp-json\/wp\/v2\/media?parent=59150"}],"curies":[{"name":"wp","href":"https:\/\/api.w.org\/{rel}","templated":true}]}}