{"id":59174,"date":"2024-07-18T04:40:04","date_gmt":"2024-07-18T03:40:04","guid":{"rendered":"https:\/\/wholesale.vinoos.nl\/?page_id=59174"},"modified":"2024-07-18T04:53:21","modified_gmt":"2024-07-18T03:53:21","slug":"collectie","status":"publish","type":"page","link":"https:\/\/wholesale.vinoos.nl\/de\/collectie\/","title":{"rendered":"Collectie"},"content":{"rendered":"<p>[et_pb_section fb_built=&#8220;1&#8243; _builder_version=&#8220;4.16&#8243; _module_preset=&#8220;default&#8220; global_colors_info=&#8220;{}&#8220;][et_pb_row column_structure=&#8220;1_4,1_2,1_4&#8243; _builder_version=&#8220;4.16&#8243; _module_preset=&#8220;default&#8220; custom_padding=&#8220;||0px||false|false&#8220; global_colors_info=&#8220;{}&#8220;][et_pb_column type=&#8220;1_4&#8243; _builder_version=&#8220;4.16&#8243; _module_preset=&#8220;default&#8220; global_colors_info=&#8220;{}&#8220;][\/et_pb_column][et_pb_column type=&#8220;1_2&#8243; _builder_version=&#8220;4.16&#8243; _module_preset=&#8220;default&#8220; global_colors_info=&#8220;{}&#8220;][et_pb_post_title _builder_version=&#8220;4.16&#8243; _module_preset=&#8220;default&#8220; global_colors_info=&#8220;{}&#8220;][\/et_pb_post_title][et_pb_text disabled_on=&#8220;off|on|on&#8220; _builder_version=&#8220;4.25.0&#8243; _module_preset=&#8220;default&#8220; text_orientation=&#8220;center&#8220; custom_margin=&#8220;||0px||false|false&#8220; hover_enabled=&#8220;0&#8243; global_colors_info=&#8220;{}&#8220; sticky_enabled=&#8220;0&#8243;]<\/p>\n<p><span style=\"font-weight: 400;\">Entdecken Sie unsere einzigartige Kollektion. F\u00fcr Sie selbst oder um jemanden damit zu \u00fcberraschen. <\/span><\/p>\n<p><img decoding=\"async\" class=\"wp-image-47083 size-full\" src=\"https:\/\/wholesale.vinoos.nl\/wp-content\/uploads\/2021\/11\/vegan_logo.png\" alt=\"\" width=\"30\" \/> <img decoding=\"async\" class=\"wp-image-47081 size-full\" src=\"https:\/\/wholesale.vinoos.nl\/wp-content\/uploads\/2021\/11\/glutenfree_logo.png\" alt=\"\" width=\"30\" \/><\/p>\n<p>[\/et_pb_text][et_pb_text disabled_on=&#8220;on|off|off&#8220; _builder_version=&#8220;4.25.0&#8243; _module_preset=&#8220;default&#8220; text_orientation=&#8220;center&#8220; hover_enabled=&#8220;0&#8243; global_colors_info=&#8220;{}&#8220; sticky_enabled=&#8220;0&#8243;]<\/p>\n<p><span style=\"font-weight: 400;\">Entdecken Sie unsere einzigartige Kollektion. F\u00fcr Sie selbst oder um jemanden damit zu \u00fcberraschen. Mit wem w\u00fcrden Sie gerne wieder Wein trinken?<\/span><\/p>\n<p><img decoding=\"async\" class=\"wp-image-47083 size-full\" src=\"https:\/\/wholesale.vinoos.nl\/wp-content\/uploads\/2021\/11\/vegan_logo.png\" alt=\"\" width=\"30\" \/> <img decoding=\"async\" class=\"wp-image-47081 size-full\" src=\"https:\/\/wholesale.vinoos.nl\/wp-content\/uploads\/2021\/11\/glutenfree_logo.png\" alt=\"\" width=\"30\" \/><\/p>\n<p>[\/et_pb_text][\/et_pb_column][et_pb_column type=&#8220;1_4&#8243; _builder_version=&#8220;4.16&#8243; _module_preset=&#8220;default&#8220; global_colors_info=&#8220;{}&#8220;][\/et_pb_column][\/et_pb_row][\/et_pb_section][et_pb_section fb_built=&#8220;1&#8243; _builder_version=&#8220;4.22.2&#8243; _module_preset=&#8220;default&#8220; background_color=&#8220;#FFFFFF&#8220; custom_margin=&#8220;0px||||false|false&#8220; custom_padding=&#8220;0px||||false|false&#8220; global_colors_info=&#8220;{}&#8220;][et_pb_row column_structure=&#8220;1_3,1_3,1_3&#8243; _builder_version=&#8220;4.22.2&#8243; _module_preset=&#8220;default&#8220; global_colors_info=&#8220;{}&#8220;][et_pb_column type=&#8220;1_3&#8243; _builder_version=&#8220;4.22.2&#8243; _module_preset=&#8220;default&#8220; global_colors_info=&#8220;{}&#8220;][et_pb_image src=&#8220;https:\/\/wholesale.vinoos.nl\/wp-content\/uploads\/2023\/12\/Vinoos_starterpack-banner-The-real-wine-gum.jpg&#8220; title_text=&#8220;Vinoos_starterpack banner-The real wine gum&#8220; url=&#8220;https:\/\/wholesale.vinoos.nl\/collectie\/the-real-wine-gum\/&#8220; _builder_version=&#8220;4.22.2&#8243; _module_preset=&#8220;default&#8220; custom_margin=&#8220;||0px||false|false&#8220; global_colors_info=&#8220;{}&#8220;][\/et_pb_image][et_pb_text _builder_version=&#8220;4.25.0&#8243; _module_preset=&#8220;default&#8220; background_color=&#8220;#9d6570&#8243; background_layout=&#8220;dark&#8220; custom_margin=&#8220;||||false|false&#8220; custom_padding=&#8220;10px||10px||false|false&#8220; link_option_url=&#8220;https:\/\/wholesale.vinoos.nl\/collectie\/the-real-wine-gum\/&#8220; hover_enabled=&#8220;0&#8243; global_colors_info=&#8220;{}&#8220; sticky_enabled=&#8220;0&#8243;]<\/p>\n<p style=\"text-align: center;\">Der Geschmack des Weins<br \/><b>ECHTE WEIN-GUMS<\/b><\/p>\n<p>[\/et_pb_text][\/et_pb_column][et_pb_column type=&#8220;1_3&#8243; _builder_version=&#8220;4.22.2&#8243; _module_preset=&#8220;default&#8220; global_colors_info=&#8220;{}&#8220;][et_pb_image src=&#8220;https:\/\/wholesale.vinoos.nl\/wp-content\/uploads\/2023\/12\/Vinoos_starterpack-banner-The-real-wine-soap.jpg&#8220; title_text=&#8220;Vinoos_starterpack banner-The real wine soap&#8220; url=&#8220;https:\/\/wholesale.vinoos.nl\/collectie\/the-real-wine-soap\/&#8220; _builder_version=&#8220;4.22.2&#8243; _module_preset=&#8220;default&#8220; custom_margin=&#8220;||0px||false|false&#8220; global_colors_info=&#8220;{}&#8220;][\/et_pb_image][et_pb_text _builder_version=&#8220;4.25.0&#8243; _module_preset=&#8220;default&#8220; background_color=&#8220;#9d6570&#8243; background_layout=&#8220;dark&#8220; custom_margin=&#8220;||||false|false&#8220; custom_padding=&#8220;10px||10px||false|false&#8220; link_option_url=&#8220;https:\/\/wholesale.vinoos.nl\/collectie\/the-real-wine-soap\/&#8220; hover_enabled=&#8220;0&#8243; locked=&#8220;off&#8220; global_colors_info=&#8220;{}&#8220; sticky_enabled=&#8220;0&#8243;]<\/p>\n<p style=\"text-align: center;\">Der Duft des Weins<b><br \/><\/b><b>\u00d6KO-WEIN-K\u00d6RPERSEIFEN<\/b><\/p>\n<p>[\/et_pb_text][\/et_pb_column][et_pb_column type=&#8220;1_3&#8243; _builder_version=&#8220;4.22.2&#8243; _module_preset=&#8220;default&#8220; global_colors_info=&#8220;{}&#8220;][et_pb_image src=&#8220;https:\/\/wholesale.vinoos.nl\/wp-content\/uploads\/2023\/12\/Vinoos_starterpack-banner-Wine-Jewellery.jpg&#8220; title_text=&#8220;Vinoos_starterpack banner-Wine Jewellery&#8220; url=&#8220;https:\/\/wholesale.vinoos.nl\/collectie\/wine-jewellery\/&#8220; _builder_version=&#8220;4.22.2&#8243; _module_preset=&#8220;default&#8220; custom_margin=&#8220;||0px||false|false&#8220; global_colors_info=&#8220;{}&#8220;][\/et_pb_image][et_pb_text _builder_version=&#8220;4.25.0&#8243; _module_preset=&#8220;default&#8220; background_color=&#8220;#9d6570&#8243; background_layout=&#8220;dark&#8220; custom_margin=&#8220;||||false|false&#8220; custom_padding=&#8220;10px||10px||false|false&#8220; link_option_url=&#8220;https:\/\/wholesale.vinoos.nl\/collectie\/wine-jewellery\/&#8220; hover_enabled=&#8220;0&#8243; locked=&#8220;off&#8220; global_colors_info=&#8220;{}&#8220; sticky_enabled=&#8220;0&#8243;]<\/p>\n<p style=\"text-align: center;\">Die Farben des Weins<b><br \/><\/b><b>WEIN SCHMUCK<\/b><\/p>\n<p>[\/et_pb_text][\/et_pb_column][\/et_pb_row][\/et_pb_section][et_pb_section fb_built=&#8220;1&#8243; _builder_version=&#8220;4.16&#8243; _module_preset=&#8220;default&#8220; background_color=&#8220;#f5f5f5&#8243; global_colors_info=&#8220;{}&#8220;][et_pb_row _builder_version=&#8220;4.16&#8243; _module_preset=&#8220;default&#8220; global_colors_info=&#8220;{}&#8220;][et_pb_column type=&#8220;4_4&#8243; _builder_version=&#8220;4.16&#8243; _module_preset=&#8220;default&#8220; global_colors_info=&#8220;{}&#8220;][et_pb_text _builder_version=&#8220;4.16&#8243; _module_preset=&#8220;default&#8220; text_orientation=&#8220;center&#8220; global_colors_info=&#8220;{}&#8220;]<\/p>\n<h2 style=\"font-family: 'Joane'; font-weight: 400; color: #000; font-size: 30px; line-height: 1.2;\">We are so proud<br \/>\nto collaborate with<\/h2>\n<p>[\/et_pb_text][\/et_pb_column][\/et_pb_row][et_pb_row column_structure=&#8220;1_6,1_6,1_6,1_6,1_6,1_6&#8243; use_custom_gutter=&#8220;on&#8220; gutter_width=&#8220;2&#8243; custom_padding_last_edited=&#8220;on|phone&#8220; _builder_version=&#8220;4.16&#8243; _module_preset=&#8220;default&#8220; width=&#8220;50%&#8220; width_tablet=&#8220;&#8220; width_phone=&#8220;&#8220; width_last_edited=&#8220;on|desktop&#8220; custom_padding=&#8220;0px||||false|false&#8220; custom_padding_tablet=&#8220;&#8220; custom_padding_phone=&#8220;&#8220; global_colors_info=&#8220;{}&#8220;][et_pb_column type=&#8220;1_6&#8243; _builder_version=&#8220;4.16&#8243; _module_preset=&#8220;default&#8220; global_colors_info=&#8220;{}&#8220;][et_pb_image src=&#8220;https:\/\/wholesale.vinoos.nl\/wp-content\/uploads\/2020\/09\/logo_VA.png&#8220; title_text=&#8220;logo_V&#038;A&#8220; align=&#8220;center&#8220; _builder_version=&#8220;4.16&#8243; _module_preset=&#8220;default&#8220; global_colors_info=&#8220;{}&#8220;][\/et_pb_image][\/et_pb_column][et_pb_column type=&#8220;1_6&#8243; _builder_version=&#8220;4.16&#8243; _module_preset=&#8220;default&#8220; global_colors_info=&#8220;{}&#8220;][et_pb_image src=&#8220;https:\/\/wholesale.vinoos.nl\/wp-content\/uploads\/2020\/09\/logo_ElCorteIngles.png&#8220; title_text=&#8220;logo_ElCorteIngles&#8220; align=&#8220;center&#8220; _builder_version=&#8220;4.16&#8243; _module_preset=&#8220;default&#8220; global_colors_info=&#8220;{}&#8220;][\/et_pb_image][\/et_pb_column][et_pb_column type=&#8220;1_6&#8243; _builder_version=&#8220;4.16&#8243; _module_preset=&#8220;default&#8220; global_colors_info=&#8220;{}&#8220;][et_pb_image src=&#8220;https:\/\/wholesale.vinoos.nl\/wp-content\/uploads\/2020\/09\/logo_AmesandOates.png&#8220; title_text=&#8220;logo_AmesandOates&#8220; align=&#8220;center&#8220; _builder_version=&#8220;4.16&#8243; _module_preset=&#8220;default&#8220; global_colors_info=&#8220;{}&#8220;][\/et_pb_image][\/et_pb_column][et_pb_column type=&#8220;1_6&#8243; _builder_version=&#8220;4.16&#8243; _module_preset=&#8220;default&#8220; global_colors_info=&#8220;{}&#8220;][et_pb_image src=&#8220;https:\/\/wholesale.vinoos.nl\/wp-content\/uploads\/2021\/11\/logo_FortnumMaison.png&#8220; title_text=&#8220;logo_Fortnum&#038;Maison&#8220; align=&#8220;center&#8220; _builder_version=&#8220;4.16&#8243; _module_preset=&#8220;default&#8220; global_colors_info=&#8220;{}&#8220;][\/et_pb_image][\/et_pb_column][et_pb_column type=&#8220;1_6&#8243; _builder_version=&#8220;4.16&#8243; _module_preset=&#8220;default&#8220; global_colors_info=&#8220;{}&#8220;][et_pb_image src=&#8220;https:\/\/wholesale.vinoos.nl\/wp-content\/uploads\/2021\/11\/logos_UncommonGoods.png&#8220; title_text=&#8220;logos_UncommonGoods&#8220; align=&#8220;center&#8220; _builder_version=&#8220;4.16&#8243; _module_preset=&#8220;default&#8220; global_colors_info=&#8220;{}&#8220;][\/et_pb_image][\/et_pb_column][et_pb_column type=&#8220;1_6&#8243; _builder_version=&#8220;4.16&#8243; _module_preset=&#8220;default&#8220; global_colors_info=&#8220;{}&#8220;][et_pb_image src=&#8220;https:\/\/wholesale.vinoos.nl\/wp-content\/uploads\/2020\/09\/logo_HapaValley.png&#8220; title_text=&#8220;logo_HapaValley&#8220; align=&#8220;center&#8220; _builder_version=&#8220;4.16&#8243; _module_preset=&#8220;default&#8220; global_colors_info=&#8220;{}&#8220;][\/et_pb_image][\/et_pb_column][\/et_pb_row][\/et_pb_section]<\/p>\n","protected":false},"excerpt":{"rendered":"<p>Entdecken Sie unsere einzigartige Kollektion. F\u00fcr Sie selbst oder um jemanden damit zu \u00fcberraschen. Entdecken Sie unsere einzigartige Kollektion. F\u00fcr Sie selbst oder um jemanden damit zu \u00fcberraschen. Mit wem w\u00fcrden Sie gerne wieder Wein trinken? Der Geschmack des WeinsECHTE WEIN-GUMSDer Duft des Weins\u00d6KO-WEIN-K\u00d6RPERSEIFENDie Farben des WeinsWEIN SCHMUCKWe are so proud to collaborate with<\/p>\n","protected":false},"author":1,"featured_media":0,"parent":0,"menu_order":0,"comment_status":"closed","ping_status":"closed","template":"","meta":{"_acf_changed":false,"_et_pb_use_builder":"on","_et_pb_old_content":"","_et_gb_content_width":"","inline_featured_image":false,"footnotes":""},"class_list":["post-59174","page","type-page","status-publish","hentry"],"acf":[],"_links":{"self":[{"href":"https:\/\/wholesale.vinoos.nl\/de\/wp-json\/wp\/v2\/pages\/59174","targetHints":{"allow":["GET"]}}],"collection":[{"href":"https:\/\/wholesale.vinoos.nl\/de\/wp-json\/wp\/v2\/pages"}],"about":[{"href":"https:\/\/wholesale.vinoos.nl\/de\/wp-json\/wp\/v2\/types\/page"}],"author":[{"embeddable":true,"href":"https:\/\/wholesale.vinoos.nl\/de\/wp-json\/wp\/v2\/users\/1"}],"replies":[{"embeddable":true,"href":"https:\/\/wholesale.vinoos.nl\/de\/wp-json\/wp\/v2\/comments?post=59174"}],"version-history":[{"count":3,"href":"https:\/\/wholesale.vinoos.nl\/de\/wp-json\/wp\/v2\/pages\/59174\/revisions"}],"predecessor-version":[{"id":59182,"href":"https:\/\/wholesale.vinoos.nl\/de\/wp-json\/wp\/v2\/pages\/59174\/revisions\/59182"}],"wp:attachment":[{"href":"https:\/\/wholesale.vinoos.nl\/de\/wp-json\/wp\/v2\/media?parent=59174"}],"curies":[{"name":"wp","href":"https:\/\/api.w.org\/{rel}","templated":true}]}}