{"id":59209,"date":"2024-07-18T05:23:25","date_gmt":"2024-07-18T04:23:25","guid":{"rendered":"https:\/\/wholesale.vinoos.nl\/?page_id=59209"},"modified":"2026-01-28T13:46:23","modified_gmt":"2026-01-28T12:46:23","slug":"informationen-neukunden","status":"publish","type":"page","link":"https:\/\/wholesale.vinoos.nl\/de\/informationen-neukunden\/","title":{"rendered":"Informationen f\u00fcr neukunden"},"content":{"rendered":"<p>[et_pb_section fb_built=&#8220;1&#8243; admin_label=&#8220;section&#8220; _builder_version=&#8220;4.16&#8243; global_colors_info=&#8220;{}&#8220;][et_pb_row admin_label=&#8220;row&#8220; _builder_version=&#8220;4.16&#8243; background_size=&#8220;initial&#8220; background_position=&#8220;top_left&#8220; background_repeat=&#8220;repeat&#8220; global_colors_info=&#8220;{}&#8220;][et_pb_column type=&#8220;4_4&#8243; _builder_version=&#8220;4.16&#8243; custom_padding=&#8220;|||&#8220; global_colors_info=&#8220;{}&#8220; custom_padding__hover=&#8220;|||&#8220;][et_pb_post_title _builder_version=&#8220;4.25.0&#8243; _module_preset=&#8220;default&#8220; global_colors_info=&#8220;{}&#8220;][\/et_pb_post_title][\/et_pb_column][\/et_pb_row][et_pb_row column_structure=&#8220;1_5,3_5,1_5&#8243; _builder_version=&#8220;4.25.0&#8243; _module_preset=&#8220;default&#8220; global_colors_info=&#8220;{}&#8220;][et_pb_column type=&#8220;1_5&#8243; _builder_version=&#8220;4.25.0&#8243; _module_preset=&#8220;default&#8220; global_colors_info=&#8220;{}&#8220;][\/et_pb_column][et_pb_column type=&#8220;3_5&#8243; _builder_version=&#8220;4.25.0&#8243; _module_preset=&#8220;default&#8220; global_colors_info=&#8220;{}&#8220;][et_pb_text admin_label=&#8220;Text&#8220; _builder_version=&#8220;4.25.0&#8243; background_size=&#8220;initial&#8220; background_position=&#8220;top_left&#8220; background_repeat=&#8220;repeat&#8220; text_orientation=&#8220;center&#8220; global_colors_info=&#8220;{}&#8220;]<\/p>\n<p>Unser B2B-Shop ist nur f\u00fcr Unternehmen mit einer Umsatzsteuer-Identifikationsnummer zug\u00e4nglich.<\/p>\n<p>Wie Sie ein Konto erhalten:<br \/>1 &#8211; Registrieren Sie sich hier<br \/>2 &#8211; Sie k\u00f6nnen dann sofort bestellen. Wir \u00fcberpr\u00fcfen Ihren Shop und Ihre Bestellung, nachdem wir Ihre Registrierung und Bestellung erhalten haben. Auf diese Weise garantieren wir die Exklusivit\u00e4t unserer H\u00e4ndler.<br \/>3 &#8211; Nach der Genehmigung wird die Bestellung versandt. Im unwahrscheinlichen Fall, dass Sie nicht zugelassen werden, wird der gezahlte Betrag sofort zur\u00fcckerstattet.<\/p>\n<p>[\/et_pb_text][et_pb_button button_url=&#8220;@ET-DC@eyJkeW5hbWljIjp0cnVlLCJjb250ZW50IjoicG9zdF9saW5rX3VybF9wYWdlIiwic2V0dGluZ3MiOnsicG9zdF9pZCI6IjI5In19@&#8220; button_text=&#8220;Registrieren&#8220; button_alignment=&#8220;center&#8220; _builder_version=&#8220;4.25.0&#8243; _dynamic_attributes=&#8220;button_url&#8220; _module_preset=&#8220;default&#8220; global_colors_info=&#8220;{}&#8220;][\/et_pb_button][et_pb_text admin_label=&#8220;Text&#8220; _builder_version=&#8220;4.25.0&#8243; background_size=&#8220;initial&#8220; background_position=&#8220;top_left&#8220; background_repeat=&#8220;repeat&#8220; text_orientation=&#8220;center&#8220; global_colors_info=&#8220;{}&#8220;]<\/p>\n<h2>EXKLUSIVIT\u00c4T UND MINDESTBESTELLWERT<\/h2>\n<p>Wir pr\u00fcfen immer die Exklusivit\u00e4t bei Ihrem Gesch\u00e4ft. Der Mindestbestellwert f\u00fcr Ihre erste nachbestellung betr\u00e4gt 250 EUR.<br \/>Die Bestellungen werden nach Zahlungseingang verschickt. Die Versandkosten k\u00f6nnen von der Anzahl der Kartons und dem Gesamtgewicht abh\u00e4ngen.<\/p>\n<p>[\/et_pb_text][\/et_pb_column][et_pb_column type=&#8220;1_5&#8243; _builder_version=&#8220;4.25.0&#8243; _module_preset=&#8220;default&#8220; global_colors_info=&#8220;{}&#8220;][\/et_pb_column][\/et_pb_row][\/et_pb_section]<\/p>\n","protected":false},"excerpt":{"rendered":"<p>Unser B2B-Shop ist nur f\u00fcr Unternehmen mit einer Umsatzsteuer-Identifikationsnummer zug\u00e4nglich. Wie Sie ein Konto erhalten:1 &#8211; Registrieren Sie sich hier2 &#8211; Sie k\u00f6nnen dann sofort bestellen. Wir \u00fcberpr\u00fcfen Ihren Shop und Ihre Bestellung, nachdem wir Ihre Registrierung und Bestellung erhalten haben. Auf diese Weise garantieren wir die Exklusivit\u00e4t unserer H\u00e4ndler.3 &#8211; Nach der Genehmigung wird [&hellip;]<\/p>\n","protected":false},"author":1,"featured_media":0,"parent":0,"menu_order":0,"comment_status":"closed","ping_status":"closed","template":"","meta":{"_acf_changed":false,"_et_pb_use_builder":"on","_et_pb_old_content":"<p>[et_pb_section fb_built=\"1\" admin_label=\"section\" _builder_version=\"4.16\" global_colors_info=\"{}\"][et_pb_row admin_label=\"row\" _builder_version=\"4.16\" background_size=\"initial\" background_position=\"top_left\" background_repeat=\"repeat\" global_colors_info=\"{}\"][et_pb_column type=\"4_4\" _builder_version=\"4.16\" custom_padding=\"|||\" global_colors_info=\"{}\" custom_padding__hover=\"|||\"][et_pb_post_title _builder_version=\"4.25.0\" _module_preset=\"default\" hover_enabled=\"0\" sticky_enabled=\"0\"][\/et_pb_post_title][\/et_pb_column][\/et_pb_row][et_pb_row column_structure=\"1_5,3_5,1_5\" _builder_version=\"4.25.0\" _module_preset=\"default\" global_colors_info=\"{}\"][et_pb_column type=\"1_5\" _builder_version=\"4.25.0\" _module_preset=\"default\" global_colors_info=\"{}\"][\/et_pb_column][et_pb_column type=\"3_5\" _builder_version=\"4.25.0\" _module_preset=\"default\" global_colors_info=\"{}\"][et_pb_text admin_label=\"Text\" _builder_version=\"4.25.0\" background_size=\"initial\" background_position=\"top_left\" background_repeat=\"repeat\" text_orientation=\"center\" hover_enabled=\"0\" global_colors_info=\"{}\" sticky_enabled=\"0\"]<\/p><p>Onze B2B shop is alleen toegankelijk voor bedrijven die in het bezit zijn van een BTW nummer.<\/p><p>Hoe krijg je een account:<br \/>1 - <a href=\"https:\/\/wholesale.vinoos.nl\/registreren\/\">Registreer je hier<\/a><br \/>2 - Je kunt daarna meteen bestellen. Wij verifi\u00ebren je winkel en bestelling nadat je registratie en bestelling zijn doorgekomen. Hiermee garanderen we de exclusiviteit van onze retailers.<br \/>3 - Na goedkeuring wordt de bestelling verzonden. Mocht je onverhoopt niet goedgekeurd worden, dan zal het betaalde bedrag direct retour geboekt worden.<\/p><p>[\/et_pb_text][et_pb_button button_text=\"Registreren\" _builder_version=\"4.25.0\" _module_preset=\"default\" button_url=\"@ET-DC@eyJkeW5hbWljIjp0cnVlLCJjb250ZW50IjoicG9zdF9saW5rX3VybF9wYWdlIiwic2V0dGluZ3MiOnsicG9zdF9pZCI6IjI5In19@\" _dynamic_attributes=\"button_url\" button_alignment=\"center\" hover_enabled=\"0\" sticky_enabled=\"0\"][\/et_pb_button][et_pb_text admin_label=\"Text\" _builder_version=\"4.25.0\" background_size=\"initial\" background_position=\"top_left\" background_repeat=\"repeat\" text_orientation=\"center\" hover_enabled=\"0\" global_colors_info=\"{}\" sticky_enabled=\"0\"]<\/p><h2>Exclusiviteit en minimum orderbedrag<\/h2><p>We controleren altijd de exclusiviteit in de buurt van je winkel. Het minimale bestelbedrag voor je eerste bestelling is 250 EUR.<br \/>Bestellingen worden verzonden na ontvangst van de betaling. De verzendkosten kunnen afhankelijk zijn van het aantal dozen en het totale gewicht.<\/p><p>[\/et_pb_text][\/et_pb_column][et_pb_column type=\"1_5\" _builder_version=\"4.25.0\" _module_preset=\"default\" global_colors_info=\"{}\"][\/et_pb_column][\/et_pb_row][\/et_pb_section]<\/p>","_et_gb_content_width":"","inline_featured_image":false,"footnotes":""},"class_list":["post-59209","page","type-page","status-publish","hentry"],"acf":[],"_links":{"self":[{"href":"https:\/\/wholesale.vinoos.nl\/de\/wp-json\/wp\/v2\/pages\/59209","targetHints":{"allow":["GET"]}}],"collection":[{"href":"https:\/\/wholesale.vinoos.nl\/de\/wp-json\/wp\/v2\/pages"}],"about":[{"href":"https:\/\/wholesale.vinoos.nl\/de\/wp-json\/wp\/v2\/types\/page"}],"author":[{"embeddable":true,"href":"https:\/\/wholesale.vinoos.nl\/de\/wp-json\/wp\/v2\/users\/1"}],"replies":[{"embeddable":true,"href":"https:\/\/wholesale.vinoos.nl\/de\/wp-json\/wp\/v2\/comments?post=59209"}],"version-history":[{"count":6,"href":"https:\/\/wholesale.vinoos.nl\/de\/wp-json\/wp\/v2\/pages\/59209\/revisions"}],"predecessor-version":[{"id":61580,"href":"https:\/\/wholesale.vinoos.nl\/de\/wp-json\/wp\/v2\/pages\/59209\/revisions\/61580"}],"wp:attachment":[{"href":"https:\/\/wholesale.vinoos.nl\/de\/wp-json\/wp\/v2\/media?parent=59209"}],"curies":[{"name":"wp","href":"https:\/\/api.w.org\/{rel}","templated":true}]}}