{"id":59247,"date":"2020-10-13T12:51:08","date_gmt":"2020-10-13T10:51:08","guid":{"rendered":"https:\/\/wholesale.vinoos.nl\/?post_type=product&#038;p=59247"},"modified":"2026-03-25T13:20:06","modified_gmt":"2026-03-25T12:20:06","slug":"sauvignon-blanc","status":"publish","type":"product","link":"https:\/\/wholesale.vinoos.nl\/de\/produkt\/sauvignon-blanc\/","title":{"rendered":"Sauvignon blanc Large"},"content":{"rendered":"<p><span style=\"font-weight: 400;\">Dieser k\u00f6stliche Weingummi wird Ihre Liebe zum Sauvignon blanc neu entfachen. In der Nase verzaubert er mit Aromen von reifen Zitrusfr\u00fcchten, Stachelbeeren und Litschi. Auf der Zunge saftig, frisch und lang anhaltend mit Noten von gelben und gr\u00fcnen Fr\u00fcchten, Gras und einem fein nachklingenden Abgang.<\/span><\/p>\n","protected":false},"excerpt":{"rendered":"<p><span style=\"font-weight: 400;\">Unwiderstehlich saftiger Gipfel aus Down Under.<\/span><\/p>\n","protected":false},"featured_media":59255,"template":"","meta":{"_acf_changed":false,"_et_pb_use_builder":"off","_et_pb_old_content":"","_et_gb_content_width":"","inline_featured_image":false},"product_brand":[],"product_cat":[252,255],"product_tag":[],"class_list":{"0":"post-59247","1":"product","2":"type-product","3":"status-publish","4":"has-post-thumbnail","6":"product_cat-real-wine-gum","7":"product_cat-single-packs-de","8":"pif-has-gallery","10":"first","11":"instock","12":"featured","13":"taxable","14":"shipping-taxable","15":"product-type-variable"},"acf":[],"_links":{"self":[{"href":"https:\/\/wholesale.vinoos.nl\/de\/wp-json\/wp\/v2\/product\/59247","targetHints":{"allow":["GET"]}}],"collection":[{"href":"https:\/\/wholesale.vinoos.nl\/de\/wp-json\/wp\/v2\/product"}],"about":[{"href":"https:\/\/wholesale.vinoos.nl\/de\/wp-json\/wp\/v2\/types\/product"}],"wp:featuredmedia":[{"embeddable":true,"href":"https:\/\/wholesale.vinoos.nl\/de\/wp-json\/wp\/v2\/media\/59255"}],"wp:attachment":[{"href":"https:\/\/wholesale.vinoos.nl\/de\/wp-json\/wp\/v2\/media?parent=59247"}],"wp:term":[{"taxonomy":"product_brand","embeddable":true,"href":"https:\/\/wholesale.vinoos.nl\/de\/wp-json\/wp\/v2\/product_brand?post=59247"},{"taxonomy":"product_cat","embeddable":true,"href":"https:\/\/wholesale.vinoos.nl\/de\/wp-json\/wp\/v2\/product_cat?post=59247"},{"taxonomy":"product_tag","embeddable":true,"href":"https:\/\/wholesale.vinoos.nl\/de\/wp-json\/wp\/v2\/product_tag?post=59247"}],"curies":[{"name":"wp","href":"https:\/\/api.w.org\/{rel}","templated":true}]}}