{"id":59258,"date":"2020-10-13T12:52:17","date_gmt":"2020-10-13T10:52:17","guid":{"rendered":"https:\/\/wholesale.vinoos.nl\/?post_type=product&#038;p=59258"},"modified":"2026-04-25T01:44:43","modified_gmt":"2026-04-25T00:44:43","slug":"chardonnay","status":"publish","type":"product","link":"https:\/\/wholesale.vinoos.nl\/de\/produkt\/chardonnay\/","title":{"rendered":"Chardonnay Large"},"content":{"rendered":"<p><span style=\"font-weight: 400;\">Legaler Spa\u00df den ganzen Tag mit dem schicken Vinoos Chardonnay! Entworfen in einer luxuri\u00f6sen, nachhaltigen Verpackung aus ungebleichtem Biotop-Papier und einer sch\u00f6nen cremefarbenen Farbe. Eine elegante Nase, sch\u00f6n blumig und voller Frucht. Eine sch\u00f6ne cremige Textur und ein langer Abgang. Sagen Sie niemals nein zu Chardonnay&#8230;.<\/span><\/p>\n","protected":false},"excerpt":{"rendered":"<p><span style=\"font-weight: 400;\">Exotisches Flaggschiff mit einem vollen, cremigen Geschmack.<\/span><\/p>\n","protected":false},"featured_media":59273,"template":"","meta":{"_acf_changed":false,"_et_pb_use_builder":"","_et_pb_old_content":"","_et_gb_content_width":"","inline_featured_image":false},"product_brand":[],"product_cat":[252,255],"product_tag":[],"class_list":{"0":"post-59258","1":"product","2":"type-product","3":"status-publish","4":"has-post-thumbnail","6":"product_cat-real-wine-gum","7":"product_cat-single-packs-de","8":"pif-has-gallery","10":"first","11":"instock","12":"featured","13":"taxable","14":"shipping-taxable","15":"product-type-variable"},"acf":[],"_links":{"self":[{"href":"https:\/\/wholesale.vinoos.nl\/de\/wp-json\/wp\/v2\/product\/59258","targetHints":{"allow":["GET"]}}],"collection":[{"href":"https:\/\/wholesale.vinoos.nl\/de\/wp-json\/wp\/v2\/product"}],"about":[{"href":"https:\/\/wholesale.vinoos.nl\/de\/wp-json\/wp\/v2\/types\/product"}],"wp:featuredmedia":[{"embeddable":true,"href":"https:\/\/wholesale.vinoos.nl\/de\/wp-json\/wp\/v2\/media\/59273"}],"wp:attachment":[{"href":"https:\/\/wholesale.vinoos.nl\/de\/wp-json\/wp\/v2\/media?parent=59258"}],"wp:term":[{"taxonomy":"product_brand","embeddable":true,"href":"https:\/\/wholesale.vinoos.nl\/de\/wp-json\/wp\/v2\/product_brand?post=59258"},{"taxonomy":"product_cat","embeddable":true,"href":"https:\/\/wholesale.vinoos.nl\/de\/wp-json\/wp\/v2\/product_cat?post=59258"},{"taxonomy":"product_tag","embeddable":true,"href":"https:\/\/wholesale.vinoos.nl\/de\/wp-json\/wp\/v2\/product_tag?post=59258"}],"curies":[{"name":"wp","href":"https:\/\/api.w.org\/{rel}","templated":true}]}}