{"id":59277,"date":"2020-10-13T12:53:11","date_gmt":"2020-10-13T10:53:11","guid":{"rendered":"https:\/\/wholesale.vinoos.nl\/?post_type=product&#038;p=59277"},"modified":"2026-03-25T13:19:57","modified_gmt":"2026-03-25T12:19:57","slug":"rose-wine","status":"publish","type":"product","link":"https:\/\/wholesale.vinoos.nl\/de\/produkt\/rose-wine\/","title":{"rendered":"Ros\u00e9 wine Large"},"content":{"rendered":"<p><span style=\"font-weight: 400;\">Wundersch\u00f6ne zartrosa Farbe in ebenso schicker Verpackung. Diese Ros\u00e9-Weingummis sind ein rosa Teppich des Sommergl\u00fccks mit vielen Erdbeeren, Wildblumen und Himbeeren. Der Biss ist sanft mit sch\u00f6nen, leicht s\u00e4uerlichen Noten. Der s\u00fc\u00df-s\u00e4uerliche Abgang ist ein lang anhaltender Genuss, den man noch lange genie\u00dfen kann&#8230;.<\/span><\/p>\n","protected":false},"excerpt":{"rendered":"<p><span style=\"font-weight: 400;\">Diese Ros\u00e9-Weingummis machen Lust auf Sommer!<\/span><\/p>\n","protected":false},"featured_media":59297,"template":"","meta":{"_acf_changed":false,"_et_pb_use_builder":"","_et_pb_old_content":"","_et_gb_content_width":"","inline_featured_image":false},"product_brand":[],"product_cat":[252,255],"product_tag":[],"class_list":{"0":"post-59277","1":"product","2":"type-product","3":"status-publish","4":"has-post-thumbnail","6":"product_cat-real-wine-gum","7":"product_cat-single-packs-de","8":"pif-has-gallery","10":"first","11":"instock","12":"featured","13":"taxable","14":"shipping-taxable","15":"product-type-variable","16":"has-default-attributes"},"acf":[],"_links":{"self":[{"href":"https:\/\/wholesale.vinoos.nl\/de\/wp-json\/wp\/v2\/product\/59277","targetHints":{"allow":["GET"]}}],"collection":[{"href":"https:\/\/wholesale.vinoos.nl\/de\/wp-json\/wp\/v2\/product"}],"about":[{"href":"https:\/\/wholesale.vinoos.nl\/de\/wp-json\/wp\/v2\/types\/product"}],"wp:featuredmedia":[{"embeddable":true,"href":"https:\/\/wholesale.vinoos.nl\/de\/wp-json\/wp\/v2\/media\/59297"}],"wp:attachment":[{"href":"https:\/\/wholesale.vinoos.nl\/de\/wp-json\/wp\/v2\/media?parent=59277"}],"wp:term":[{"taxonomy":"product_brand","embeddable":true,"href":"https:\/\/wholesale.vinoos.nl\/de\/wp-json\/wp\/v2\/product_brand?post=59277"},{"taxonomy":"product_cat","embeddable":true,"href":"https:\/\/wholesale.vinoos.nl\/de\/wp-json\/wp\/v2\/product_cat?post=59277"},{"taxonomy":"product_tag","embeddable":true,"href":"https:\/\/wholesale.vinoos.nl\/de\/wp-json\/wp\/v2\/product_tag?post=59277"}],"curies":[{"name":"wp","href":"https:\/\/api.w.org\/{rel}","templated":true}]}}