{"id":59300,"date":"2023-07-05T08:15:04","date_gmt":"2023-07-05T07:15:04","guid":{"rendered":"https:\/\/wholesale.vinoos.nl\/?post_type=product&#038;p=59300"},"modified":"2026-03-28T04:59:53","modified_gmt":"2026-03-28T03:59:53","slug":"grand-cru","status":"publish","type":"product","link":"https:\/\/wholesale.vinoos.nl\/de\/produkt\/grand-cru\/","title":{"rendered":"Grand Cru Large"},"content":{"rendered":"<div class=\"gmail_default\"><span style=\"font-weight: 400;\">Dieser kleine Grand Cru Gum mit prickelndem Abgang ist ein Favorit vieler. Sein Bouquet erinnert an Holunderbl\u00fcten, \u00c4pfel und Zitrusfr\u00fcchte. Elegant auf der Zunge mit Aromen von gelben Fr\u00fcchten und blumigen und w\u00fcrzigen Ankl\u00e4ngen. Ein super prickelnder Abgang. Definitiv einer, dem man nicht widerstehen kann. <\/span><\/div>\n<div><\/div>\n<div class=\"gmail_default\"><span style=\"font-weight: 400;\">Vegan und glutenfrei.<\/span><\/div>\n","protected":false},"excerpt":{"rendered":"<p><span style=\"font-weight: 400;\">Dieser prickelnde Favorit sollte auf keinen Fall auf Ihrer Liste fehlen.<\/span><\/p>\n","protected":false},"featured_media":59301,"template":"","meta":{"_acf_changed":false,"_et_pb_use_builder":"off","_et_pb_old_content":"","_et_gb_content_width":"","inline_featured_image":false},"product_brand":[],"product_cat":[252,255],"product_tag":[],"class_list":{"0":"post-59300","1":"product","2":"type-product","3":"status-publish","4":"has-post-thumbnail","6":"product_cat-real-wine-gum","7":"product_cat-single-packs-de","8":"pif-has-gallery","10":"first","11":"instock","12":"featured","13":"taxable","14":"shipping-taxable","15":"product-type-variable"},"acf":[],"_links":{"self":[{"href":"https:\/\/wholesale.vinoos.nl\/de\/wp-json\/wp\/v2\/product\/59300","targetHints":{"allow":["GET"]}}],"collection":[{"href":"https:\/\/wholesale.vinoos.nl\/de\/wp-json\/wp\/v2\/product"}],"about":[{"href":"https:\/\/wholesale.vinoos.nl\/de\/wp-json\/wp\/v2\/types\/product"}],"wp:featuredmedia":[{"embeddable":true,"href":"https:\/\/wholesale.vinoos.nl\/de\/wp-json\/wp\/v2\/media\/59301"}],"wp:attachment":[{"href":"https:\/\/wholesale.vinoos.nl\/de\/wp-json\/wp\/v2\/media?parent=59300"}],"wp:term":[{"taxonomy":"product_brand","embeddable":true,"href":"https:\/\/wholesale.vinoos.nl\/de\/wp-json\/wp\/v2\/product_brand?post=59300"},{"taxonomy":"product_cat","embeddable":true,"href":"https:\/\/wholesale.vinoos.nl\/de\/wp-json\/wp\/v2\/product_cat?post=59300"},{"taxonomy":"product_tag","embeddable":true,"href":"https:\/\/wholesale.vinoos.nl\/de\/wp-json\/wp\/v2\/product_tag?post=59300"}],"curies":[{"name":"wp","href":"https:\/\/api.w.org\/{rel}","templated":true}]}}