{"id":59306,"date":"2022-05-08T10:58:15","date_gmt":"2022-05-08T09:58:15","guid":{"rendered":"https:\/\/wholesale.vinoos.nl\/?post_type=product&#038;p=59306"},"modified":"2026-04-21T09:02:34","modified_gmt":"2026-04-21T08:02:34","slug":"sparkling-rose","status":"publish","type":"product","link":"https:\/\/wholesale.vinoos.nl\/de\/produkt\/sparkling-rose\/","title":{"rendered":"Sparkling Ros\u00e9 Large"},"content":{"rendered":"<p><span style=\"font-weight: 400;\">Diese neue hellrosa Sensation ist vom ersten Bissen an atemberaubend! Mit all den herrlich frischen Noten, die Sie erwarten w\u00fcrden. Charmante Himbeeren und perlige Noten von wei\u00dfen Bl\u00fcten machen diesen Sparkling Ros\u00e9 zu etwas ganz Besonderem. Sch\u00f6ner Abgang mit sehr feiner, knackiger S\u00e4ure. Diesen Wein m\u00f6chte man einfach nicht teilen, so k\u00f6stlich ist er!<\/span><\/p>\n","protected":false},"excerpt":{"rendered":"<p><span style=\"font-weight: 400;\">Lustig, fruchtig, feminin und unwiderstehlich&#8230;.<\/span><\/p>\n","protected":false},"featured_media":59311,"template":"","meta":{"_acf_changed":false,"_et_pb_use_builder":"","_et_pb_old_content":"","_et_gb_content_width":"","inline_featured_image":false},"product_brand":[],"product_cat":[252,255],"product_tag":[],"class_list":{"0":"post-59306","1":"product","2":"type-product","3":"status-publish","4":"has-post-thumbnail","6":"product_cat-real-wine-gum","7":"product_cat-single-packs-de","8":"pif-has-gallery","10":"first","11":"instock","12":"featured","13":"taxable","14":"shipping-taxable","15":"product-type-variable"},"acf":[],"_links":{"self":[{"href":"https:\/\/wholesale.vinoos.nl\/de\/wp-json\/wp\/v2\/product\/59306","targetHints":{"allow":["GET"]}}],"collection":[{"href":"https:\/\/wholesale.vinoos.nl\/de\/wp-json\/wp\/v2\/product"}],"about":[{"href":"https:\/\/wholesale.vinoos.nl\/de\/wp-json\/wp\/v2\/types\/product"}],"wp:featuredmedia":[{"embeddable":true,"href":"https:\/\/wholesale.vinoos.nl\/de\/wp-json\/wp\/v2\/media\/59311"}],"wp:attachment":[{"href":"https:\/\/wholesale.vinoos.nl\/de\/wp-json\/wp\/v2\/media?parent=59306"}],"wp:term":[{"taxonomy":"product_brand","embeddable":true,"href":"https:\/\/wholesale.vinoos.nl\/de\/wp-json\/wp\/v2\/product_brand?post=59306"},{"taxonomy":"product_cat","embeddable":true,"href":"https:\/\/wholesale.vinoos.nl\/de\/wp-json\/wp\/v2\/product_cat?post=59306"},{"taxonomy":"product_tag","embeddable":true,"href":"https:\/\/wholesale.vinoos.nl\/de\/wp-json\/wp\/v2\/product_tag?post=59306"}],"curies":[{"name":"wp","href":"https:\/\/api.w.org\/{rel}","templated":true}]}}