{"id":59491,"date":"2021-12-07T14:56:06","date_gmt":"2021-12-07T13:56:06","guid":{"rendered":"https:\/\/wholesale.vinoos.nl\/?post_type=product&#038;p=59491"},"modified":"2024-08-01T08:21:30","modified_gmt":"2024-08-01T07:21:30","slug":"chardonnay-2","status":"publish","type":"product","link":"https:\/\/wholesale.vinoos.nl\/de\/produkt\/chardonnay-2\/","title":{"rendered":"Chardonnay"},"content":{"rendered":"<p><span style=\"font-weight: 400;\">Diese Chardonnay-Seife wird dich \u00fcberraschen. Die reiche Frische des Orangenbaums und der s\u00fc\u00dfe Duft von Orangenbl\u00fcten erinnern an sommerliche Ferien an der Mittelmeerk\u00fcste. Ihr herrlich frischer Duft mit einem Hauch von Kr\u00e4utern bleibt m\u00fchelos bestehen und schafft sch\u00f6ne Erinnerungen. Der Abgang ist garantiert!<\/span><\/p>\n","protected":false},"excerpt":{"rendered":"<p><span style=\"font-weight: 400;\">Mach dein n\u00e4chstes Fest zu einem unvergesslichen Erlebnis!<\/span><\/p>\n","protected":false},"featured_media":59501,"template":"","meta":{"_acf_changed":false,"_et_pb_use_builder":"","_et_pb_old_content":"","_et_gb_content_width":"","inline_featured_image":false},"product_brand":[],"product_cat":[251],"product_tag":[260],"class_list":{"0":"post-59491","1":"product","2":"type-product","3":"status-publish","4":"has-post-thumbnail","6":"product_cat-real-wine-body-soap","7":"product_tag-eu-de","8":"pif-has-gallery","10":"first","11":"instock","12":"taxable","13":"shipping-taxable","14":"product-type-variable"},"acf":[],"_links":{"self":[{"href":"https:\/\/wholesale.vinoos.nl\/de\/wp-json\/wp\/v2\/product\/59491","targetHints":{"allow":["GET"]}}],"collection":[{"href":"https:\/\/wholesale.vinoos.nl\/de\/wp-json\/wp\/v2\/product"}],"about":[{"href":"https:\/\/wholesale.vinoos.nl\/de\/wp-json\/wp\/v2\/types\/product"}],"wp:featuredmedia":[{"embeddable":true,"href":"https:\/\/wholesale.vinoos.nl\/de\/wp-json\/wp\/v2\/media\/59501"}],"wp:attachment":[{"href":"https:\/\/wholesale.vinoos.nl\/de\/wp-json\/wp\/v2\/media?parent=59491"}],"wp:term":[{"taxonomy":"product_brand","embeddable":true,"href":"https:\/\/wholesale.vinoos.nl\/de\/wp-json\/wp\/v2\/product_brand?post=59491"},{"taxonomy":"product_cat","embeddable":true,"href":"https:\/\/wholesale.vinoos.nl\/de\/wp-json\/wp\/v2\/product_cat?post=59491"},{"taxonomy":"product_tag","embeddable":true,"href":"https:\/\/wholesale.vinoos.nl\/de\/wp-json\/wp\/v2\/product_tag?post=59491"}],"curies":[{"name":"wp","href":"https:\/\/api.w.org\/{rel}","templated":true}]}}