{"id":59554,"date":"2023-11-22T11:16:50","date_gmt":"2023-11-22T10:16:50","guid":{"rendered":"https:\/\/wholesale.vinoos.nl\/?post_type=product&#038;p=59554"},"modified":"2026-05-04T15:04:21","modified_gmt":"2026-05-04T14:04:21","slug":"kette-kreis-lichtgruen-you-are-wonderful","status":"publish","type":"product","link":"https:\/\/wholesale.vinoos.nl\/de\/produkt\/kette-kreis-lichtgruen-you-are-wonderful\/","title":{"rendered":"Kette Kreis Lichtgr\u00fcn &#8211; You Are Wonderful"},"content":{"rendered":"<p>Dieses gr\u00fcne Kreis-Kette symbolisiert Wachstum und Lebensfreude. Es erinnert dich t\u00e4glich an den strahlenden Geist, der in dir lebt und Optimismus und St\u00e4rke ausstrahlt. Ein besonderes Geschenk, das auch noch durch den Briefkasten passt. Prost!<\/p>\n<p>Die einzelne Kette ist ca. 40 cm lang mit einem Verl\u00e4ngerungsst\u00fcck von ca. 6 cm.<\/p>\n","protected":false},"excerpt":{"rendered":"<p>Eine feine Kette mit einem subtilen Kreis und einer gl\u00e4nzenden Glasperle!<\/p>\n","protected":false},"featured_media":59550,"template":"","meta":{"_acf_changed":false,"_et_pb_use_builder":"","_et_pb_old_content":"","_et_gb_content_width":"","inline_featured_image":false},"product_brand":[],"product_cat":[276,258,256],"product_tag":[],"class_list":{"0":"post-59554","1":"product","2":"type-product","3":"status-publish","4":"has-post-thumbnail","6":"product_cat-colours-of-wine-de","7":"product_cat-kettingen-de","8":"product_cat-real-wine-jewellery","10":"first","11":"instock","12":"taxable","13":"shipping-taxable","14":"product-type-simple"},"acf":[],"_links":{"self":[{"href":"https:\/\/wholesale.vinoos.nl\/de\/wp-json\/wp\/v2\/product\/59554","targetHints":{"allow":["GET"]}}],"collection":[{"href":"https:\/\/wholesale.vinoos.nl\/de\/wp-json\/wp\/v2\/product"}],"about":[{"href":"https:\/\/wholesale.vinoos.nl\/de\/wp-json\/wp\/v2\/types\/product"}],"wp:featuredmedia":[{"embeddable":true,"href":"https:\/\/wholesale.vinoos.nl\/de\/wp-json\/wp\/v2\/media\/59550"}],"wp:attachment":[{"href":"https:\/\/wholesale.vinoos.nl\/de\/wp-json\/wp\/v2\/media?parent=59554"}],"wp:term":[{"taxonomy":"product_brand","embeddable":true,"href":"https:\/\/wholesale.vinoos.nl\/de\/wp-json\/wp\/v2\/product_brand?post=59554"},{"taxonomy":"product_cat","embeddable":true,"href":"https:\/\/wholesale.vinoos.nl\/de\/wp-json\/wp\/v2\/product_cat?post=59554"},{"taxonomy":"product_tag","embeddable":true,"href":"https:\/\/wholesale.vinoos.nl\/de\/wp-json\/wp\/v2\/product_tag?post=59554"}],"curies":[{"name":"wp","href":"https:\/\/api.w.org\/{rel}","templated":true}]}}