{"id":59563,"date":"2023-11-22T11:17:04","date_gmt":"2023-11-22T10:17:04","guid":{"rendered":"https:\/\/wholesale.vinoos.nl\/?post_type=product&#038;p=59563"},"modified":"2026-04-28T16:03:52","modified_gmt":"2026-04-28T15:03:52","slug":"kette-sonnen-lichtrosa-congratulations","status":"publish","type":"product","link":"https:\/\/wholesale.vinoos.nl\/de\/produkt\/kette-sonnen-lichtrosa-congratulations\/","title":{"rendered":"Kette Sonnen Lichtrosa &#8211; Congratulations"},"content":{"rendered":"<p>Verw\u00f6hne dich mit diesem hellrosa Sonnenketten-Anh\u00e4nger, ein Symbol f\u00fcr Freude und Neuanf\u00e4nge. Trage diese Kette als Erinnerung an deine Gl\u00fcckw\u00fcnsche und feiere die sch\u00f6nen Momente, die noch kommen werden. Ein besonderes Geschenk, das auch noch durch den Briefkasten passt. Prost!<\/p>\n<p>Die l\u00e4ngste Kette ist ca. 46 cm lang mit einem Verl\u00e4ngerungsst\u00fcck von ca. 5 cm. Die beiden Ketten haben gemeinsam einen Verschluss, so dass sie sich sch\u00f6n im Verh\u00e4ltnis zueinander halten.<\/p>\n","protected":false},"excerpt":{"rendered":"<p><span style=\"font-weight: 400;\">Eine raffinierte Kette mit einer warmen Sonne und einer gl\u00e4nzenden Glasperle!<\/span><\/p>\n","protected":false},"featured_media":59558,"template":"","meta":{"_acf_changed":false,"_et_pb_use_builder":"","_et_pb_old_content":"","_et_gb_content_width":"","inline_featured_image":false},"product_brand":[],"product_cat":[276,258,256],"product_tag":[],"class_list":{"0":"post-59563","1":"product","2":"type-product","3":"status-publish","4":"has-post-thumbnail","6":"product_cat-colours-of-wine-de","7":"product_cat-kettingen-de","8":"product_cat-real-wine-jewellery","9":"pif-has-gallery","11":"first","12":"instock","13":"taxable","14":"shipping-taxable","15":"product-type-simple"},"acf":[],"_links":{"self":[{"href":"https:\/\/wholesale.vinoos.nl\/de\/wp-json\/wp\/v2\/product\/59563","targetHints":{"allow":["GET"]}}],"collection":[{"href":"https:\/\/wholesale.vinoos.nl\/de\/wp-json\/wp\/v2\/product"}],"about":[{"href":"https:\/\/wholesale.vinoos.nl\/de\/wp-json\/wp\/v2\/types\/product"}],"wp:featuredmedia":[{"embeddable":true,"href":"https:\/\/wholesale.vinoos.nl\/de\/wp-json\/wp\/v2\/media\/59558"}],"wp:attachment":[{"href":"https:\/\/wholesale.vinoos.nl\/de\/wp-json\/wp\/v2\/media?parent=59563"}],"wp:term":[{"taxonomy":"product_brand","embeddable":true,"href":"https:\/\/wholesale.vinoos.nl\/de\/wp-json\/wp\/v2\/product_brand?post=59563"},{"taxonomy":"product_cat","embeddable":true,"href":"https:\/\/wholesale.vinoos.nl\/de\/wp-json\/wp\/v2\/product_cat?post=59563"},{"taxonomy":"product_tag","embeddable":true,"href":"https:\/\/wholesale.vinoos.nl\/de\/wp-json\/wp\/v2\/product_tag?post=59563"}],"curies":[{"name":"wp","href":"https:\/\/api.w.org\/{rel}","templated":true}]}}