{"id":59564,"date":"2023-11-22T11:17:03","date_gmt":"2023-11-22T10:17:03","guid":{"rendered":"https:\/\/wholesale.vinoos.nl\/?post_type=product&#038;p=59564"},"modified":"2026-05-04T15:04:21","modified_gmt":"2026-05-04T14:04:21","slug":"kette-sonnen-gruen-no-words","status":"publish","type":"product","link":"https:\/\/wholesale.vinoos.nl\/de\/produkt\/kette-sonnen-gruen-no-words\/","title":{"rendered":"Kette Sonnen Gr\u00fcn &#8211; No Words"},"content":{"rendered":"<p><span style=\"font-weight: 400;\">Genie\u00dfen Sie den nat\u00fcrlichen Charme dieser gr\u00fcnen Sonnenkette, ein kleines Andenken an die Wunder der Natur. Das tiefgr\u00fcne Farbspektrum, wie eine Weinbergsfarbpalette, ist ein subtiler Hinweis auf k\u00f6stliche Weine. Ein besonderes Geschenk, das auch noch durch den Briefkasten passt. Prost!<\/span><\/p>\n<p><span style=\"font-weight: 400;\">Die l\u00e4ngste Kette ist ca. 46 cm lang mit einem Verl\u00e4ngerungsst\u00fcck von ca. 5 cm. Die beiden Ketten haben gemeinsam einen Verschluss, so dass sie sich sch\u00f6n im Verh\u00e4ltnis zueinander halten.<\/span><\/p>\n","protected":false},"excerpt":{"rendered":"<p><span style=\"font-weight: 400;\">Eine raffinierte Kette mit einer warmen Sonne und einer gl\u00e4nzenden Glasperle!<\/span><\/p>\n","protected":false},"featured_media":59560,"template":"","meta":{"_acf_changed":false,"_et_pb_use_builder":"","_et_pb_old_content":"","_et_gb_content_width":"","inline_featured_image":false},"product_brand":[],"product_cat":[276,258,256],"product_tag":[],"class_list":{"0":"post-59564","1":"product","2":"type-product","3":"status-publish","4":"has-post-thumbnail","6":"product_cat-colours-of-wine-de","7":"product_cat-kettingen-de","8":"product_cat-real-wine-jewellery","9":"pif-has-gallery","11":"first","12":"instock","13":"taxable","14":"shipping-taxable","15":"product-type-simple"},"acf":[],"_links":{"self":[{"href":"https:\/\/wholesale.vinoos.nl\/de\/wp-json\/wp\/v2\/product\/59564","targetHints":{"allow":["GET"]}}],"collection":[{"href":"https:\/\/wholesale.vinoos.nl\/de\/wp-json\/wp\/v2\/product"}],"about":[{"href":"https:\/\/wholesale.vinoos.nl\/de\/wp-json\/wp\/v2\/types\/product"}],"wp:featuredmedia":[{"embeddable":true,"href":"https:\/\/wholesale.vinoos.nl\/de\/wp-json\/wp\/v2\/media\/59560"}],"wp:attachment":[{"href":"https:\/\/wholesale.vinoos.nl\/de\/wp-json\/wp\/v2\/media?parent=59564"}],"wp:term":[{"taxonomy":"product_brand","embeddable":true,"href":"https:\/\/wholesale.vinoos.nl\/de\/wp-json\/wp\/v2\/product_brand?post=59564"},{"taxonomy":"product_cat","embeddable":true,"href":"https:\/\/wholesale.vinoos.nl\/de\/wp-json\/wp\/v2\/product_cat?post=59564"},{"taxonomy":"product_tag","embeddable":true,"href":"https:\/\/wholesale.vinoos.nl\/de\/wp-json\/wp\/v2\/product_tag?post=59564"}],"curies":[{"name":"wp","href":"https:\/\/api.w.org\/{rel}","templated":true}]}}