{"id":59575,"date":"2023-11-22T11:16:54","date_gmt":"2023-11-22T10:16:54","guid":{"rendered":"https:\/\/wholesale.vinoos.nl\/?post_type=product&#038;p=59575"},"modified":"2026-01-15T11:02:01","modified_gmt":"2026-01-15T10:02:01","slug":"armband-lichtrosa-friends-forever","status":"publish","type":"product","link":"https:\/\/wholesale.vinoos.nl\/de\/produkt\/armband-lichtrosa-friends-forever\/","title":{"rendered":"Armband Lichtrosa &#8211; Friends Forever"},"content":{"rendered":"<p><span style=\"font-weight: 400;\">Pflege eine langj\u00e4hrige Freundschaft mit diesem Edelstahlarmband mit einer hellrosa Glasperle. Dieses Schmuckst\u00fcck strahlt W\u00e4rme und Freude aus. Ein besonderes Geschenk, das auch durch den Briefkasten passt. Prost!<\/span><\/p>\n<p><span style=\"font-weight: 400;\">Die L\u00e4nge des Armbandes betr\u00e4gt ca. 15 cm mit einer Verl\u00e4ngerung von ca. 2,5 cm.<\/span><\/p>\n","protected":false},"excerpt":{"rendered":"<p>Ein subtiler Edelstahlarmreif mit einer gl\u00e4nzenden Glasperle!<\/p>\n","protected":false},"featured_media":59577,"template":"","meta":{"_acf_changed":false,"_et_pb_use_builder":"","_et_pb_old_content":"","_et_gb_content_width":"","inline_featured_image":false},"product_brand":[],"product_cat":[257,276,256],"product_tag":[],"class_list":{"0":"post-59575","1":"product","2":"type-product","3":"status-publish","4":"has-post-thumbnail","6":"product_cat-armbanden-de","7":"product_cat-colours-of-wine-de","8":"product_cat-real-wine-jewellery","9":"pif-has-gallery","11":"first","12":"instock","13":"taxable","14":"shipping-taxable","15":"product-type-simple"},"acf":[],"_links":{"self":[{"href":"https:\/\/wholesale.vinoos.nl\/de\/wp-json\/wp\/v2\/product\/59575","targetHints":{"allow":["GET"]}}],"collection":[{"href":"https:\/\/wholesale.vinoos.nl\/de\/wp-json\/wp\/v2\/product"}],"about":[{"href":"https:\/\/wholesale.vinoos.nl\/de\/wp-json\/wp\/v2\/types\/product"}],"wp:featuredmedia":[{"embeddable":true,"href":"https:\/\/wholesale.vinoos.nl\/de\/wp-json\/wp\/v2\/media\/59577"}],"wp:attachment":[{"href":"https:\/\/wholesale.vinoos.nl\/de\/wp-json\/wp\/v2\/media?parent=59575"}],"wp:term":[{"taxonomy":"product_brand","embeddable":true,"href":"https:\/\/wholesale.vinoos.nl\/de\/wp-json\/wp\/v2\/product_brand?post=59575"},{"taxonomy":"product_cat","embeddable":true,"href":"https:\/\/wholesale.vinoos.nl\/de\/wp-json\/wp\/v2\/product_cat?post=59575"},{"taxonomy":"product_tag","embeddable":true,"href":"https:\/\/wholesale.vinoos.nl\/de\/wp-json\/wp\/v2\/product_tag?post=59575"}],"curies":[{"name":"wp","href":"https:\/\/api.w.org\/{rel}","templated":true}]}}