{"id":59870,"date":"2024-09-25T10:10:08","date_gmt":"2024-09-25T09:10:08","guid":{"rendered":"https:\/\/wholesale.vinoos.nl\/product\/glass-necklace-sun-yellow-happy-together\/"},"modified":"2026-04-23T16:18:42","modified_gmt":"2026-04-23T15:18:42","slug":"kette-sonnen-gelbe-happy-together","status":"publish","type":"product","link":"https:\/\/wholesale.vinoos.nl\/de\/produkt\/kette-sonnen-gelbe-happy-together\/","title":{"rendered":"Kette Sonnen Gelbe &#8211; Happy Together"},"content":{"rendered":"<p>Diese gelbe Sonnenkette steht f\u00fcr Verbundenheit und Genuss und ist perfekt f\u00fcr Momente des Zusammenseins und der Freude. Ein besonderes Geschenk, das auch noch durch den Briefkasten passt. Prost!<\/p>\n<p>Die l\u00e4ngste Kette ist ca. 46 cm lang mit einem Verl\u00e4ngerungsst\u00fcck von ca. 5 cm. Die beiden Ketten haben gemeinsam einen Verschluss, so dass sie sich sch\u00f6n im Verh\u00e4ltnis zueinander halten.<\/p>\n","protected":false},"excerpt":{"rendered":"<p><em>Bestellung von 3 St\u00fcck.<\/em><\/p>\n<p>Eine raffinierte Kette mit einer warmen Sonne und einer gl\u00e4nzenden Glasperle!<\/p>\n","protected":false},"featured_media":59865,"template":"","meta":{"_acf_changed":false,"_et_pb_use_builder":"","_et_pb_old_content":"","_et_gb_content_width":"","inline_featured_image":false},"product_brand":[],"product_cat":[276,258,256],"product_tag":[],"class_list":{"0":"post-59870","1":"product","2":"type-product","3":"status-publish","4":"has-post-thumbnail","6":"product_cat-colours-of-wine-de","7":"product_cat-kettingen-de","8":"product_cat-real-wine-jewellery","9":"pif-has-gallery","11":"first","12":"instock","13":"taxable","14":"shipping-taxable","15":"product-type-simple"},"acf":[],"_links":{"self":[{"href":"https:\/\/wholesale.vinoos.nl\/de\/wp-json\/wp\/v2\/product\/59870","targetHints":{"allow":["GET"]}}],"collection":[{"href":"https:\/\/wholesale.vinoos.nl\/de\/wp-json\/wp\/v2\/product"}],"about":[{"href":"https:\/\/wholesale.vinoos.nl\/de\/wp-json\/wp\/v2\/types\/product"}],"wp:featuredmedia":[{"embeddable":true,"href":"https:\/\/wholesale.vinoos.nl\/de\/wp-json\/wp\/v2\/media\/59865"}],"wp:attachment":[{"href":"https:\/\/wholesale.vinoos.nl\/de\/wp-json\/wp\/v2\/media?parent=59870"}],"wp:term":[{"taxonomy":"product_brand","embeddable":true,"href":"https:\/\/wholesale.vinoos.nl\/de\/wp-json\/wp\/v2\/product_brand?post=59870"},{"taxonomy":"product_cat","embeddable":true,"href":"https:\/\/wholesale.vinoos.nl\/de\/wp-json\/wp\/v2\/product_cat?post=59870"},{"taxonomy":"product_tag","embeddable":true,"href":"https:\/\/wholesale.vinoos.nl\/de\/wp-json\/wp\/v2\/product_tag?post=59870"}],"curies":[{"name":"wp","href":"https:\/\/api.w.org\/{rel}","templated":true}]}}