{"id":60451,"date":"2025-03-25T12:22:49","date_gmt":"2025-03-25T11:22:49","guid":{"rendered":"https:\/\/wholesale.vinoos.nl\/product\/soulmates-forever-lucky-knots-olive-green\/"},"modified":"2025-12-09T11:32:14","modified_gmt":"2025-12-09T10:32:14","slug":"soulmates-forever-lucky-knots-olive-green","status":"publish","type":"product","link":"https:\/\/wholesale.vinoos.nl\/de\/produkt\/soulmates-forever-lucky-knots-olive-green\/","title":{"rendered":"Soulmates forever. Lucky Knots &#8211; Olive green"},"content":{"rendered":"<p>Diese Gl\u00fccksknoten sind eine Ode an den Knoten als vergessenes, verbindendes Objekt. Handgefertigt f\u00fcr Sie und Ihren besonderen Partner als sch\u00f6ne Geste der Verbundenheit.<\/p>\n<p>Wie oft sagen wir uns gegenseitig, wie gl\u00fccklich wir miteinander sind? Oder wie wertvoll jemand f\u00fcr uns ist? Tragen Sie es an Ihrer Bluse, in Ihrer Tasche oder an Ihrem \u00c4rmel, oder tragen Sie es als Armband mit den mitgelieferten Seidenkordeln. So haben Sie einen geliebten Menschen immer in Ihrer N\u00e4he und umgekehrt.<\/p>\n<p>Lucky Knot &#8211; als wundersch\u00f6nes, besonderes Andenken, um ein St\u00fcckchen des anderen immer bei sich zu haben!<\/p>\n","protected":false},"excerpt":{"rendered":"<p>Kauf pro 3 St\u00fcck.<\/p>\n<p>Du &amp; Ich f\u00fcr immer&#8230;<\/p>\n","protected":false},"featured_media":60441,"template":"","meta":{"_acf_changed":false,"_et_pb_use_builder":"","_et_pb_old_content":"","_et_gb_content_width":"","inline_featured_image":false},"product_brand":[],"product_cat":[270,256],"product_tag":[],"class_list":{"0":"post-60451","1":"product","2":"type-product","3":"status-publish","4":"has-post-thumbnail","6":"product_cat-ode-to-green-de","7":"product_cat-real-wine-jewellery","8":"pif-has-gallery","10":"first","11":"instock","12":"taxable","13":"shipping-taxable","14":"product-type-simple"},"acf":[],"_links":{"self":[{"href":"https:\/\/wholesale.vinoos.nl\/de\/wp-json\/wp\/v2\/product\/60451","targetHints":{"allow":["GET"]}}],"collection":[{"href":"https:\/\/wholesale.vinoos.nl\/de\/wp-json\/wp\/v2\/product"}],"about":[{"href":"https:\/\/wholesale.vinoos.nl\/de\/wp-json\/wp\/v2\/types\/product"}],"wp:featuredmedia":[{"embeddable":true,"href":"https:\/\/wholesale.vinoos.nl\/de\/wp-json\/wp\/v2\/media\/60441"}],"wp:attachment":[{"href":"https:\/\/wholesale.vinoos.nl\/de\/wp-json\/wp\/v2\/media?parent=60451"}],"wp:term":[{"taxonomy":"product_brand","embeddable":true,"href":"https:\/\/wholesale.vinoos.nl\/de\/wp-json\/wp\/v2\/product_brand?post=60451"},{"taxonomy":"product_cat","embeddable":true,"href":"https:\/\/wholesale.vinoos.nl\/de\/wp-json\/wp\/v2\/product_cat?post=60451"},{"taxonomy":"product_tag","embeddable":true,"href":"https:\/\/wholesale.vinoos.nl\/de\/wp-json\/wp\/v2\/product_tag?post=60451"}],"curies":[{"name":"wp","href":"https:\/\/api.w.org\/{rel}","templated":true}]}}