{"id":60453,"date":"2025-03-25T12:19:14","date_gmt":"2025-03-25T11:19:14","guid":{"rendered":"https:\/\/wholesale.vinoos.nl\/product\/you-are-my-universe-charm-necklace-green-with-charms\/"},"modified":"2026-04-28T16:03:51","modified_gmt":"2026-04-28T15:03:51","slug":"you-are-my-universe-charm-necklace-green-with-charms","status":"publish","type":"product","link":"https:\/\/wholesale.vinoos.nl\/de\/produkt\/you-are-my-universe-charm-necklace-green-with-charms\/","title":{"rendered":"You are my universe. Charm Halskette &#8211; Gr\u00fcn mit Anh\u00e4ngern"},"content":{"rendered":"<p>Diese Charm-Halskette ist ein subtiles Schmuckst\u00fcck, das Frieden und Ruhe ausstrahlt. Mit einer gr\u00fcnen Glasperle aus recycelten Weinflaschen und raffinierten Anh\u00e4ngern ist sie das perfekte Accessoire, um einen Moment der Besinnung oder des Friedens zu genie\u00dfen. Ein wunderbares Geschenk f\u00fcr Sie selbst oder f\u00fcr jemanden, der ein bisschen Liebe gebrauchen kann!<\/p>\n<p>Die L\u00e4nge dieser Halskette betr\u00e4gt 53 cm.<\/p>\n","protected":false},"excerpt":{"rendered":"<p><em>Kauf pro 3 St\u00fcck.<\/em><\/p>\n<p>Sie liegt mir immer am Herzen.<\/p>\n","protected":false},"featured_media":60425,"template":"","meta":{"_acf_changed":false,"_et_pb_use_builder":"","_et_pb_old_content":"","_et_gb_content_width":"","inline_featured_image":false},"product_brand":[],"product_cat":[258,270,256],"product_tag":[],"class_list":{"0":"post-60453","1":"product","2":"type-product","3":"status-publish","4":"has-post-thumbnail","6":"product_cat-kettingen-de","7":"product_cat-ode-to-green-de","8":"product_cat-real-wine-jewellery","9":"pif-has-gallery","11":"first","12":"instock","13":"taxable","14":"shipping-taxable","15":"product-type-simple"},"acf":[],"_links":{"self":[{"href":"https:\/\/wholesale.vinoos.nl\/de\/wp-json\/wp\/v2\/product\/60453","targetHints":{"allow":["GET"]}}],"collection":[{"href":"https:\/\/wholesale.vinoos.nl\/de\/wp-json\/wp\/v2\/product"}],"about":[{"href":"https:\/\/wholesale.vinoos.nl\/de\/wp-json\/wp\/v2\/types\/product"}],"wp:featuredmedia":[{"embeddable":true,"href":"https:\/\/wholesale.vinoos.nl\/de\/wp-json\/wp\/v2\/media\/60425"}],"wp:attachment":[{"href":"https:\/\/wholesale.vinoos.nl\/de\/wp-json\/wp\/v2\/media?parent=60453"}],"wp:term":[{"taxonomy":"product_brand","embeddable":true,"href":"https:\/\/wholesale.vinoos.nl\/de\/wp-json\/wp\/v2\/product_brand?post=60453"},{"taxonomy":"product_cat","embeddable":true,"href":"https:\/\/wholesale.vinoos.nl\/de\/wp-json\/wp\/v2\/product_cat?post=60453"},{"taxonomy":"product_tag","embeddable":true,"href":"https:\/\/wholesale.vinoos.nl\/de\/wp-json\/wp\/v2\/product_tag?post=60453"}],"curies":[{"name":"wp","href":"https:\/\/api.w.org\/{rel}","templated":true}]}}