{"id":60456,"date":"2025-03-25T12:14:02","date_gmt":"2025-03-25T11:14:02","guid":{"rendered":"https:\/\/wholesale.vinoos.nl\/product\/60406\/"},"modified":"2025-12-09T11:32:14","modified_gmt":"2025-12-09T10:32:14","slug":"60406","status":"publish","type":"product","link":"https:\/\/wholesale.vinoos.nl\/de\/produkt\/60406\/","title":{"rendered":"You &#038; Me. Duo Bracelet &#8211; T\u00fcrkis und Gr\u00fcn"},"content":{"rendered":"<p>Dieses You &amp; Me. Duo-Armband ist ein wundersch\u00f6nes Symbol der Verbundenheit! Hergestellt mit einer gr\u00fcnen und t\u00fcrkisen Glasperle aus recycelten Weinflaschen; eine f\u00fcr dich und eine f\u00fcr mich. Eine sch\u00f6ne Art, Zweisamkeit, Verbundenheit und Teilen zu feiern.<\/p>\n<p>Verschenken Sie eine und behalten Sie die andere f\u00fcr sich &#8211; so tragen Sie immer ein bisschen vom anderen bei sich!<\/p>\n","protected":false},"excerpt":{"rendered":"<p><em>Kauf pro 3 St\u00fcck.<\/em><\/p>\n<p>Du &amp; Ich f\u00fcr immer&#8230;<\/p>\n","protected":false},"featured_media":60412,"template":"","meta":{"_acf_changed":false,"_et_pb_use_builder":"","_et_pb_old_content":"","_et_gb_content_width":"","inline_featured_image":false},"product_brand":[],"product_cat":[257,270,256],"product_tag":[],"class_list":{"0":"post-60456","1":"product","2":"type-product","3":"status-publish","4":"has-post-thumbnail","6":"product_cat-armbanden-de","7":"product_cat-ode-to-green-de","8":"product_cat-real-wine-jewellery","9":"pif-has-gallery","11":"first","12":"instock","13":"taxable","14":"shipping-taxable","15":"product-type-simple"},"acf":[],"_links":{"self":[{"href":"https:\/\/wholesale.vinoos.nl\/de\/wp-json\/wp\/v2\/product\/60456","targetHints":{"allow":["GET"]}}],"collection":[{"href":"https:\/\/wholesale.vinoos.nl\/de\/wp-json\/wp\/v2\/product"}],"about":[{"href":"https:\/\/wholesale.vinoos.nl\/de\/wp-json\/wp\/v2\/types\/product"}],"wp:featuredmedia":[{"embeddable":true,"href":"https:\/\/wholesale.vinoos.nl\/de\/wp-json\/wp\/v2\/media\/60412"}],"wp:attachment":[{"href":"https:\/\/wholesale.vinoos.nl\/de\/wp-json\/wp\/v2\/media?parent=60456"}],"wp:term":[{"taxonomy":"product_brand","embeddable":true,"href":"https:\/\/wholesale.vinoos.nl\/de\/wp-json\/wp\/v2\/product_brand?post=60456"},{"taxonomy":"product_cat","embeddable":true,"href":"https:\/\/wholesale.vinoos.nl\/de\/wp-json\/wp\/v2\/product_cat?post=60456"},{"taxonomy":"product_tag","embeddable":true,"href":"https:\/\/wholesale.vinoos.nl\/de\/wp-json\/wp\/v2\/product_tag?post=60456"}],"curies":[{"name":"wp","href":"https:\/\/api.w.org\/{rel}","templated":true}]}}