{"id":60461,"date":"2025-03-25T12:06:12","date_gmt":"2025-03-25T11:06:12","guid":{"rendered":"https:\/\/wholesale.vinoos.nl\/product\/you-deserve-it-necklace-turquoise\/"},"modified":"2026-04-10T09:14:39","modified_gmt":"2026-04-10T08:14:39","slug":"you-deserve-it-necklace-turquoise","status":"publish","type":"product","link":"https:\/\/wholesale.vinoos.nl\/de\/produkt\/you-deserve-it-necklace-turquoise\/","title":{"rendered":"You deserve it. Halskette &#8211; T\u00fcrkis"},"content":{"rendered":"<p>Diese Halskette ist eine sch\u00f6ne Geste, um jemanden zu unterst\u00fctzen. Mit einer t\u00fcrkisfarbenen Glasperle aus upgecycelten Weinflaschen strahlt sie Frieden und Ruhe aus. Eine sch\u00f6ne Art und Weise zu zeigen, dass Sie f\u00fcr jemanden da sind und dass Sie sich um ihn k\u00fcmmern.<\/p>\n<p>Die L\u00e4nge dieser Halskette betr\u00e4gt 45 cm.<\/p>\n","protected":false},"excerpt":{"rendered":"<p><em>Kauf pro 3 St\u00fcck.<\/em><\/p>\n<p>Eine nette kleine Geste der Unterst\u00fctzung.<\/p>\n","protected":false},"featured_media":60384,"template":"","meta":{"_acf_changed":false,"_et_pb_use_builder":"","_et_pb_old_content":"","_et_gb_content_width":"","inline_featured_image":false},"product_brand":[],"product_cat":[258,270,256],"product_tag":[],"class_list":{"0":"post-60461","1":"product","2":"type-product","3":"status-publish","4":"has-post-thumbnail","6":"product_cat-kettingen-de","7":"product_cat-ode-to-green-de","8":"product_cat-real-wine-jewellery","9":"pif-has-gallery","11":"first","12":"instock","13":"taxable","14":"shipping-taxable","15":"product-type-simple"},"acf":[],"_links":{"self":[{"href":"https:\/\/wholesale.vinoos.nl\/de\/wp-json\/wp\/v2\/product\/60461","targetHints":{"allow":["GET"]}}],"collection":[{"href":"https:\/\/wholesale.vinoos.nl\/de\/wp-json\/wp\/v2\/product"}],"about":[{"href":"https:\/\/wholesale.vinoos.nl\/de\/wp-json\/wp\/v2\/types\/product"}],"wp:featuredmedia":[{"embeddable":true,"href":"https:\/\/wholesale.vinoos.nl\/de\/wp-json\/wp\/v2\/media\/60384"}],"wp:attachment":[{"href":"https:\/\/wholesale.vinoos.nl\/de\/wp-json\/wp\/v2\/media?parent=60461"}],"wp:term":[{"taxonomy":"product_brand","embeddable":true,"href":"https:\/\/wholesale.vinoos.nl\/de\/wp-json\/wp\/v2\/product_brand?post=60461"},{"taxonomy":"product_cat","embeddable":true,"href":"https:\/\/wholesale.vinoos.nl\/de\/wp-json\/wp\/v2\/product_cat?post=60461"},{"taxonomy":"product_tag","embeddable":true,"href":"https:\/\/wholesale.vinoos.nl\/de\/wp-json\/wp\/v2\/product_tag?post=60461"}],"curies":[{"name":"wp","href":"https:\/\/api.w.org\/{rel}","templated":true}]}}