{"id":60464,"date":"2025-03-25T12:02:41","date_gmt":"2025-03-25T11:02:41","guid":{"rendered":"https:\/\/wholesale.vinoos.nl\/product\/believe-in-yourself-earring-green-with-freshwater-pearl\/"},"modified":"2026-04-10T09:14:39","modified_gmt":"2026-04-10T08:14:39","slug":"believe-in-yourself-earring-green-with-freshwater-pearl","status":"publish","type":"product","link":"https:\/\/wholesale.vinoos.nl\/de\/produkt\/believe-in-yourself-earring-green-with-freshwater-pearl\/","title":{"rendered":"Believe in yourself. Ohrstecker &#8211; Gr\u00fcn mit S\u00fc\u00dfwasserperle"},"content":{"rendered":"<p>Der lange Ohrring \u201eBelieve in yourself\u201c ist ein sch\u00f6nes Symbol der Selbstliebe. Mit einer gr\u00fcnen Glasperle aus upgecycelten Weinflaschen und einer kleinen S\u00fc\u00dfwasserperle strahlt er inneres Wachstum und Liebe aus. Ein zierliches und pers\u00f6nliches Schmuckst\u00fcck, um MICH zu feiern &#8211; Believe in yourself!<\/p>\n","protected":false},"excerpt":{"rendered":"<p><em>Kauf pro 3 St\u00fcck.<\/em><\/p>\n<p>Tragen Sie diesen Ohrring als Erinnerung: Glaube an dich selbst, immer.<\/p>\n","protected":false},"featured_media":60374,"template":"","meta":{"_acf_changed":false,"_et_pb_use_builder":"","_et_pb_old_content":"","_et_gb_content_width":"","inline_featured_image":false},"product_brand":[],"product_cat":[270,259,256],"product_tag":[],"class_list":{"0":"post-60464","1":"product","2":"type-product","3":"status-publish","4":"has-post-thumbnail","6":"product_cat-ode-to-green-de","7":"product_cat-oorbellen-de","8":"product_cat-real-wine-jewellery","9":"pif-has-gallery","11":"first","12":"instock","13":"taxable","14":"shipping-taxable","15":"product-type-simple"},"acf":[],"_links":{"self":[{"href":"https:\/\/wholesale.vinoos.nl\/de\/wp-json\/wp\/v2\/product\/60464","targetHints":{"allow":["GET"]}}],"collection":[{"href":"https:\/\/wholesale.vinoos.nl\/de\/wp-json\/wp\/v2\/product"}],"about":[{"href":"https:\/\/wholesale.vinoos.nl\/de\/wp-json\/wp\/v2\/types\/product"}],"wp:featuredmedia":[{"embeddable":true,"href":"https:\/\/wholesale.vinoos.nl\/de\/wp-json\/wp\/v2\/media\/60374"}],"wp:attachment":[{"href":"https:\/\/wholesale.vinoos.nl\/de\/wp-json\/wp\/v2\/media?parent=60464"}],"wp:term":[{"taxonomy":"product_brand","embeddable":true,"href":"https:\/\/wholesale.vinoos.nl\/de\/wp-json\/wp\/v2\/product_brand?post=60464"},{"taxonomy":"product_cat","embeddable":true,"href":"https:\/\/wholesale.vinoos.nl\/de\/wp-json\/wp\/v2\/product_cat?post=60464"},{"taxonomy":"product_tag","embeddable":true,"href":"https:\/\/wholesale.vinoos.nl\/de\/wp-json\/wp\/v2\/product_tag?post=60464"}],"curies":[{"name":"wp","href":"https:\/\/api.w.org\/{rel}","templated":true}]}}