{"id":60467,"date":"2025-03-25T11:55:34","date_gmt":"2025-03-25T10:55:34","guid":{"rendered":"https:\/\/wholesale.vinoos.nl\/product\/a-little-kindness-earring-turquoise-with-freshwater-pearl\/"},"modified":"2026-04-27T12:51:25","modified_gmt":"2026-04-27T11:51:25","slug":"a-little-kindness-earring-turquoise-with-freshwater-pearl","status":"publish","type":"product","link":"https:\/\/wholesale.vinoos.nl\/de\/produkt\/a-little-kindness-earring-turquoise-with-freshwater-pearl\/","title":{"rendered":"A little kindness. Ohrringe &#8211; T\u00fcrkis mit S\u00fc\u00dfwasserperle"},"content":{"rendered":"<p>Dieser Ohrring ist eine nette Geste, um jemanden zu unterst\u00fctzen. Die t\u00fcrkisfarbene Glasperle aus recycelten Weinflaschen hat eine beruhigende Wirkung, und die kleine S\u00fc\u00dfwasserperle verleiht ihm eine sanfte, pers\u00f6nliche Note. Ein sch\u00f6nes und bedeutungsvolles Schmuckst\u00fcck, um jemandem ein wenig Trost zu spenden.<\/p>\n","protected":false},"excerpt":{"rendered":"<p><em>Kauf pro 3 St\u00fcck.<\/em><\/p>\n<p><span data-sheets-root=\"1\">Eine nette kleine Geste der Unterst\u00fctzung.<\/span><\/p>\n","protected":false},"featured_media":60348,"template":"","meta":{"_acf_changed":false,"_et_pb_use_builder":"","_et_pb_old_content":"","_et_gb_content_width":"","inline_featured_image":false},"product_brand":[],"product_cat":[270,259,256],"product_tag":[],"class_list":{"0":"post-60467","1":"product","2":"type-product","3":"status-publish","4":"has-post-thumbnail","6":"product_cat-ode-to-green-de","7":"product_cat-oorbellen-de","8":"product_cat-real-wine-jewellery","9":"pif-has-gallery","11":"first","12":"instock","13":"taxable","14":"shipping-taxable","15":"product-type-simple"},"acf":[],"_links":{"self":[{"href":"https:\/\/wholesale.vinoos.nl\/de\/wp-json\/wp\/v2\/product\/60467","targetHints":{"allow":["GET"]}}],"collection":[{"href":"https:\/\/wholesale.vinoos.nl\/de\/wp-json\/wp\/v2\/product"}],"about":[{"href":"https:\/\/wholesale.vinoos.nl\/de\/wp-json\/wp\/v2\/types\/product"}],"wp:featuredmedia":[{"embeddable":true,"href":"https:\/\/wholesale.vinoos.nl\/de\/wp-json\/wp\/v2\/media\/60348"}],"wp:attachment":[{"href":"https:\/\/wholesale.vinoos.nl\/de\/wp-json\/wp\/v2\/media?parent=60467"}],"wp:term":[{"taxonomy":"product_brand","embeddable":true,"href":"https:\/\/wholesale.vinoos.nl\/de\/wp-json\/wp\/v2\/product_brand?post=60467"},{"taxonomy":"product_cat","embeddable":true,"href":"https:\/\/wholesale.vinoos.nl\/de\/wp-json\/wp\/v2\/product_cat?post=60467"},{"taxonomy":"product_tag","embeddable":true,"href":"https:\/\/wholesale.vinoos.nl\/de\/wp-json\/wp\/v2\/product_tag?post=60467"}],"curies":[{"name":"wp","href":"https:\/\/api.w.org\/{rel}","templated":true}]}}