{"id":60468,"date":"2025-03-25T11:50:43","date_gmt":"2025-03-25T10:50:43","guid":{"rendered":"https:\/\/wholesale.vinoos.nl\/product\/celebrate-you-earring-green-with-freshwater-pearl\/"},"modified":"2026-05-04T15:04:22","modified_gmt":"2026-05-04T14:04:22","slug":"celebrate-you-earring-green-with-freshwater-pearl","status":"publish","type":"product","link":"https:\/\/wholesale.vinoos.nl\/de\/produkt\/celebrate-you-earring-green-with-freshwater-pearl\/","title":{"rendered":"Celebrate you. Ohrringe &#8211; Gr\u00fcn mit S\u00fc\u00dfwasserperle"},"content":{"rendered":"<p>Dieser Ohrring ist wirklich etwas Besonderes! Die gr\u00fcnen Glasperlen sind aus recycelten Weinflaschen hergestellt und haben eine sch\u00f6ne, nat\u00fcrliche Ausstrahlung. Zusammen mit der kleinen S\u00fc\u00dfwasserperle ergibt sich ein verspielter, aber stilvoller Look. Eine einzigartige, nachhaltige Erg\u00e4nzung f\u00fcr Ihre Schmucksammlung!<\/p>\n","protected":false},"excerpt":{"rendered":"<p><em>Kauf pro 3 St\u00fcck.<\/em><\/p>\n<p>Gemeinsam anzusto\u00dfen und zu feiern!<\/p>\n","protected":false},"featured_media":60338,"template":"","meta":{"_acf_changed":false,"_et_pb_use_builder":"","_et_pb_old_content":"","_et_gb_content_width":"","inline_featured_image":false},"product_brand":[],"product_cat":[270,259,256],"product_tag":[],"class_list":{"0":"post-60468","1":"product","2":"type-product","3":"status-publish","4":"has-post-thumbnail","6":"product_cat-ode-to-green-de","7":"product_cat-oorbellen-de","8":"product_cat-real-wine-jewellery","9":"pif-has-gallery","11":"first","12":"instock","13":"taxable","14":"shipping-taxable","15":"product-type-simple"},"acf":[],"_links":{"self":[{"href":"https:\/\/wholesale.vinoos.nl\/de\/wp-json\/wp\/v2\/product\/60468","targetHints":{"allow":["GET"]}}],"collection":[{"href":"https:\/\/wholesale.vinoos.nl\/de\/wp-json\/wp\/v2\/product"}],"about":[{"href":"https:\/\/wholesale.vinoos.nl\/de\/wp-json\/wp\/v2\/types\/product"}],"wp:featuredmedia":[{"embeddable":true,"href":"https:\/\/wholesale.vinoos.nl\/de\/wp-json\/wp\/v2\/media\/60338"}],"wp:attachment":[{"href":"https:\/\/wholesale.vinoos.nl\/de\/wp-json\/wp\/v2\/media?parent=60468"}],"wp:term":[{"taxonomy":"product_brand","embeddable":true,"href":"https:\/\/wholesale.vinoos.nl\/de\/wp-json\/wp\/v2\/product_brand?post=60468"},{"taxonomy":"product_cat","embeddable":true,"href":"https:\/\/wholesale.vinoos.nl\/de\/wp-json\/wp\/v2\/product_cat?post=60468"},{"taxonomy":"product_tag","embeddable":true,"href":"https:\/\/wholesale.vinoos.nl\/de\/wp-json\/wp\/v2\/product_tag?post=60468"}],"curies":[{"name":"wp","href":"https:\/\/api.w.org\/{rel}","templated":true}]}}