{"id":60762,"date":"2025-06-11T13:17:17","date_gmt":"2025-06-11T12:21:11","guid":{"rendered":"https:\/\/wholesale.vinoos.nl\/?post_type=product&#038;p=60762"},"modified":"2025-06-11T13:24:57","modified_gmt":"2025-06-11T12:24:57","slug":"starter-pack-wine-jewellery-ode-to-green-english","status":"publish","type":"product","link":"https:\/\/wholesale.vinoos.nl\/de\/produkt\/starter-pack-wine-jewellery-ode-to-green-english\/","title":{"rendered":"Starter pack wine jewellery Ode to Green, English"},"content":{"rendered":"","protected":false},"excerpt":{"rendered":"<p>Eine einzigartige, zu 100 % niederl\u00e4ndische Kollektion, die Ihr Herz ber\u00fchrt. Sie besteht aus Glasperlenketten und -ohrringen, Duo-Armb\u00e4ndern und den neuen Lucky Knots. Alle St\u00fccke sind handgefertigt und aus leeren Weinflaschen upgecycelt.<\/p>\n","protected":false},"featured_media":60530,"template":"","meta":{"_acf_changed":false,"_et_pb_use_builder":"","_et_pb_old_content":"","_et_gb_content_width":"","inline_featured_image":false},"product_brand":[],"product_cat":[266],"product_tag":[],"class_list":{"0":"post-60762","1":"product","2":"type-product","3":"status-publish","4":"has-post-thumbnail","6":"product_cat-starterpacks-de","7":"pif-has-gallery","9":"first","10":"instock","11":"taxable","12":"shipping-taxable","13":"product-type-simple"},"acf":[],"_links":{"self":[{"href":"https:\/\/wholesale.vinoos.nl\/de\/wp-json\/wp\/v2\/product\/60762","targetHints":{"allow":["GET"]}}],"collection":[{"href":"https:\/\/wholesale.vinoos.nl\/de\/wp-json\/wp\/v2\/product"}],"about":[{"href":"https:\/\/wholesale.vinoos.nl\/de\/wp-json\/wp\/v2\/types\/product"}],"wp:featuredmedia":[{"embeddable":true,"href":"https:\/\/wholesale.vinoos.nl\/de\/wp-json\/wp\/v2\/media\/60530"}],"wp:attachment":[{"href":"https:\/\/wholesale.vinoos.nl\/de\/wp-json\/wp\/v2\/media?parent=60762"}],"wp:term":[{"taxonomy":"product_brand","embeddable":true,"href":"https:\/\/wholesale.vinoos.nl\/de\/wp-json\/wp\/v2\/product_brand?post=60762"},{"taxonomy":"product_cat","embeddable":true,"href":"https:\/\/wholesale.vinoos.nl\/de\/wp-json\/wp\/v2\/product_cat?post=60762"},{"taxonomy":"product_tag","embeddable":true,"href":"https:\/\/wholesale.vinoos.nl\/de\/wp-json\/wp\/v2\/product_tag?post=60762"}],"curies":[{"name":"wp","href":"https:\/\/api.w.org\/{rel}","templated":true}]}}