{"id":60831,"date":"2025-07-30T14:44:07","date_gmt":"2025-07-30T13:44:07","guid":{"rendered":"https:\/\/wholesale.vinoos.nl\/?post_type=product&#038;p=60831"},"modified":"2026-03-25T13:01:37","modified_gmt":"2026-03-25T12:01:37","slug":"real-cocktail-gum-starterpack","status":"publish","type":"product","link":"https:\/\/wholesale.vinoos.nl\/de\/produkt\/real-cocktail-gum-starterpack\/","title":{"rendered":"Real Cocktail Gum Starterpack"},"content":{"rendered":"<p><strong data-start=\"445\" data-end=\"528\">Vinoos hat ein Real Cocktail Gum Starterpaket f\u00fcr Verkaufsstellen zusammengestellt!<\/strong><br data-start=\"528\" data-end=\"531\" \/>Diese Box enth\u00e4lt eine Auswahl unserer funky Cocktail-Gums in kleinen Mengen \u2013 ideal, um unsere neue Kollektion kennenzulernen. Attraktiv im Preis, um einen einfachen Einstieg zu erm\u00f6glichen und deine Kundschaft mit etwas Einzigartigem und Unwiderstehlichem zu \u00fcberraschen.<\/p>\n<p>F\u00fcr Zutatenetiketten kontaktieren Sie uns bitte per E-Mail unter <a class=\"cursor-pointer\" rel=\"noopener\" data-start=\"150\" data-end=\"164\">info@vinoos.nl<\/a> unter Angabe der Bestellnummer.<\/p>\n","protected":false},"excerpt":{"rendered":"<p>Vinoos hat ein Real Cocktail Gum Starterpaket f\u00fcr Verkaufsstellen zusammengestellt!Diese Box enth\u00e4lt eine Auswahl unserer funky Cocktail-Gums in kleinen Mengen \u2013 ideal, um unsere neue Kollektion kennenzulernen. Attraktiv im Preis, um einen einfachen Einstieg zu erm\u00f6glichen und deine Kundschaft mit etwas Einzigartigem und Unwiderstehlichem zu \u00fcberraschen. F\u00fcr Zutatenetiketten kontaktieren Sie uns bitte per E-Mail unter [&hellip;]<\/p>\n","protected":false},"featured_media":61130,"template":"","meta":{"_acf_changed":false,"_et_pb_use_builder":"","_et_pb_old_content":"","_et_gb_content_width":"","inline_featured_image":false},"product_brand":[],"product_cat":[252,266,263],"product_tag":[],"class_list":{"0":"post-60831","1":"product","2":"type-product","3":"status-publish","4":"has-post-thumbnail","6":"product_cat-real-wine-gum","7":"product_cat-starterpacks-de","8":"product_cat-wholesale-de","9":"pif-has-gallery","11":"first","12":"instock","13":"taxable","14":"shipping-taxable","15":"product-type-simple"},"acf":[],"_links":{"self":[{"href":"https:\/\/wholesale.vinoos.nl\/de\/wp-json\/wp\/v2\/product\/60831","targetHints":{"allow":["GET"]}}],"collection":[{"href":"https:\/\/wholesale.vinoos.nl\/de\/wp-json\/wp\/v2\/product"}],"about":[{"href":"https:\/\/wholesale.vinoos.nl\/de\/wp-json\/wp\/v2\/types\/product"}],"wp:featuredmedia":[{"embeddable":true,"href":"https:\/\/wholesale.vinoos.nl\/de\/wp-json\/wp\/v2\/media\/61130"}],"wp:attachment":[{"href":"https:\/\/wholesale.vinoos.nl\/de\/wp-json\/wp\/v2\/media?parent=60831"}],"wp:term":[{"taxonomy":"product_brand","embeddable":true,"href":"https:\/\/wholesale.vinoos.nl\/de\/wp-json\/wp\/v2\/product_brand?post=60831"},{"taxonomy":"product_cat","embeddable":true,"href":"https:\/\/wholesale.vinoos.nl\/de\/wp-json\/wp\/v2\/product_cat?post=60831"},{"taxonomy":"product_tag","embeddable":true,"href":"https:\/\/wholesale.vinoos.nl\/de\/wp-json\/wp\/v2\/product_tag?post=60831"}],"curies":[{"name":"wp","href":"https:\/\/api.w.org\/{rel}","templated":true}]}}