{"id":60862,"date":"2025-08-12T10:33:39","date_gmt":"2025-08-12T09:33:39","guid":{"rendered":"https:\/\/wholesale.vinoos.nl\/?post_type=product&#038;p=60862"},"modified":"2025-10-21T06:18:26","modified_gmt":"2025-10-21T05:18:26","slug":"jewellery-display-12","status":"publish","type":"product","link":"https:\/\/wholesale.vinoos.nl\/de\/produkt\/jewellery-display-12\/","title":{"rendered":"Jewellery Display 12"},"content":{"rendered":"<p>NOT FOR RESALE<\/p>\n","protected":false},"excerpt":{"rendered":"<p>Sch\u00f6nes handgefertigtes Holzdisplay mit Platz f\u00fcr 12 Produkte aus unserer Wine Jewellery-Kollektion. Perfekt f\u00fcr die Theke. Damit l\u00e4sst sich die Vinoos-Kollektion gut pr\u00e4sentieren. Inklusive Signing Colours of Wine. (Nicht zum Verkauf bestimmt)<\/p>\n","protected":false},"featured_media":60859,"template":"","meta":{"_acf_changed":false,"_et_pb_use_builder":"","_et_pb_old_content":"","_et_gb_content_width":"","inline_featured_image":false},"product_brand":[],"product_cat":[264,263],"product_tag":[],"class_list":{"0":"post-60862","1":"product","2":"type-product","3":"status-publish","4":"has-post-thumbnail","6":"product_cat-displays-de","7":"product_cat-wholesale-de","8":"pif-has-gallery","10":"first","11":"instock","12":"taxable","13":"shipping-taxable","14":"product-type-simple"},"acf":[],"_links":{"self":[{"href":"https:\/\/wholesale.vinoos.nl\/de\/wp-json\/wp\/v2\/product\/60862","targetHints":{"allow":["GET"]}}],"collection":[{"href":"https:\/\/wholesale.vinoos.nl\/de\/wp-json\/wp\/v2\/product"}],"about":[{"href":"https:\/\/wholesale.vinoos.nl\/de\/wp-json\/wp\/v2\/types\/product"}],"wp:featuredmedia":[{"embeddable":true,"href":"https:\/\/wholesale.vinoos.nl\/de\/wp-json\/wp\/v2\/media\/60859"}],"wp:attachment":[{"href":"https:\/\/wholesale.vinoos.nl\/de\/wp-json\/wp\/v2\/media?parent=60862"}],"wp:term":[{"taxonomy":"product_brand","embeddable":true,"href":"https:\/\/wholesale.vinoos.nl\/de\/wp-json\/wp\/v2\/product_brand?post=60862"},{"taxonomy":"product_cat","embeddable":true,"href":"https:\/\/wholesale.vinoos.nl\/de\/wp-json\/wp\/v2\/product_cat?post=60862"},{"taxonomy":"product_tag","embeddable":true,"href":"https:\/\/wholesale.vinoos.nl\/de\/wp-json\/wp\/v2\/product_tag?post=60862"}],"curies":[{"name":"wp","href":"https:\/\/api.w.org\/{rel}","templated":true}]}}