{"id":60867,"date":"2025-08-12T10:50:55","date_gmt":"2025-08-12T09:50:55","guid":{"rendered":"https:\/\/wholesale.vinoos.nl\/?post_type=product&#038;p=60867"},"modified":"2025-11-27T18:54:45","modified_gmt":"2025-11-27T17:54:45","slug":"jewellery-display-9-ode-to-green","status":"publish","type":"product","link":"https:\/\/wholesale.vinoos.nl\/de\/produkt\/jewellery-display-9-ode-to-green\/","title":{"rendered":"Jewellery Display 9 &#8211; Ode to Green"},"content":{"rendered":"<p>NOT FOR RESALE<\/p>\n","protected":false},"excerpt":{"rendered":"<p>Sch\u00f6nes handgefertigtes Holzdisplay mit Platz f\u00fcr 9 Produkte aus unserer Ode to Green Wine Jewellery-Kollektion. Perfekt f\u00fcr die Theke. Damit l\u00e4sst sich die Vinoos-Kollektion gut pr\u00e4sentieren. Inklusive Beschriftung \u201eOde to Green\u201d (nicht zum Verkauf).<\/p>\n","protected":false},"featured_media":60847,"template":"","meta":{"_acf_changed":false,"_et_pb_use_builder":"","_et_pb_old_content":"","_et_gb_content_width":"","inline_featured_image":false},"product_brand":[],"product_cat":[264,263],"product_tag":[],"class_list":{"0":"post-60867","1":"product","2":"type-product","3":"status-publish","4":"has-post-thumbnail","6":"product_cat-displays-de","7":"product_cat-wholesale-de","8":"pif-has-gallery","10":"first","11":"instock","12":"taxable","13":"shipping-taxable","14":"product-type-simple"},"acf":[],"_links":{"self":[{"href":"https:\/\/wholesale.vinoos.nl\/de\/wp-json\/wp\/v2\/product\/60867","targetHints":{"allow":["GET"]}}],"collection":[{"href":"https:\/\/wholesale.vinoos.nl\/de\/wp-json\/wp\/v2\/product"}],"about":[{"href":"https:\/\/wholesale.vinoos.nl\/de\/wp-json\/wp\/v2\/types\/product"}],"wp:featuredmedia":[{"embeddable":true,"href":"https:\/\/wholesale.vinoos.nl\/de\/wp-json\/wp\/v2\/media\/60847"}],"wp:attachment":[{"href":"https:\/\/wholesale.vinoos.nl\/de\/wp-json\/wp\/v2\/media?parent=60867"}],"wp:term":[{"taxonomy":"product_brand","embeddable":true,"href":"https:\/\/wholesale.vinoos.nl\/de\/wp-json\/wp\/v2\/product_brand?post=60867"},{"taxonomy":"product_cat","embeddable":true,"href":"https:\/\/wholesale.vinoos.nl\/de\/wp-json\/wp\/v2\/product_cat?post=60867"},{"taxonomy":"product_tag","embeddable":true,"href":"https:\/\/wholesale.vinoos.nl\/de\/wp-json\/wp\/v2\/product_tag?post=60867"}],"curies":[{"name":"wp","href":"https:\/\/api.w.org\/{rel}","templated":true}]}}