{"id":60886,"date":"2025-08-18T12:55:22","date_gmt":"2025-08-18T11:55:22","guid":{"rendered":"https:\/\/wholesale.vinoos.nl\/?post_type=product&#038;p=60886"},"modified":"2026-05-05T02:00:06","modified_gmt":"2026-05-05T01:00:06","slug":"armband-black-no-one-like-you","status":"publish","type":"product","link":"https:\/\/wholesale.vinoos.nl\/de\/produkt\/armband-black-no-one-like-you\/","title":{"rendered":"Armband Black &#8211; No one like you"},"content":{"rendered":"<p>Versch\u00f6nern Sie Ihr Handgelenk mit diesem Edelstahlarmband mit einer schwarzen Glasperle, denn es gibt niemanden wie Sie! Ein besonderes Geschenk, das auch noch durch den Briefkasten passt. Prost!<\/p>\n<p>Die L\u00e4nge des Armbands betr\u00e4gt ca. 15 cm mit einer Verl\u00e4ngerung von ca. 2,5 cm.<\/p>\n","protected":false},"excerpt":{"rendered":"<p><span style=\"font-weight: 400;\">Ein subtiler Edelstahlarmreif mit einer gl\u00e4nzenden Glasperle!<\/span><\/p>\n","protected":false},"featured_media":60878,"template":"","meta":{"_acf_changed":false,"_et_pb_use_builder":"","_et_pb_old_content":"","_et_gb_content_width":"","inline_featured_image":false},"product_brand":[],"product_cat":[257,276,256],"product_tag":[],"class_list":{"0":"post-60886","1":"product","2":"type-product","3":"status-publish","4":"has-post-thumbnail","6":"product_cat-armbanden-de","7":"product_cat-colours-of-wine-de","8":"product_cat-real-wine-jewellery","9":"pif-has-gallery","11":"first","12":"instock","13":"taxable","14":"shipping-taxable","15":"product-type-simple"},"acf":[],"_links":{"self":[{"href":"https:\/\/wholesale.vinoos.nl\/de\/wp-json\/wp\/v2\/product\/60886","targetHints":{"allow":["GET"]}}],"collection":[{"href":"https:\/\/wholesale.vinoos.nl\/de\/wp-json\/wp\/v2\/product"}],"about":[{"href":"https:\/\/wholesale.vinoos.nl\/de\/wp-json\/wp\/v2\/types\/product"}],"wp:featuredmedia":[{"embeddable":true,"href":"https:\/\/wholesale.vinoos.nl\/de\/wp-json\/wp\/v2\/media\/60878"}],"wp:attachment":[{"href":"https:\/\/wholesale.vinoos.nl\/de\/wp-json\/wp\/v2\/media?parent=60886"}],"wp:term":[{"taxonomy":"product_brand","embeddable":true,"href":"https:\/\/wholesale.vinoos.nl\/de\/wp-json\/wp\/v2\/product_brand?post=60886"},{"taxonomy":"product_cat","embeddable":true,"href":"https:\/\/wholesale.vinoos.nl\/de\/wp-json\/wp\/v2\/product_cat?post=60886"},{"taxonomy":"product_tag","embeddable":true,"href":"https:\/\/wholesale.vinoos.nl\/de\/wp-json\/wp\/v2\/product_tag?post=60886"}],"curies":[{"name":"wp","href":"https:\/\/api.w.org\/{rel}","templated":true}]}}