{"id":60962,"date":"2025-09-02T11:03:10","date_gmt":"2025-09-02T10:03:10","guid":{"rendered":"https:\/\/wholesale.vinoos.nl\/?post_type=product&#038;p=60962"},"modified":"2026-03-25T13:19:32","modified_gmt":"2026-03-25T12:19:32","slug":"sunset-mojito","status":"publish","type":"product","link":"https:\/\/wholesale.vinoos.nl\/de\/produkt\/sunset-mojito\/","title":{"rendered":"Sunset Mojito Large"},"content":{"rendered":"<p>Sonnige Mandarine und frische Limette vermischen sich mit einem Hauch von wei\u00dfem Rum und k\u00fchler Minze. Eine Ode an langsame Sonnenunterg\u00e4nge und belebende Schlucke.<\/p>\n<p>Vegan und glutenfrei<\/p>\n","protected":false},"excerpt":{"rendered":"<p>Holunderbl\u00fcten bleiben sanft in einer spritzigen, erfrischenden Brise h\u00e4ngen.<\/p>\n","protected":false},"featured_media":61099,"template":"","meta":{"_acf_changed":false,"_et_pb_use_builder":"","_et_pb_old_content":"","_et_gb_content_width":"","inline_featured_image":false},"product_brand":[],"product_cat":[314,252,255,317],"product_tag":[],"class_list":{"0":"post-60962","1":"product","2":"type-product","3":"status-publish","4":"has-post-thumbnail","6":"product_cat-funky-cocktail-gums-de","7":"product_cat-real-wine-gum","8":"product_cat-single-packs-de","9":"product_cat-single-packs-funky-cocktail-gums-de","10":"pif-has-gallery","12":"first","13":"instock","14":"taxable","15":"shipping-taxable","16":"product-type-variable","17":"has-default-attributes"},"acf":[],"_links":{"self":[{"href":"https:\/\/wholesale.vinoos.nl\/de\/wp-json\/wp\/v2\/product\/60962","targetHints":{"allow":["GET"]}}],"collection":[{"href":"https:\/\/wholesale.vinoos.nl\/de\/wp-json\/wp\/v2\/product"}],"about":[{"href":"https:\/\/wholesale.vinoos.nl\/de\/wp-json\/wp\/v2\/types\/product"}],"wp:featuredmedia":[{"embeddable":true,"href":"https:\/\/wholesale.vinoos.nl\/de\/wp-json\/wp\/v2\/media\/61099"}],"wp:attachment":[{"href":"https:\/\/wholesale.vinoos.nl\/de\/wp-json\/wp\/v2\/media?parent=60962"}],"wp:term":[{"taxonomy":"product_brand","embeddable":true,"href":"https:\/\/wholesale.vinoos.nl\/de\/wp-json\/wp\/v2\/product_brand?post=60962"},{"taxonomy":"product_cat","embeddable":true,"href":"https:\/\/wholesale.vinoos.nl\/de\/wp-json\/wp\/v2\/product_cat?post=60962"},{"taxonomy":"product_tag","embeddable":true,"href":"https:\/\/wholesale.vinoos.nl\/de\/wp-json\/wp\/v2\/product_tag?post=60962"}],"curies":[{"name":"wp","href":"https:\/\/api.w.org\/{rel}","templated":true}]}}