{"id":60972,"date":"2025-09-02T11:20:37","date_gmt":"2025-09-02T10:20:37","guid":{"rendered":"https:\/\/wholesale.vinoos.nl\/?post_type=product&#038;p=60972"},"modified":"2026-03-25T13:19:31","modified_gmt":"2026-03-25T12:19:31","slug":"limocello-spritz","status":"publish","type":"product","link":"https:\/\/wholesale.vinoos.nl\/de\/produkt\/limocello-spritz\/","title":{"rendered":"Limoncello Spritz Large"},"content":{"rendered":"<p>Dieser Limoncello Spritz-Kaugummi spr\u00fcht vor Zitronenschale und sanften Kr\u00e4utern. Ein verspielter Aperitif, f\u00fcr den kein Glas erforderlich ist.<\/p>\n<p>Vegan und glutenfrei<\/p>\n","protected":false},"excerpt":{"rendered":"<p>Knackig, verspielt, mit einem spritzigen und dennoch weichen Abgang. Dieser Kaugummi f\u00e4ngt die Ausstrahlung italienischer Lebensfreude ein.<\/p>\n","protected":false},"featured_media":61087,"template":"","meta":{"_acf_changed":false,"_et_pb_use_builder":"","_et_pb_old_content":"","_et_gb_content_width":"","inline_featured_image":false},"product_brand":[],"product_cat":[314,252,255,317],"product_tag":[],"class_list":{"0":"post-60972","1":"product","2":"type-product","3":"status-publish","4":"has-post-thumbnail","6":"product_cat-funky-cocktail-gums-de","7":"product_cat-real-wine-gum","8":"product_cat-single-packs-de","9":"product_cat-single-packs-funky-cocktail-gums-de","10":"pif-has-gallery","12":"first","13":"instock","14":"taxable","15":"shipping-taxable","16":"product-type-variable","17":"has-default-attributes"},"acf":[],"_links":{"self":[{"href":"https:\/\/wholesale.vinoos.nl\/de\/wp-json\/wp\/v2\/product\/60972","targetHints":{"allow":["GET"]}}],"collection":[{"href":"https:\/\/wholesale.vinoos.nl\/de\/wp-json\/wp\/v2\/product"}],"about":[{"href":"https:\/\/wholesale.vinoos.nl\/de\/wp-json\/wp\/v2\/types\/product"}],"wp:featuredmedia":[{"embeddable":true,"href":"https:\/\/wholesale.vinoos.nl\/de\/wp-json\/wp\/v2\/media\/61087"}],"wp:attachment":[{"href":"https:\/\/wholesale.vinoos.nl\/de\/wp-json\/wp\/v2\/media?parent=60972"}],"wp:term":[{"taxonomy":"product_brand","embeddable":true,"href":"https:\/\/wholesale.vinoos.nl\/de\/wp-json\/wp\/v2\/product_brand?post=60972"},{"taxonomy":"product_cat","embeddable":true,"href":"https:\/\/wholesale.vinoos.nl\/de\/wp-json\/wp\/v2\/product_cat?post=60972"},{"taxonomy":"product_tag","embeddable":true,"href":"https:\/\/wholesale.vinoos.nl\/de\/wp-json\/wp\/v2\/product_tag?post=60972"}],"curies":[{"name":"wp","href":"https:\/\/api.w.org\/{rel}","templated":true}]}}