{"id":60998,"date":"2025-09-02T11:52:57","date_gmt":"2025-09-02T10:52:57","guid":{"rendered":"https:\/\/wholesale.vinoos.nl\/?post_type=product&#038;p=60998"},"modified":"2026-03-19T12:37:04","modified_gmt":"2026-03-19T11:37:04","slug":"sunset-mojito-mini","status":"publish","type":"product","link":"https:\/\/wholesale.vinoos.nl\/de\/produkt\/sunset-mojito-mini\/","title":{"rendered":"Sunset Mojito Mini"},"content":{"rendered":"<p><strong>23 kleine Geschenkboxen mit je 2 Kaugummis<\/strong><\/p>\n<p>Diese kleinen COCKTAIL-Kaugummis sind eine einzigartige Idee f\u00fcr Dinnerpartys, um das Au\u00dfergew\u00f6hnliche zu feiern. Ihre G\u00e4ste werden diese kleinen Geschenke lieben. Ihre weiche Textur, ihre Aromen und der Hauch von Wein werden den Abend bereichern. Oder eine gro\u00dfartige M\u00f6glichkeit, sich f\u00fcr das Kommen zu bedanken und die Party zu personalisieren. Zum \u201eeinzigartigsten Geschenk\u201d gew\u00e4hlt.<\/p>\n<p>Stellen Sie sich Ihre eigene Mini-Geschmackspalette zusammen, indem Sie Ihre Lieblingsaromen im Shop ausw\u00e4hlen. Machen Sie Ihre n\u00e4chste Zusammenkunft zur angesagtesten Party der Stadt!<\/p>\n<p>&nbsp;<\/p>\n","protected":false},"excerpt":{"rendered":"<p>Machen Sie Ihre n\u00e4chste Party zur unvergesslichsten aller Zeiten!<\/p>\n","protected":false},"featured_media":61102,"template":"","meta":{"_acf_changed":false,"_et_pb_use_builder":"","_et_pb_old_content":"","_et_gb_content_width":"","inline_featured_image":false},"product_brand":[],"product_cat":[314,316,254,252],"product_tag":[],"class_list":{"0":"post-60998","1":"product","2":"type-product","3":"status-publish","4":"has-post-thumbnail","6":"product_cat-funky-cocktail-gums-de","7":"product_cat-minis-funky-cocktail-gums-de","8":"product_cat-minis-de","9":"product_cat-real-wine-gum","10":"pif-has-gallery","12":"first","13":"instock","14":"taxable","15":"shipping-taxable","16":"product-type-variable","17":"has-default-attributes"},"acf":[],"_links":{"self":[{"href":"https:\/\/wholesale.vinoos.nl\/de\/wp-json\/wp\/v2\/product\/60998","targetHints":{"allow":["GET"]}}],"collection":[{"href":"https:\/\/wholesale.vinoos.nl\/de\/wp-json\/wp\/v2\/product"}],"about":[{"href":"https:\/\/wholesale.vinoos.nl\/de\/wp-json\/wp\/v2\/types\/product"}],"wp:featuredmedia":[{"embeddable":true,"href":"https:\/\/wholesale.vinoos.nl\/de\/wp-json\/wp\/v2\/media\/61102"}],"wp:attachment":[{"href":"https:\/\/wholesale.vinoos.nl\/de\/wp-json\/wp\/v2\/media?parent=60998"}],"wp:term":[{"taxonomy":"product_brand","embeddable":true,"href":"https:\/\/wholesale.vinoos.nl\/de\/wp-json\/wp\/v2\/product_brand?post=60998"},{"taxonomy":"product_cat","embeddable":true,"href":"https:\/\/wholesale.vinoos.nl\/de\/wp-json\/wp\/v2\/product_cat?post=60998"},{"taxonomy":"product_tag","embeddable":true,"href":"https:\/\/wholesale.vinoos.nl\/de\/wp-json\/wp\/v2\/product_tag?post=60998"}],"curies":[{"name":"wp","href":"https:\/\/api.w.org\/{rel}","templated":true}]}}