{"id":61271,"date":"2025-10-21T08:25:28","date_gmt":"2025-10-21T07:25:28","guid":{"rendered":"https:\/\/wholesale.vinoos.nl\/?post_type=product&#038;p=61271"},"modified":"2026-05-07T02:07:53","modified_gmt":"2026-05-07T01:07:53","slug":"sunset-mojito-tasting-bag","status":"publish","type":"product","link":"https:\/\/wholesale.vinoos.nl\/de\/produkt\/sunset-mojito-tasting-bag\/","title":{"rendered":"Sunset Mojito tasting bag"},"content":{"rendered":"<p>Vergessen Sie nicht unsere Sunset Mojito-Probierpackungen als Erg\u00e4nzung, denn probieren hei\u00dft kaufen.<\/p>\n<p>Probierpackung Sunset Mojito-Gummibonbons, 500 Gramm<br \/>\nDamit l\u00e4sst sich im Laden eine essbare Cocktailverkostung veranstalten. Unserer Erfahrung nach teilen Kunden ihre Erfahrungen miteinander. Das f\u00fchrt zu netten Begegnungen, Verk\u00e4ufen und Gespr\u00e4chen.<\/p>\n","protected":false},"excerpt":{"rendered":"<p>NOT FOR RESALE<\/p>\n","protected":false},"featured_media":61256,"template":"","meta":{"_acf_changed":false,"_et_pb_use_builder":"","_et_pb_old_content":"","_et_gb_content_width":"","inline_featured_image":false},"product_brand":[],"product_cat":[314,267],"product_tag":[],"class_list":{"0":"post-61271","1":"product","2":"type-product","3":"status-publish","4":"has-post-thumbnail","6":"product_cat-funky-cocktail-gums-de","7":"product_cat-tasting-bags-en-eu-de","8":"pif-has-gallery","10":"first","11":"instock","12":"taxable","13":"shipping-taxable","14":"product-type-simple"},"acf":[],"_links":{"self":[{"href":"https:\/\/wholesale.vinoos.nl\/de\/wp-json\/wp\/v2\/product\/61271","targetHints":{"allow":["GET"]}}],"collection":[{"href":"https:\/\/wholesale.vinoos.nl\/de\/wp-json\/wp\/v2\/product"}],"about":[{"href":"https:\/\/wholesale.vinoos.nl\/de\/wp-json\/wp\/v2\/types\/product"}],"wp:featuredmedia":[{"embeddable":true,"href":"https:\/\/wholesale.vinoos.nl\/de\/wp-json\/wp\/v2\/media\/61256"}],"wp:attachment":[{"href":"https:\/\/wholesale.vinoos.nl\/de\/wp-json\/wp\/v2\/media?parent=61271"}],"wp:term":[{"taxonomy":"product_brand","embeddable":true,"href":"https:\/\/wholesale.vinoos.nl\/de\/wp-json\/wp\/v2\/product_brand?post=61271"},{"taxonomy":"product_cat","embeddable":true,"href":"https:\/\/wholesale.vinoos.nl\/de\/wp-json\/wp\/v2\/product_cat?post=61271"},{"taxonomy":"product_tag","embeddable":true,"href":"https:\/\/wholesale.vinoos.nl\/de\/wp-json\/wp\/v2\/product_tag?post=61271"}],"curies":[{"name":"wp","href":"https:\/\/api.w.org\/{rel}","templated":true}]}}