{"id":61334,"date":"2025-10-28T11:52:07","date_gmt":"2025-10-28T10:52:07","guid":{"rendered":"https:\/\/wholesale.vinoos.nl\/?post_type=product&#038;p=61334"},"modified":"2026-03-02T11:12:18","modified_gmt":"2026-03-02T10:12:18","slug":"ring-single-gold-gruen","status":"publish","type":"product","link":"https:\/\/wholesale.vinoos.nl\/de\/produkt\/ring-single-gold-gruen\/","title":{"rendered":"Ring Single Gold &#8211; Gr\u00fcn"},"content":{"rendered":"<p>Schieben Sie diesen goldenen Ring mit seinem dezenten gr\u00fcnen Stein \u00fcber Ihren Finger \u2013 ein Symbol f\u00fcr Ausgeglichenheit, Wachstum und neue Energie. Eine kleine Erinnerung daran, mit beiden Beinen auf dem Boden zu bleiben, w\u00e4hrend Sie sich neuen Herausforderungen stellen. Ein aufmerksamkeitsvolles Geschenk, ein bedeutungsvolles Andenken, und ja \u2013 er passt sogar in den Briefkasten. Strahlen Sie!<\/p>\n","protected":false},"excerpt":{"rendered":"<p>Cheers to new rings!<\/p>\n","protected":false},"featured_media":61302,"template":"","meta":{"_acf_changed":false,"_et_pb_use_builder":"","_et_pb_old_content":"","_et_gb_content_width":"","inline_featured_image":false},"product_brand":[],"product_cat":[276,256],"product_tag":[],"class_list":{"0":"post-61334","1":"product","2":"type-product","3":"status-publish","4":"has-post-thumbnail","6":"product_cat-colours-of-wine-de","7":"product_cat-real-wine-jewellery","8":"pif-has-gallery","10":"first","11":"instock","12":"taxable","13":"shipping-taxable","14":"product-type-simple"},"acf":[],"_links":{"self":[{"href":"https:\/\/wholesale.vinoos.nl\/de\/wp-json\/wp\/v2\/product\/61334","targetHints":{"allow":["GET"]}}],"collection":[{"href":"https:\/\/wholesale.vinoos.nl\/de\/wp-json\/wp\/v2\/product"}],"about":[{"href":"https:\/\/wholesale.vinoos.nl\/de\/wp-json\/wp\/v2\/types\/product"}],"wp:featuredmedia":[{"embeddable":true,"href":"https:\/\/wholesale.vinoos.nl\/de\/wp-json\/wp\/v2\/media\/61302"}],"wp:attachment":[{"href":"https:\/\/wholesale.vinoos.nl\/de\/wp-json\/wp\/v2\/media?parent=61334"}],"wp:term":[{"taxonomy":"product_brand","embeddable":true,"href":"https:\/\/wholesale.vinoos.nl\/de\/wp-json\/wp\/v2\/product_brand?post=61334"},{"taxonomy":"product_cat","embeddable":true,"href":"https:\/\/wholesale.vinoos.nl\/de\/wp-json\/wp\/v2\/product_cat?post=61334"},{"taxonomy":"product_tag","embeddable":true,"href":"https:\/\/wholesale.vinoos.nl\/de\/wp-json\/wp\/v2\/product_tag?post=61334"}],"curies":[{"name":"wp","href":"https:\/\/api.w.org\/{rel}","templated":true}]}}