{"id":61355,"date":"2025-10-28T12:38:49","date_gmt":"2025-10-28T11:38:49","guid":{"rendered":"https:\/\/wholesale.vinoos.nl\/?post_type=product&#038;p=61355"},"modified":"2026-01-09T16:53:55","modified_gmt":"2026-01-09T15:53:55","slug":"ring-starter-pack","status":"publish","type":"product","link":"https:\/\/wholesale.vinoos.nl\/de\/produkt\/ring-starter-pack\/","title":{"rendered":"Ring Starter Pack"},"content":{"rendered":"<p>Diese Starterbox enth\u00e4lt unsere neue Vinoos Ring-Kollektion und umfasst zwei Musterringe in Schaumstoff, die Kunden ganz einfach anprobieren k\u00f6nnen, ohne die sch\u00f6ne Verpackung \u00f6ffnen zu m\u00fcssen.<\/p>\n","protected":false},"excerpt":{"rendered":"<p>Diese Starterbox enth\u00e4lt unsere neue Vinoos Ring-Kollektion und umfasst zwei Musterringe in Schaumstoff, die Kunden ganz einfach anprobieren k\u00f6nnen, ohne die sch\u00f6ne Verpackung \u00f6ffnen zu m\u00fcssen.<\/p>\n","protected":false},"featured_media":61320,"template":"","meta":{"_acf_changed":false,"_et_pb_use_builder":"","_et_pb_old_content":"","_et_gb_content_width":"","inline_featured_image":false},"product_brand":[],"product_cat":[266,263],"product_tag":[],"class_list":{"0":"post-61355","1":"product","2":"type-product","3":"status-publish","4":"has-post-thumbnail","6":"product_cat-starterpacks-de","7":"product_cat-wholesale-de","8":"pif-has-gallery","10":"first","11":"instock","12":"taxable","13":"shipping-taxable","14":"product-type-simple"},"acf":[],"_links":{"self":[{"href":"https:\/\/wholesale.vinoos.nl\/de\/wp-json\/wp\/v2\/product\/61355","targetHints":{"allow":["GET"]}}],"collection":[{"href":"https:\/\/wholesale.vinoos.nl\/de\/wp-json\/wp\/v2\/product"}],"about":[{"href":"https:\/\/wholesale.vinoos.nl\/de\/wp-json\/wp\/v2\/types\/product"}],"wp:featuredmedia":[{"embeddable":true,"href":"https:\/\/wholesale.vinoos.nl\/de\/wp-json\/wp\/v2\/media\/61320"}],"wp:attachment":[{"href":"https:\/\/wholesale.vinoos.nl\/de\/wp-json\/wp\/v2\/media?parent=61355"}],"wp:term":[{"taxonomy":"product_brand","embeddable":true,"href":"https:\/\/wholesale.vinoos.nl\/de\/wp-json\/wp\/v2\/product_brand?post=61355"},{"taxonomy":"product_cat","embeddable":true,"href":"https:\/\/wholesale.vinoos.nl\/de\/wp-json\/wp\/v2\/product_cat?post=61355"},{"taxonomy":"product_tag","embeddable":true,"href":"https:\/\/wholesale.vinoos.nl\/de\/wp-json\/wp\/v2\/product_tag?post=61355"}],"curies":[{"name":"wp","href":"https:\/\/api.w.org\/{rel}","templated":true}]}}