{"id":61598,"date":"2026-02-02T11:53:55","date_gmt":"2026-02-02T10:53:55","guid":{"rendered":"https:\/\/wholesale.vinoos.nl\/?post_type=product&#038;p=61598"},"modified":"2026-02-02T11:57:14","modified_gmt":"2026-02-02T10:57:14","slug":"kette-kreis-amber-always-with-you","status":"publish","type":"product","link":"https:\/\/wholesale.vinoos.nl\/de\/produkt\/kette-kreis-amber-always-with-you\/","title":{"rendered":"Kette Kreis Amber &#8211; Always with you."},"content":{"rendered":"<p>Tragen Sie mit dieser eleganten bernsteinfarbenen Kreiskette eine bedeutungsvolle Botschaft nah an Ihrem Herzen. Die Kreisform symbolisiert unendliche Verbundenheit und passt perfekt zum Gedanken \u201eAlways with you\u201d \u2013 eine Liebe, die immer nah ist. Die warme Bernsteinfarbe verleiht dem Schmuckst\u00fcck einen sanften, zeitlosen Look und macht es f\u00fcr jeden Anlass geeignet.<\/p>\n<p>Ein stilvolles und pers\u00f6nliches Geschenk zum Verschenken oder zum t\u00e4glichen Tragen.<\/p>\n<p>L\u00e4nge der Kette: ca. 40 cm + Verl\u00e4ngerungsst\u00fcck von ca. 6 cm.<\/p>\n<p>\u00dcbersetzt mit DeepL.com (kostenlose Version)<\/p>\n","protected":false},"excerpt":{"rendered":"<p>Eine feine Kette mit einem subtilen Kreis und einer gl\u00e4nzenden Glasperle!<\/p>\n","protected":false},"featured_media":61593,"template":"","meta":{"_acf_changed":false,"_et_pb_use_builder":"","_et_pb_old_content":"","_et_gb_content_width":"","inline_featured_image":false},"product_brand":[],"product_cat":[276,258,256],"product_tag":[],"class_list":{"0":"post-61598","1":"product","2":"type-product","3":"status-publish","4":"has-post-thumbnail","6":"product_cat-colours-of-wine-de","7":"product_cat-kettingen-de","8":"product_cat-real-wine-jewellery","9":"pif-has-gallery","11":"first","12":"instock","13":"taxable","14":"shipping-taxable","15":"product-type-simple"},"acf":[],"_links":{"self":[{"href":"https:\/\/wholesale.vinoos.nl\/de\/wp-json\/wp\/v2\/product\/61598","targetHints":{"allow":["GET"]}}],"collection":[{"href":"https:\/\/wholesale.vinoos.nl\/de\/wp-json\/wp\/v2\/product"}],"about":[{"href":"https:\/\/wholesale.vinoos.nl\/de\/wp-json\/wp\/v2\/types\/product"}],"wp:featuredmedia":[{"embeddable":true,"href":"https:\/\/wholesale.vinoos.nl\/de\/wp-json\/wp\/v2\/media\/61593"}],"wp:attachment":[{"href":"https:\/\/wholesale.vinoos.nl\/de\/wp-json\/wp\/v2\/media?parent=61598"}],"wp:term":[{"taxonomy":"product_brand","embeddable":true,"href":"https:\/\/wholesale.vinoos.nl\/de\/wp-json\/wp\/v2\/product_brand?post=61598"},{"taxonomy":"product_cat","embeddable":true,"href":"https:\/\/wholesale.vinoos.nl\/de\/wp-json\/wp\/v2\/product_cat?post=61598"},{"taxonomy":"product_tag","embeddable":true,"href":"https:\/\/wholesale.vinoos.nl\/de\/wp-json\/wp\/v2\/product_tag?post=61598"}],"curies":[{"name":"wp","href":"https:\/\/api.w.org\/{rel}","templated":true}]}}