{"id":61622,"date":"2026-02-02T12:06:38","date_gmt":"2026-02-02T11:06:38","guid":{"rendered":"https:\/\/wholesale.vinoos.nl\/?post_type=product&#038;p=61622"},"modified":"2026-04-23T16:18:41","modified_gmt":"2026-04-23T15:18:41","slug":"kette-kreis-fuchsia-cherish-you","status":"publish","type":"product","link":"https:\/\/wholesale.vinoos.nl\/de\/produkt\/kette-kreis-fuchsia-cherish-you\/","title":{"rendered":"Kette Kreis Fuchsia &#8211; Cherish you."},"content":{"rendered":"<p>Feiern Sie Liebe, Wertsch\u00e4tzung und Verbundenheit mit dieser eleganten Kreiskette mit fuchsiafarbener Glasperle. Die Kreisform symbolisiert unendliche Verbundenheit, w\u00e4hrend der lebhafte Fuchsia-Farbton Energie, Liebe und Kraft ausstrahlt. Die Bedeutung \u201eCherish you\u201d macht dieses Schmuckst\u00fcck zu einer sch\u00f6nen Erinnerung, um jemandem zu zeigen, wie besonders er oder sie ist \u2013 oder um sich selbst daran zu erinnern.<\/p>\n<p>Ein stilvolles und pers\u00f6nliches Schmuckst\u00fcck, perfekt als Geschenk oder zum t\u00e4glichen Tragen.<\/p>\n<p>L\u00e4nge der Kette: ca. 40 cm + Verl\u00e4ngerungsst\u00fcck von ca. 6 cm.<\/p>\n","protected":false},"excerpt":{"rendered":"<p>Eine feine Kette mit einem subtilen Kreis und einer gl\u00e4nzenden Glasperle!<\/p>\n","protected":false},"featured_media":61617,"template":"","meta":{"_acf_changed":false,"_et_pb_use_builder":"","_et_pb_old_content":"","_et_gb_content_width":"","inline_featured_image":false},"product_brand":[],"product_cat":[276,258,256],"product_tag":[],"class_list":{"0":"post-61622","1":"product","2":"type-product","3":"status-publish","4":"has-post-thumbnail","6":"product_cat-colours-of-wine-de","7":"product_cat-kettingen-de","8":"product_cat-real-wine-jewellery","9":"pif-has-gallery","11":"first","12":"instock","13":"taxable","14":"shipping-taxable","15":"product-type-simple"},"acf":[],"_links":{"self":[{"href":"https:\/\/wholesale.vinoos.nl\/de\/wp-json\/wp\/v2\/product\/61622","targetHints":{"allow":["GET"]}}],"collection":[{"href":"https:\/\/wholesale.vinoos.nl\/de\/wp-json\/wp\/v2\/product"}],"about":[{"href":"https:\/\/wholesale.vinoos.nl\/de\/wp-json\/wp\/v2\/types\/product"}],"wp:featuredmedia":[{"embeddable":true,"href":"https:\/\/wholesale.vinoos.nl\/de\/wp-json\/wp\/v2\/media\/61617"}],"wp:attachment":[{"href":"https:\/\/wholesale.vinoos.nl\/de\/wp-json\/wp\/v2\/media?parent=61622"}],"wp:term":[{"taxonomy":"product_brand","embeddable":true,"href":"https:\/\/wholesale.vinoos.nl\/de\/wp-json\/wp\/v2\/product_brand?post=61622"},{"taxonomy":"product_cat","embeddable":true,"href":"https:\/\/wholesale.vinoos.nl\/de\/wp-json\/wp\/v2\/product_cat?post=61622"},{"taxonomy":"product_tag","embeddable":true,"href":"https:\/\/wholesale.vinoos.nl\/de\/wp-json\/wp\/v2\/product_tag?post=61622"}],"curies":[{"name":"wp","href":"https:\/\/api.w.org\/{rel}","templated":true}]}}