{"id":61674,"date":"2026-02-02T12:43:42","date_gmt":"2026-02-02T11:43:42","guid":{"rendered":"https:\/\/wholesale.vinoos.nl\/?post_type=product&#038;p=61674"},"modified":"2026-04-27T12:51:25","modified_gmt":"2026-04-27T11:51:25","slug":"kette-sonnen-amber-inner-glow","status":"publish","type":"product","link":"https:\/\/wholesale.vinoos.nl\/de\/produkt\/kette-sonnen-amber-inner-glow\/","title":{"rendered":"Kette Sonnen Amber &#8211; Inner glow."},"content":{"rendered":"<p>Lassen Sie Ihr inneres Licht strahlen mit dieser eleganten Sonnenkette mit bernsteinfarbener Glasperle. Der sonnenf\u00f6rmige Anh\u00e4nger symbolisiert Energie, W\u00e4rme und Positivit\u00e4t, w\u00e4hrend die bernsteinfarbene Perle einen sanften Glanz verleiht, der Kraft und Ausgeglichenheit ausstrahlt. Die Botschaft \u201eInner Glow\u201d erinnert Sie daran, Ihre eigene Kraft und Sch\u00f6nheit anzunehmen \u2013 jeden Tag aufs Neue.<\/p>\n<p>Ein funkelndes und bedeutungsvolles Schmuckst\u00fcck, perfekt, um sich selbst zu verw\u00f6hnen oder jemandem zu schenken, der eine Extraportion Licht gebrauchen kann.<\/p>\n<p>Die l\u00e4ngste Kette ist ca. 46 cm lang und hat eine Verl\u00e4ngerung von ca. 5 cm. Die beiden Ketten haben zusammen einen Verschluss, sodass sie sch\u00f6n zueinander ausgerichtet bleiben.<\/p>\n","protected":false},"excerpt":{"rendered":"<p>Eine raffinierte Kette mit einer warmen Sonne und einer gl\u00e4nzenden Glasperle!<\/p>\n","protected":false},"featured_media":61672,"template":"","meta":{"_acf_changed":false,"_et_pb_use_builder":"","_et_pb_old_content":"","_et_gb_content_width":"","inline_featured_image":false},"product_brand":[],"product_cat":[276,258,256],"product_tag":[],"class_list":{"0":"post-61674","1":"product","2":"type-product","3":"status-publish","4":"has-post-thumbnail","6":"product_cat-colours-of-wine-de","7":"product_cat-kettingen-de","8":"product_cat-real-wine-jewellery","9":"pif-has-gallery","11":"first","12":"instock","13":"taxable","14":"shipping-taxable","15":"product-type-simple"},"acf":[],"_links":{"self":[{"href":"https:\/\/wholesale.vinoos.nl\/de\/wp-json\/wp\/v2\/product\/61674","targetHints":{"allow":["GET"]}}],"collection":[{"href":"https:\/\/wholesale.vinoos.nl\/de\/wp-json\/wp\/v2\/product"}],"about":[{"href":"https:\/\/wholesale.vinoos.nl\/de\/wp-json\/wp\/v2\/types\/product"}],"wp:featuredmedia":[{"embeddable":true,"href":"https:\/\/wholesale.vinoos.nl\/de\/wp-json\/wp\/v2\/media\/61672"}],"wp:attachment":[{"href":"https:\/\/wholesale.vinoos.nl\/de\/wp-json\/wp\/v2\/media?parent=61674"}],"wp:term":[{"taxonomy":"product_brand","embeddable":true,"href":"https:\/\/wholesale.vinoos.nl\/de\/wp-json\/wp\/v2\/product_brand?post=61674"},{"taxonomy":"product_cat","embeddable":true,"href":"https:\/\/wholesale.vinoos.nl\/de\/wp-json\/wp\/v2\/product_cat?post=61674"},{"taxonomy":"product_tag","embeddable":true,"href":"https:\/\/wholesale.vinoos.nl\/de\/wp-json\/wp\/v2\/product_tag?post=61674"}],"curies":[{"name":"wp","href":"https:\/\/api.w.org\/{rel}","templated":true}]}}