{"id":61726,"date":"2026-02-02T13:09:57","date_gmt":"2026-02-02T12:09:57","guid":{"rendered":"https:\/\/wholesale.vinoos.nl\/?post_type=product&#038;p=61726"},"modified":"2026-02-02T13:12:37","modified_gmt":"2026-02-02T12:12:37","slug":"kette-sonnen-ozean-believe-in-yourself","status":"publish","type":"product","link":"https:\/\/wholesale.vinoos.nl\/de\/produkt\/kette-sonnen-ozean-believe-in-yourself\/","title":{"rendered":"Kette Sonnen Ozean &#8211; Believe in yourself."},"content":{"rendered":"<p>Lassen Sie Ihre Kraft und Ihr Selbstvertrauen mit dieser eleganten Sonnenkette mit ozeanfarbener Glasperle strahlen. Der sonnenf\u00f6rmige Anh\u00e4nger steht f\u00fcr Energie, Klarheit und Positivit\u00e4t, w\u00e4hrend die tiefe Ozeanfarbe Ruhe, Inspiration und Konzentration ausstrahlt. Die Botschaft \u201eBelieve in Yourself\u201d erinnert Sie daran, sich selbst zu vertrauen und Ihren eigenen Weg voller Zuversicht zu gehen.<\/p>\n<p>Ein stilvolles und bedeutungsvolles Schmuckst\u00fcck, perfekt, um sich selbst zu verw\u00f6hnen oder jemandem zu schenken, der einen Schub Selbstvertrauen verdient.<\/p>\n<p>Die l\u00e4ngste Kette ist ca. 46 cm lang und hat eine Verl\u00e4ngerung von ca. 5 cm. Die beiden Ketten haben zusammen einen Verschluss, sodass sie sch\u00f6n zueinander ausgerichtet bleiben.<\/p>\n","protected":false},"excerpt":{"rendered":"<p>Eine raffinierte Kette mit einer warmen Sonne und einer gl\u00e4nzenden Glasperle!<\/p>\n","protected":false},"featured_media":61724,"template":"","meta":{"_acf_changed":false,"_et_pb_use_builder":"","_et_pb_old_content":"","_et_gb_content_width":"","inline_featured_image":false},"product_brand":[],"product_cat":[276,258,256],"product_tag":[],"class_list":{"0":"post-61726","1":"product","2":"type-product","3":"status-publish","4":"has-post-thumbnail","6":"product_cat-colours-of-wine-de","7":"product_cat-kettingen-de","8":"product_cat-real-wine-jewellery","9":"pif-has-gallery","11":"first","12":"instock","13":"taxable","14":"shipping-taxable","15":"product-type-simple"},"acf":[],"_links":{"self":[{"href":"https:\/\/wholesale.vinoos.nl\/de\/wp-json\/wp\/v2\/product\/61726","targetHints":{"allow":["GET"]}}],"collection":[{"href":"https:\/\/wholesale.vinoos.nl\/de\/wp-json\/wp\/v2\/product"}],"about":[{"href":"https:\/\/wholesale.vinoos.nl\/de\/wp-json\/wp\/v2\/types\/product"}],"wp:featuredmedia":[{"embeddable":true,"href":"https:\/\/wholesale.vinoos.nl\/de\/wp-json\/wp\/v2\/media\/61724"}],"wp:attachment":[{"href":"https:\/\/wholesale.vinoos.nl\/de\/wp-json\/wp\/v2\/media?parent=61726"}],"wp:term":[{"taxonomy":"product_brand","embeddable":true,"href":"https:\/\/wholesale.vinoos.nl\/de\/wp-json\/wp\/v2\/product_brand?post=61726"},{"taxonomy":"product_cat","embeddable":true,"href":"https:\/\/wholesale.vinoos.nl\/de\/wp-json\/wp\/v2\/product_cat?post=61726"},{"taxonomy":"product_tag","embeddable":true,"href":"https:\/\/wholesale.vinoos.nl\/de\/wp-json\/wp\/v2\/product_tag?post=61726"}],"curies":[{"name":"wp","href":"https:\/\/api.w.org\/{rel}","templated":true}]}}